{"id":2871,"date":"2022-10-24T12:29:22","date_gmt":"2022-10-24T17:29:22","guid":{"rendered":"https:\/\/ink-tech.com\/?post_type=product&#038;p=2871"},"modified":"2025-11-12T13:59:31","modified_gmt":"2025-11-12T18:59:31","slug":"premium-mesh12-banner-8oz","status":"publish","type":"product","link":"https:\/\/ink-tech.com\/fr\/produit\/premium-mesh12-banner-8oz\/","title":{"rendered":"Banni\u00e8re Premium Mesh12-8oz"},"content":{"rendered":"<p>Les banni\u00e8res en maille offrent la meilleure option pour les zones venteuses car elles offrent une moindre r\u00e9sistance au vent. Puisqu'elles sont fabriqu\u00e9es en mat\u00e9riau maill\u00e9 tr\u00e8s r\u00e9sistant, cette banni\u00e8re convient aux applications ext\u00e9rieures. Cette banni\u00e8re est \u00e9galement disponible en diff\u00e9rentes formats avec et sans doublure, vous pouvez donc choisir celle qui convient le mieux \u00e0 vos besoins.<\/p>\n<p>De plus, elle a une longue dur\u00e9e de vie et peut \u00e9galement r\u00e9sister aux rayons UV. N'oubliez pas de commander la v\u00f4tre d\u00e8s aujourd'hui !<\/p>\n<div class=\"wpsm-table wpsm-table-main-color\"><\/p>\n\n<table style=\"height: 228px;\" width=\"742\">\n<tbody>\n<tr>\n<th>ITEM<\/th>\n<th>SKU<\/th>\n<th>DESCRIPTION<\/th>\n<\/tr>\n<tr>\n<td><center><strong>Mesh 12-8oz No Liner<\/strong><\/center><\/td>\n<td><center>MN-12-8-126-165<\/center><\/td>\n<td><center>1000X1000\u00a0 12X12\u00a0 (126&#8221;X165&#8242;)<\/center><\/td>\n<\/tr>\n<tr>\n<td><center><strong>Mesh 12-8oz No Liner<\/strong><\/center><\/td>\n<td><center>MN-12-8-197-165<\/center><\/td>\n<td><center>1000X1000\u00a0 12X12\u00a0 (197&#8221;X165&#8242;)<\/center><\/td>\n<\/tr>\n<tr>\n<td><center><strong>Mesh 12V-8oz With Liner<\/strong><\/center><\/td>\n<td><center>MW-12V-8-126-165<\/center><\/td>\n<td><center>1000X1000\u00a0 12X12\u00a0 (126&#8221;X165&#8242;)<\/center><\/td>\n<\/tr>\n<\/tbody>\n<\/table>\n<p><\/div>\n<h2><\/h2>\n<h2>Parfaitement fait<\/h2>\n<p>Les zones venteuses n\u00e9cessitent un mat\u00e9riau solide qui peut r\u00e9sister aux vents forts et offrir une perm\u00e9abilit\u00e9 \u00e0 l'air maximale. C'est l\u00e0 que notre banni\u00e8re Premium Mesh 12 - 8 oz entre en jeu. Fabriqu\u00e9e \u00e0 partir de mailles de qualit\u00e9 sup\u00e9rieure, cette banni\u00e8re r\u00e9sistante au vent et parfaite pour la publicit\u00e9 dans les zones venteuses. Le tissage en maille minimise la r\u00e9sistance au vent et permet \u00e0 l'air de passer \u00e0 travers le mat\u00e9riau pour que votre publicit\u00e9 se d\u00e9marque !<\/p>\n<h2>APPLICATIONS \/ CARACT\u00c9RISTIQUES<\/h2>\n<ul>\n<li>37% de d\u00e9bit d'air.<\/li>\n<li>Surface douce et propre.<\/li>\n<li>Imprimable recto verso avec encre UV.<\/li>\n<li>Largement utilis\u00e9 dans les \u00e9chafaudages, les th\u00e9\u00e2tres, les d\u00e9cors de t\u00e9l\u00e9vision, les pr\u00e9sentoirs suspendus et les publicit\u00e9s grand format.<\/li>\n<li>Un support en PVC est \u00e9galement disponible, ce qui emp\u00eache la pulv\u00e9risation d'encre lors de l'impression et facilite l'alimentation.<\/li>\n<\/ul>\n<p>&nbsp;<\/p>","protected":false},"excerpt":{"rendered":"<p>Mesh banners offer the best option for windy areas as they provide lesser resistance against the wind. Since they are made of heavy duty mesh material, this banner is suitable for outdoor applications. This mesh banner is also available in different sizes with and without liner, so you can pick the one that suits your [&hellip;]<\/p>\n","protected":false},"featured_media":2878,"comment_status":"open","ping_status":"closed","template":"","meta":[],"store":[172],"product_brand":[],"product_cat":[165],"product_tag":[327],"class_list":{"0":"post-2871","1":"product","2":"type-product","3":"status-publish","4":"has-post-thumbnail","6":"store-digi-ink","7":"product_cat-mesh","8":"product_tag-mesh-banner","10":"first","11":"instock","12":"taxable","13":"shipping-taxable","14":"product-type-simple"},"yoast_head":"<!-- This site is optimized with the Yoast SEO Premium plugin v23.4 (Yoast SEO v27.5) - https:\/\/yoast.com\/product\/yoast-seo-premium-wordpress\/ -->\n<title>Premium Mesh 12 Banner 8oz<\/title>\n<meta name=\"description\" content=\"Mesh banners offer the best option for windy areas as they provide lesser resistance against the wind. Since they are made of heavy duty mesh material,\" \/>\n<meta name=\"robots\" content=\"index, follow, max-snippet:-1, max-image-preview:large, max-video-preview:-1\" \/>\n<link rel=\"canonical\" href=\"https:\/\/ink-tech.com\/fr\/produit\/premium-mesh12-banner-8oz\/\" \/>\n<meta property=\"og:locale\" content=\"fr_CA\" \/>\n<meta property=\"og:type\" content=\"article\" \/>\n<meta property=\"og:title\" content=\"Premium Mesh 12 Banner 8oz\" \/>\n<meta property=\"og:description\" content=\"Mesh banners offer the best option for windy areas as they provide lesser resistance against the wind. Since they are made of heavy duty mesh material,\" \/>\n<meta property=\"og:url\" content=\"https:\/\/ink-tech.com\/fr\/produit\/premium-mesh12-banner-8oz\/\" \/>\n<meta property=\"og:site_name\" content=\"Digi Ink Montreal I Screen Printing Inks &amp; Supplies\" \/>\n<meta property=\"article:modified_time\" content=\"2025-11-12T18:59:31+00:00\" \/>\n<meta property=\"og:image\" content=\"https:\/\/ink-tech.com\/wp-content\/uploads\/2022\/10\/mesh-without-liner.jpg\" \/>\n\t<meta property=\"og:image:width\" content=\"480\" \/>\n\t<meta property=\"og:image:height\" content=\"480\" \/>\n\t<meta property=\"og:image:type\" content=\"image\/jpeg\" \/>\n<meta name=\"twitter:card\" content=\"summary_large_image\" \/>\n<meta name=\"twitter:label1\" content=\"Estimation du temps de lecture\" \/>\n\t<meta name=\"twitter:data1\" content=\"1 minute\" \/>\n<script type=\"application\/ld+json\" class=\"yoast-schema-graph\">{\"@context\":\"https:\\\/\\\/schema.org\",\"@graph\":[{\"@type\":\"WebPage\",\"@id\":\"https:\\\/\\\/ink-tech.com\\\/product\\\/premium-mesh12-banner-8oz\\\/\",\"url\":\"https:\\\/\\\/ink-tech.com\\\/product\\\/premium-mesh12-banner-8oz\\\/\",\"name\":\"Premium Mesh 12 Banner 8oz\",\"isPartOf\":{\"@id\":\"https:\\\/\\\/ink-tech.com\\\/#website\"},\"primaryImageOfPage\":{\"@id\":\"https:\\\/\\\/ink-tech.com\\\/product\\\/premium-mesh12-banner-8oz\\\/#primaryimage\"},\"image\":{\"@id\":\"https:\\\/\\\/ink-tech.com\\\/product\\\/premium-mesh12-banner-8oz\\\/#primaryimage\"},\"thumbnailUrl\":\"https:\\\/\\\/ink-tech.com\\\/wp-content\\\/uploads\\\/2022\\\/10\\\/mesh-without-liner.jpg\",\"datePublished\":\"2022-10-24T17:29:22+00:00\",\"dateModified\":\"2025-11-12T18:59:31+00:00\",\"description\":\"Mesh banners offer the best option for windy areas as they provide lesser resistance against the wind. Since they are made of heavy duty mesh material,\",\"breadcrumb\":{\"@id\":\"https:\\\/\\\/ink-tech.com\\\/product\\\/premium-mesh12-banner-8oz\\\/#breadcrumb\"},\"inLanguage\":\"fr-CA\",\"potentialAction\":[{\"@type\":\"ReadAction\",\"target\":[\"https:\\\/\\\/ink-tech.com\\\/product\\\/premium-mesh12-banner-8oz\\\/\"]}]},{\"@type\":\"ImageObject\",\"inLanguage\":\"fr-CA\",\"@id\":\"https:\\\/\\\/ink-tech.com\\\/product\\\/premium-mesh12-banner-8oz\\\/#primaryimage\",\"url\":\"https:\\\/\\\/ink-tech.com\\\/wp-content\\\/uploads\\\/2022\\\/10\\\/mesh-without-liner.jpg\",\"contentUrl\":\"https:\\\/\\\/ink-tech.com\\\/wp-content\\\/uploads\\\/2022\\\/10\\\/mesh-without-liner.jpg\",\"width\":480,\"height\":480,\"caption\":\"mesh no liner\"},{\"@type\":\"BreadcrumbList\",\"@id\":\"https:\\\/\\\/ink-tech.com\\\/product\\\/premium-mesh12-banner-8oz\\\/#breadcrumb\",\"itemListElement\":[{\"@type\":\"ListItem\",\"position\":1,\"name\":\"Home\",\"item\":\"https:\\\/\\\/ink-tech.com\\\/\"},{\"@type\":\"ListItem\",\"position\":2,\"name\":\"Shop\",\"item\":\"https:\\\/\\\/ink-tech.com\\\/shop\\\/\"},{\"@type\":\"ListItem\",\"position\":3,\"name\":\"Premium Mesh 12 Banner 8oz\"}]},{\"@type\":\"WebSite\",\"@id\":\"https:\\\/\\\/ink-tech.com\\\/#website\",\"url\":\"https:\\\/\\\/ink-tech.com\\\/\",\"name\":\"Digi Ink Technology Montreal I Digi Ink Screen Printing Inks & Supplies\",\"description\":\"Premium Quality Inks at Prices You\u2019ll Love!\",\"publisher\":{\"@id\":\"https:\\\/\\\/ink-tech.com\\\/#organization\"},\"potentialAction\":[{\"@type\":\"SearchAction\",\"target\":{\"@type\":\"EntryPoint\",\"urlTemplate\":\"https:\\\/\\\/ink-tech.com\\\/?s={search_term_string}\"},\"query-input\":{\"@type\":\"PropertyValueSpecification\",\"valueRequired\":true,\"valueName\":\"search_term_string\"}}],\"inLanguage\":\"fr-CA\"},{\"@type\":\"Organization\",\"@id\":\"https:\\\/\\\/ink-tech.com\\\/#organization\",\"name\":\"Digi Ink Technology For Screen Printing Inks & Supplies\",\"alternateName\":\"Digi Ink Technology For Screen Printing Inks & Supplies\",\"url\":\"https:\\\/\\\/ink-tech.com\\\/\",\"logo\":{\"@type\":\"ImageObject\",\"inLanguage\":\"fr-CA\",\"@id\":\"https:\\\/\\\/ink-tech.com\\\/#\\\/schema\\\/logo\\\/image\\\/\",\"url\":\"https:\\\/\\\/ink-tech.com\\\/wp-content\\\/uploads\\\/2024\\\/11\\\/Digi-Ink-Logo.png\",\"contentUrl\":\"https:\\\/\\\/ink-tech.com\\\/wp-content\\\/uploads\\\/2024\\\/11\\\/Digi-Ink-Logo.png\",\"width\":169,\"height\":74,\"caption\":\"Digi Ink Technology For Screen Printing Inks & Supplies\"},\"image\":{\"@id\":\"https:\\\/\\\/ink-tech.com\\\/#\\\/schema\\\/logo\\\/image\\\/\"},\"sameAs\":[\"https:\\\/\\\/www.pinterest.ca\\\/inktechmontreal\"]}]}<\/script>\n<!-- \/ Yoast SEO Premium plugin. -->","yoast_head_json":{"title":"Banni\u00e8re Premium Mesh12-8oz","description":"Mesh banners offer the best option for windy areas as they provide lesser resistance against the wind. Since they are made of heavy duty mesh material,","robots":{"index":"index","follow":"follow","max-snippet":"max-snippet:-1","max-image-preview":"max-image-preview:large","max-video-preview":"max-video-preview:-1"},"canonical":"https:\/\/ink-tech.com\/fr\/produit\/premium-mesh12-banner-8oz\/","og_locale":"fr_CA","og_type":"article","og_title":"Premium Mesh 12 Banner 8oz","og_description":"Mesh banners offer the best option for windy areas as they provide lesser resistance against the wind. Since they are made of heavy duty mesh material,","og_url":"https:\/\/ink-tech.com\/fr\/produit\/premium-mesh12-banner-8oz\/","og_site_name":"Digi Ink Montreal I Screen Printing Inks &amp; Supplies","article_modified_time":"2025-11-12T18:59:31+00:00","og_image":[{"width":480,"height":480,"url":"https:\/\/ink-tech.com\/wp-content\/uploads\/2022\/10\/mesh-without-liner.jpg","type":"image\/jpeg"}],"twitter_card":"summary_large_image","twitter_misc":{"Estimation du temps de lecture":"1 minute"},"schema":{"@context":"https:\/\/schema.org","@graph":[{"@type":"WebPage","@id":"https:\/\/ink-tech.com\/product\/premium-mesh12-banner-8oz\/","url":"https:\/\/ink-tech.com\/product\/premium-mesh12-banner-8oz\/","name":"Banni\u00e8re Premium Mesh12-8oz","isPartOf":{"@id":"https:\/\/ink-tech.com\/#website"},"primaryImageOfPage":{"@id":"https:\/\/ink-tech.com\/product\/premium-mesh12-banner-8oz\/#primaryimage"},"image":{"@id":"https:\/\/ink-tech.com\/product\/premium-mesh12-banner-8oz\/#primaryimage"},"thumbnailUrl":"https:\/\/ink-tech.com\/wp-content\/uploads\/2022\/10\/mesh-without-liner.jpg","datePublished":"2022-10-24T17:29:22+00:00","dateModified":"2025-11-12T18:59:31+00:00","description":"Mesh banners offer the best option for windy areas as they provide lesser resistance against the wind. Since they are made of heavy duty mesh material,","breadcrumb":{"@id":"https:\/\/ink-tech.com\/product\/premium-mesh12-banner-8oz\/#breadcrumb"},"inLanguage":"fr-CA","potentialAction":[{"@type":"ReadAction","target":["https:\/\/ink-tech.com\/product\/premium-mesh12-banner-8oz\/"]}]},{"@type":"ImageObject","inLanguage":"fr-CA","@id":"https:\/\/ink-tech.com\/product\/premium-mesh12-banner-8oz\/#primaryimage","url":"https:\/\/ink-tech.com\/wp-content\/uploads\/2022\/10\/mesh-without-liner.jpg","contentUrl":"https:\/\/ink-tech.com\/wp-content\/uploads\/2022\/10\/mesh-without-liner.jpg","width":480,"height":480,"caption":"mesh no liner"},{"@type":"BreadcrumbList","@id":"https:\/\/ink-tech.com\/product\/premium-mesh12-banner-8oz\/#breadcrumb","itemListElement":[{"@type":"ListItem","position":1,"name":"Home","item":"https:\/\/ink-tech.com\/"},{"@type":"ListItem","position":2,"name":"Shop","item":"https:\/\/ink-tech.com\/shop\/"},{"@type":"ListItem","position":3,"name":"Premium Mesh 12 Banner 8oz"}]},{"@type":"WebSite","@id":"https:\/\/ink-tech.com\/#website","url":"https:\/\/ink-tech.com\/","name":"Digi Ink Technology Montreal I Digi Ink Screen Printing Inks & Supplies","description":"Premium Quality Inks at Prices You\u2019ll Love!","publisher":{"@id":"https:\/\/ink-tech.com\/#organization"},"potentialAction":[{"@type":"SearchAction","target":{"@type":"EntryPoint","urlTemplate":"https:\/\/ink-tech.com\/?s={search_term_string}"},"query-input":{"@type":"PropertyValueSpecification","valueRequired":true,"valueName":"search_term_string"}}],"inLanguage":"fr-CA"},{"@type":"Organization","@id":"https:\/\/ink-tech.com\/#organization","name":"Digi Ink Technology For Screen Printing Inks & Supplies","alternateName":"Digi Ink Technology For Screen Printing Inks & Supplies","url":"https:\/\/ink-tech.com\/","logo":{"@type":"ImageObject","inLanguage":"fr-CA","@id":"https:\/\/ink-tech.com\/#\/schema\/logo\/image\/","url":"https:\/\/ink-tech.com\/wp-content\/uploads\/2024\/11\/Digi-Ink-Logo.png","contentUrl":"https:\/\/ink-tech.com\/wp-content\/uploads\/2024\/11\/Digi-Ink-Logo.png","width":169,"height":74,"caption":"Digi Ink Technology For Screen Printing Inks & Supplies"},"image":{"@id":"https:\/\/ink-tech.com\/#\/schema\/logo\/image\/"},"sameAs":["https:\/\/www.pinterest.ca\/inktechmontreal"]}]}},"_links":{"self":[{"href":"https:\/\/ink-tech.com\/fr\/wp-json\/wp\/v2\/product\/2871","targetHints":{"allow":["GET"]}}],"collection":[{"href":"https:\/\/ink-tech.com\/fr\/wp-json\/wp\/v2\/product"}],"about":[{"href":"https:\/\/ink-tech.com\/fr\/wp-json\/wp\/v2\/types\/product"}],"replies":[{"embeddable":true,"href":"https:\/\/ink-tech.com\/fr\/wp-json\/wp\/v2\/comments?post=2871"}],"wp:featuredmedia":[{"embeddable":true,"href":"https:\/\/ink-tech.com\/fr\/wp-json\/wp\/v2\/media\/2878"}],"wp:attachment":[{"href":"https:\/\/ink-tech.com\/fr\/wp-json\/wp\/v2\/media?parent=2871"}],"wp:term":[{"taxonomy":"store","embeddable":true,"href":"https:\/\/ink-tech.com\/fr\/wp-json\/wp\/v2\/store?post=2871"},{"taxonomy":"product_brand","embeddable":true,"href":"https:\/\/ink-tech.com\/fr\/wp-json\/wp\/v2\/product_brand?post=2871"},{"taxonomy":"product_cat","embeddable":true,"href":"https:\/\/ink-tech.com\/fr\/wp-json\/wp\/v2\/product_cat?post=2871"},{"taxonomy":"product_tag","embeddable":true,"href":"https:\/\/ink-tech.com\/fr\/wp-json\/wp\/v2\/product_tag?post=2871"}],"curies":[{"name":"wp","href":"https:\/\/api.w.org\/{rel}","templated":true}]}}