{"id":2867,"date":"2022-10-21T10:27:06","date_gmt":"2022-10-21T15:27:06","guid":{"rendered":"https:\/\/ink-tech.com\/?post_type=product&#038;p=2867"},"modified":"2025-11-12T13:59:45","modified_gmt":"2025-11-12T18:59:45","slug":"frontlit-matte","status":"publish","type":"product","link":"https:\/\/ink-tech.com\/fr\/produit\/frontlit-matte\/","title":{"rendered":"Frontlit Matte"},"content":{"rendered":"<p><strong>Banniere Frontlit Matte<\/strong><br \/>\nLa plus populaire de publicit\u00e9 unilat\u00e9rale, utilis\u00e9 principalement \u00e0 l\u2019ext\u00e9rieur. Cela permet d\u2019offrir des produits parfaits pour diff\u00e9rents types d\u2019affichage en fonction des attentes.<br \/>\nFrontlit peut \u00eatre utilis\u00e9 aussi bien \u00e0 l'int\u00e9rieur qu'\u00e0 l'ext\u00e9rieur. Il n'a pas de structure en forme de maillage, ce qui rend le niveau de finition meilleur qu'avec le maillage.<\/p>\n<div class=\"wpsm-table wpsm-table-main-color\"><\/p>\n\n<table style=\"height: 228px;\" width=\"742\">\n<tbody>\n<tr>\n<th>SKU<\/th>\n<th>ITEM<\/th>\n<th>DESCRIPTION<\/th>\n<th>DEMENSTION<\/th>\n<th>WEIGHT<\/th>\n<\/tr>\n<tr>\n<td><center>FL-15-126-165<\/center><\/td>\n<td><center><strong>Frontlit Blanc Matte 15 OZ<\/strong><\/center><\/td>\n<td><center>1000X1000\u00a0 18X18\u00a0<\/center><\/td>\n<td>(126&#8221;X165&#8242;)<\/td>\n<td>220 LB<\/td>\n<\/tr>\n<tr>\n<td><center>FL-13-126-165<\/center><\/td>\n<td><center><strong>Frontlit Blanc Matte 13 OZ<\/strong><\/center><\/td>\n<td><center>1000X1000\u00a0 9X9\u00a0<\/center><\/td>\n<td>(126&#8221;X165&#8242;)<\/td>\n<td>187 LB<\/td>\n<\/tr>\n<tr>\n<td><center>FL-13-197-165<\/center><\/td>\n<td><center><strong>Frontlit Blanc Matte 13 OZ<\/strong><\/center><\/td>\n<td><center>1000X1000\u00a0 9X9\u00a0<\/center><\/td>\n<td>(197&#8221;X165&#8242;)<\/td>\n<td>297 LB<\/td>\n<\/tr>\n<tr>\n<td><center>FL-13-54-165<\/center><\/td>\n<td><center><strong>Frontlit Blanc Matte 13 OZ<\/strong><\/center><\/td>\n<td><center>500X500\u00a0 9X9<\/center><\/td>\n<td>(54&#8221;X165&#8242;)<\/td>\n<td>85 LB<\/td>\n<\/tr>\n<\/tbody>\n<\/table>\n<p><\/div>\n<h2><\/h2>\n<h2>Caract\u00e9ristiques<\/h2>\n<p>La banni\u00e8re Frontlit est la solution id\u00e9ale pour l'utilisation  ext\u00e9rieur \u00e0 long terme avec une bonne imprimabilit\u00e9 num\u00e9rique, pr\u00e9sente une intensit\u00e9 et une durabilit\u00e9 \u00e9lev\u00e9es. La banni\u00e8re \u00e9clair\u00e9e \u00e0 l'avant enduite de PVC CRD est compatible avec les encres \u00e0 base de solvant, d'\u00e9co-solvant, d'UV et de latex.<br \/>\n<div class=\"wpsm-table wpsm-table-main-color\"><\/p>\n\n<table style=\"height: 228px;\" width=\"742\">\n<tbody>\n<tr>\n<th>ITEM<\/th>\n<th>FEATURES &amp; APPLICATIONS<\/th>\n<\/tr>\n<tr>\n<td><center><strong>Frontlit Blanc Matte 15 OZ<\/strong><\/center><\/td>\n<td>Surface opaque blanche pour un affichage frontal de haute qualit\u00e9<br \/>\nR\u00e9sistant et durable<br \/>\nBanni\u00e8res Matte et surface lisse<br \/>\nExcellent pour les panneaux d'affichage ext\u00e9rieurs \u00e0 long terme<\/td>\n<\/tr>\n<tr>\n<td><center><strong>Frontlit Blanc Matte 13 OZ<\/strong><\/center><\/td>\n<td>Finition matte disponible<br \/>\nSp\u00e9cialement con\u00e7u pour les panneaux publicitaires<br \/>\nUtilisation int\u00e9rieur et ext\u00e9rieur<br \/>\nTissu de base solide et durable<\/td>\n<\/tr>\n<\/tbody>\n<\/table>\n<p><\/div><\/p>\n<p><strong>Responsabilit\u00e9<\/strong><br \/>\nToutes les informations ci-dessus ne doivent \u00eatre utilis\u00e9es qu\u2019\u00e0 titre indicatif. Les acheteurs doivent tester et d\u00e9terminer ind\u00e9pendamment l\u2019ad\u00e9quation des produits. Les donn\u00e9es mentionn\u00e9es sont la moyenne des r\u00e9sultats des tests et ne doivent pas \u00eatre utilis\u00e9es \u00e0 des fins de poursuite ou de garantie.<\/p>","protected":false},"excerpt":{"rendered":"<p>Frontlit Matte banners. The most popular type of one-sided advertisement, used mainly outdoors. This enables us to offer perfect products for various types of display, depending on expectations. Frontlit can be used both indoors and outdoors. It has no mesh-like structure which makes the level of detail better than with mesh. Features Frontlit banner is [&hellip;]<\/p>\n","protected":false},"featured_media":2877,"comment_status":"open","ping_status":"closed","template":"","meta":[],"store":[172],"product_brand":[],"product_cat":[164],"product_tag":[],"class_list":{"0":"post-2867","1":"product","2":"type-product","3":"status-publish","4":"has-post-thumbnail","6":"store-digi-ink","7":"product_cat-frontlit-matte1","9":"first","10":"instock","11":"taxable","12":"shipping-taxable","13":"product-type-simple"},"yoast_head":"<!-- This site is optimized with the Yoast SEO Premium plugin v23.4 (Yoast SEO v27.5) - https:\/\/yoast.com\/product\/yoast-seo-premium-wordpress\/ -->\n<title>Frontlit Matte &#8211;<\/title>\n<meta name=\"description\" content=\"Frontlit Matte banners. The most popular type of one-sided advertisement, used mainly outdoors. This enables us to offer perfect products for various\" \/>\n<meta name=\"robots\" content=\"index, follow, max-snippet:-1, max-image-preview:large, max-video-preview:-1\" \/>\n<link rel=\"canonical\" href=\"https:\/\/ink-tech.com\/fr\/produit\/frontlit-matte\/\" \/>\n<meta property=\"og:locale\" content=\"fr_CA\" \/>\n<meta property=\"og:type\" content=\"article\" \/>\n<meta property=\"og:title\" content=\"Frontlit Matte\" \/>\n<meta property=\"og:description\" content=\"Frontlit Matte banners. The most popular type of one-sided advertisement, used mainly outdoors. This enables us to offer perfect products for various\" \/>\n<meta property=\"og:url\" content=\"https:\/\/ink-tech.com\/fr\/produit\/frontlit-matte\/\" \/>\n<meta property=\"og:site_name\" content=\"Digi Ink Montreal I Screen Printing Inks &amp; Supplies\" \/>\n<meta property=\"article:modified_time\" content=\"2025-11-12T18:59:45+00:00\" \/>\n<meta property=\"og:image\" content=\"https:\/\/ink-tech.com\/wp-content\/uploads\/2022\/10\/Frontlit-matte-1.jpg\" \/>\n\t<meta property=\"og:image:width\" content=\"542\" \/>\n\t<meta property=\"og:image:height\" content=\"405\" \/>\n\t<meta property=\"og:image:type\" content=\"image\/jpeg\" \/>\n<meta name=\"twitter:card\" content=\"summary_large_image\" \/>\n<meta name=\"twitter:label1\" content=\"Estimation du temps de lecture\" \/>\n\t<meta name=\"twitter:data1\" content=\"1 minute\" \/>\n<script type=\"application\/ld+json\" class=\"yoast-schema-graph\">{\"@context\":\"https:\\\/\\\/schema.org\",\"@graph\":[{\"@type\":\"WebPage\",\"@id\":\"https:\\\/\\\/ink-tech.com\\\/product\\\/frontlit-matte\\\/\",\"url\":\"https:\\\/\\\/ink-tech.com\\\/product\\\/frontlit-matte\\\/\",\"name\":\"Frontlit Matte &#8211;\",\"isPartOf\":{\"@id\":\"https:\\\/\\\/ink-tech.com\\\/#website\"},\"primaryImageOfPage\":{\"@id\":\"https:\\\/\\\/ink-tech.com\\\/product\\\/frontlit-matte\\\/#primaryimage\"},\"image\":{\"@id\":\"https:\\\/\\\/ink-tech.com\\\/product\\\/frontlit-matte\\\/#primaryimage\"},\"thumbnailUrl\":\"https:\\\/\\\/ink-tech.com\\\/wp-content\\\/uploads\\\/2022\\\/10\\\/Frontlit-matte-1.jpg\",\"datePublished\":\"2022-10-21T15:27:06+00:00\",\"dateModified\":\"2025-11-12T18:59:45+00:00\",\"description\":\"Frontlit Matte banners. The most popular type of one-sided advertisement, used mainly outdoors. This enables us to offer perfect products for various\",\"breadcrumb\":{\"@id\":\"https:\\\/\\\/ink-tech.com\\\/product\\\/frontlit-matte\\\/#breadcrumb\"},\"inLanguage\":\"fr-CA\",\"potentialAction\":[{\"@type\":\"ReadAction\",\"target\":[\"https:\\\/\\\/ink-tech.com\\\/product\\\/frontlit-matte\\\/\"]}]},{\"@type\":\"ImageObject\",\"inLanguage\":\"fr-CA\",\"@id\":\"https:\\\/\\\/ink-tech.com\\\/product\\\/frontlit-matte\\\/#primaryimage\",\"url\":\"https:\\\/\\\/ink-tech.com\\\/wp-content\\\/uploads\\\/2022\\\/10\\\/Frontlit-matte-1.jpg\",\"contentUrl\":\"https:\\\/\\\/ink-tech.com\\\/wp-content\\\/uploads\\\/2022\\\/10\\\/Frontlit-matte-1.jpg\",\"width\":542,\"height\":405,\"caption\":\"Frontlit matte\"},{\"@type\":\"BreadcrumbList\",\"@id\":\"https:\\\/\\\/ink-tech.com\\\/product\\\/frontlit-matte\\\/#breadcrumb\",\"itemListElement\":[{\"@type\":\"ListItem\",\"position\":1,\"name\":\"Home\",\"item\":\"https:\\\/\\\/ink-tech.com\\\/\"},{\"@type\":\"ListItem\",\"position\":2,\"name\":\"Shop\",\"item\":\"https:\\\/\\\/ink-tech.com\\\/shop\\\/\"},{\"@type\":\"ListItem\",\"position\":3,\"name\":\"Frontlit Matte\"}]},{\"@type\":\"WebSite\",\"@id\":\"https:\\\/\\\/ink-tech.com\\\/#website\",\"url\":\"https:\\\/\\\/ink-tech.com\\\/\",\"name\":\"Digi Ink Technology Montreal I Digi Ink Screen Printing Inks & Supplies\",\"description\":\"Premium Quality Inks at Prices You\u2019ll Love!\",\"publisher\":{\"@id\":\"https:\\\/\\\/ink-tech.com\\\/#organization\"},\"potentialAction\":[{\"@type\":\"SearchAction\",\"target\":{\"@type\":\"EntryPoint\",\"urlTemplate\":\"https:\\\/\\\/ink-tech.com\\\/?s={search_term_string}\"},\"query-input\":{\"@type\":\"PropertyValueSpecification\",\"valueRequired\":true,\"valueName\":\"search_term_string\"}}],\"inLanguage\":\"fr-CA\"},{\"@type\":\"Organization\",\"@id\":\"https:\\\/\\\/ink-tech.com\\\/#organization\",\"name\":\"Digi Ink Technology For Screen Printing Inks & Supplies\",\"alternateName\":\"Digi Ink Technology For Screen Printing Inks & Supplies\",\"url\":\"https:\\\/\\\/ink-tech.com\\\/\",\"logo\":{\"@type\":\"ImageObject\",\"inLanguage\":\"fr-CA\",\"@id\":\"https:\\\/\\\/ink-tech.com\\\/#\\\/schema\\\/logo\\\/image\\\/\",\"url\":\"https:\\\/\\\/ink-tech.com\\\/wp-content\\\/uploads\\\/2024\\\/11\\\/Digi-Ink-Logo.png\",\"contentUrl\":\"https:\\\/\\\/ink-tech.com\\\/wp-content\\\/uploads\\\/2024\\\/11\\\/Digi-Ink-Logo.png\",\"width\":169,\"height\":74,\"caption\":\"Digi Ink Technology For Screen Printing Inks & Supplies\"},\"image\":{\"@id\":\"https:\\\/\\\/ink-tech.com\\\/#\\\/schema\\\/logo\\\/image\\\/\"},\"sameAs\":[\"https:\\\/\\\/www.pinterest.ca\\\/inktechmontreal\"]}]}<\/script>\n<!-- \/ Yoast SEO Premium plugin. -->","yoast_head_json":{"title":"Frontlit Matte &#8211;","description":"Frontlit Matte banners. The most popular type of one-sided advertisement, used mainly outdoors. This enables us to offer perfect products for various","robots":{"index":"index","follow":"follow","max-snippet":"max-snippet:-1","max-image-preview":"max-image-preview:large","max-video-preview":"max-video-preview:-1"},"canonical":"https:\/\/ink-tech.com\/fr\/produit\/frontlit-matte\/","og_locale":"fr_CA","og_type":"article","og_title":"Frontlit Matte","og_description":"Frontlit Matte banners. The most popular type of one-sided advertisement, used mainly outdoors. This enables us to offer perfect products for various","og_url":"https:\/\/ink-tech.com\/fr\/produit\/frontlit-matte\/","og_site_name":"Digi Ink Montreal I Screen Printing Inks &amp; Supplies","article_modified_time":"2025-11-12T18:59:45+00:00","og_image":[{"width":542,"height":405,"url":"https:\/\/ink-tech.com\/wp-content\/uploads\/2022\/10\/Frontlit-matte-1.jpg","type":"image\/jpeg"}],"twitter_card":"summary_large_image","twitter_misc":{"Estimation du temps de lecture":"1 minute"},"schema":{"@context":"https:\/\/schema.org","@graph":[{"@type":"WebPage","@id":"https:\/\/ink-tech.com\/product\/frontlit-matte\/","url":"https:\/\/ink-tech.com\/product\/frontlit-matte\/","name":"Frontlit Matte &#8211;","isPartOf":{"@id":"https:\/\/ink-tech.com\/#website"},"primaryImageOfPage":{"@id":"https:\/\/ink-tech.com\/product\/frontlit-matte\/#primaryimage"},"image":{"@id":"https:\/\/ink-tech.com\/product\/frontlit-matte\/#primaryimage"},"thumbnailUrl":"https:\/\/ink-tech.com\/wp-content\/uploads\/2022\/10\/Frontlit-matte-1.jpg","datePublished":"2022-10-21T15:27:06+00:00","dateModified":"2025-11-12T18:59:45+00:00","description":"Frontlit Matte banners. The most popular type of one-sided advertisement, used mainly outdoors. This enables us to offer perfect products for various","breadcrumb":{"@id":"https:\/\/ink-tech.com\/product\/frontlit-matte\/#breadcrumb"},"inLanguage":"fr-CA","potentialAction":[{"@type":"ReadAction","target":["https:\/\/ink-tech.com\/product\/frontlit-matte\/"]}]},{"@type":"ImageObject","inLanguage":"fr-CA","@id":"https:\/\/ink-tech.com\/product\/frontlit-matte\/#primaryimage","url":"https:\/\/ink-tech.com\/wp-content\/uploads\/2022\/10\/Frontlit-matte-1.jpg","contentUrl":"https:\/\/ink-tech.com\/wp-content\/uploads\/2022\/10\/Frontlit-matte-1.jpg","width":542,"height":405,"caption":"Frontlit matte"},{"@type":"BreadcrumbList","@id":"https:\/\/ink-tech.com\/product\/frontlit-matte\/#breadcrumb","itemListElement":[{"@type":"ListItem","position":1,"name":"Home","item":"https:\/\/ink-tech.com\/"},{"@type":"ListItem","position":2,"name":"Shop","item":"https:\/\/ink-tech.com\/shop\/"},{"@type":"ListItem","position":3,"name":"Frontlit Matte"}]},{"@type":"WebSite","@id":"https:\/\/ink-tech.com\/#website","url":"https:\/\/ink-tech.com\/","name":"Digi Ink Technology Montreal I Digi Ink Screen Printing Inks & Supplies","description":"Premium Quality Inks at Prices You\u2019ll Love!","publisher":{"@id":"https:\/\/ink-tech.com\/#organization"},"potentialAction":[{"@type":"SearchAction","target":{"@type":"EntryPoint","urlTemplate":"https:\/\/ink-tech.com\/?s={search_term_string}"},"query-input":{"@type":"PropertyValueSpecification","valueRequired":true,"valueName":"search_term_string"}}],"inLanguage":"fr-CA"},{"@type":"Organization","@id":"https:\/\/ink-tech.com\/#organization","name":"Digi Ink Technology For Screen Printing Inks & Supplies","alternateName":"Digi Ink Technology For Screen Printing Inks & Supplies","url":"https:\/\/ink-tech.com\/","logo":{"@type":"ImageObject","inLanguage":"fr-CA","@id":"https:\/\/ink-tech.com\/#\/schema\/logo\/image\/","url":"https:\/\/ink-tech.com\/wp-content\/uploads\/2024\/11\/Digi-Ink-Logo.png","contentUrl":"https:\/\/ink-tech.com\/wp-content\/uploads\/2024\/11\/Digi-Ink-Logo.png","width":169,"height":74,"caption":"Digi Ink Technology For Screen Printing Inks & Supplies"},"image":{"@id":"https:\/\/ink-tech.com\/#\/schema\/logo\/image\/"},"sameAs":["https:\/\/www.pinterest.ca\/inktechmontreal"]}]}},"_links":{"self":[{"href":"https:\/\/ink-tech.com\/fr\/wp-json\/wp\/v2\/product\/2867","targetHints":{"allow":["GET"]}}],"collection":[{"href":"https:\/\/ink-tech.com\/fr\/wp-json\/wp\/v2\/product"}],"about":[{"href":"https:\/\/ink-tech.com\/fr\/wp-json\/wp\/v2\/types\/product"}],"replies":[{"embeddable":true,"href":"https:\/\/ink-tech.com\/fr\/wp-json\/wp\/v2\/comments?post=2867"}],"wp:featuredmedia":[{"embeddable":true,"href":"https:\/\/ink-tech.com\/fr\/wp-json\/wp\/v2\/media\/2877"}],"wp:attachment":[{"href":"https:\/\/ink-tech.com\/fr\/wp-json\/wp\/v2\/media?parent=2867"}],"wp:term":[{"taxonomy":"store","embeddable":true,"href":"https:\/\/ink-tech.com\/fr\/wp-json\/wp\/v2\/store?post=2867"},{"taxonomy":"product_brand","embeddable":true,"href":"https:\/\/ink-tech.com\/fr\/wp-json\/wp\/v2\/product_brand?post=2867"},{"taxonomy":"product_cat","embeddable":true,"href":"https:\/\/ink-tech.com\/fr\/wp-json\/wp\/v2\/product_cat?post=2867"},{"taxonomy":"product_tag","embeddable":true,"href":"https:\/\/ink-tech.com\/fr\/wp-json\/wp\/v2\/product_tag?post=2867"}],"curies":[{"name":"wp","href":"https:\/\/api.w.org\/{rel}","templated":true}]}}