{"id":2864,"date":"2022-10-20T14:27:25","date_gmt":"2022-10-20T19:27:25","guid":{"rendered":"https:\/\/ink-tech.com\/?post_type=product&#038;p=2864"},"modified":"2025-11-12T14:01:06","modified_gmt":"2025-11-12T19:01:06","slug":"blockout-matte","status":"publish","type":"product","link":"https:\/\/ink-tech.com\/fr\/produit\/blockout-matte\/","title":{"rendered":"Blockout Matte"},"content":{"rendered":"<p>Blockout Super Smooth est con\u00e7u d'\u00eatre imprim\u00e9 avec des solvants,  \u00e9cosolvants et des encres UV.<br \/>\nAvailable in 14oz-15oz-18oz and 22oz.<\/p>\n<div class=\"wpsm-table wpsm-table-main-color\"><\/p>\n\n<table style=\"height: 228px;\" width=\"742\">\n<tbody>\n<tr>\n<th>SKU<\/th>\n<th>ITEM<\/th>\n<th>DESCRIPTION<\/th>\n<th>DEMENSTION<\/th>\n<th>WEIGHT<\/th>\n<\/tr>\n<tr>\n<td>BM-22-126-165<\/td>\n<td><center><strong>Blockout Blanc Matte 22 OZ<\/strong><\/center><\/td>\n<td><center>1000X1000\u00a0 18X18<\/center><\/td>\n<td>(126&#8221;X165&#8242;)<\/td>\n<td>300 LB<\/td>\n<\/tr>\n<tr>\n<td>BM-18-126-165<\/td>\n<td><center><strong>Blockout Blanc Matte 22 OZ<\/strong><\/center><\/td>\n<td><center>1000X1000\u00a0 9X9<\/center><\/td>\n<td>(126&#8221;X165&#8242;)<\/td>\n<td>240 LB<\/td>\n<\/tr>\n<tr>\n<td>BME-15-126-165<\/td>\n<td><center><strong>Blockout Blanc Matte 15 OZ<\/strong><\/center><\/td>\n<td><center>1000X1000\u00a0 9X9\u00a0SSP EXT. SINGLE SIDE<\/center><\/td>\n<td>(126&#8221;X165&#8242;)<\/td>\n<td>220 LB<\/td>\n<\/tr>\n<tr>\n<td>BMI-15-126-165<\/td>\n<td><center><strong>Blockout Blanc Matte 15 OZ<\/strong><\/center><\/td>\n<td><center>250X250\u00a0 36X36 INTERIEUR<\/center><\/td>\n<td>(126&#8221;X165&#8242;)<\/td>\n<td>204 LB<\/td>\n<\/tr>\n<tr>\n<td>BM-14-126-165<\/td>\n<td><center><strong>Blockout Blanc Matte 14 OZ<\/strong><\/center><\/td>\n<td><center>200X200 18X18\u00a0<\/center><\/td>\n<td>(126&#8221;X165&#8242;)<\/td>\n<td>194 LB<\/td>\n<\/tr>\n<\/tbody>\n<\/table>\n<p><\/div>\n<h2><\/h2>\n<h2>Caract\u00e9ristiques<\/h2>\n<p>La banni\u00e8re blockout pocede une surface lisse qui offre un aspect de qualit\u00e9, id\u00e9ale pour les graphiques de haute r\u00e9solution.<br \/>\nLe produit est con\u00e7u pour une utilisation int\u00e9rieur et ext\u00e9rieur.<br \/>\n<div class=\"wpsm-table wpsm-table-main-color\"><\/p>\n\n<table style=\"height: 228px;\" width=\"742\">\n<tbody>\n<tr>\n<th>ITEM<\/th>\n<th>FEATURES &amp; APPLICATIONS<\/th>\n<\/tr>\n<tr>\n<td><center><strong>Blockout Blanc Matte 22 OZ<\/strong><\/center><\/td>\n<td>Tissu \u00e0 tr\u00e8s haute t\u00e9nacit\u00e9<br \/>\nSurface mate et d\u00e9licate<br \/>\nId\u00e9al pour l\u2019ext\u00e9rieur dans des conditions difficiles<br \/>\nEncre imprimable, Solvant, Eco-solvant et UV<\/td>\n<\/tr>\n<tr>\n<td><center><strong>Blockout Blanc Matte 22 OZ<\/strong><\/center><\/td>\n<td>Tissu de base robuste t\u00e9nacit\u00e9, surface lisse<br \/>\nId\u00e9al \u00e0 long terme pour une utilisation ext\u00e9rieur avec une parfaite opacit\u00e9<br \/>\nImprimable des deux c\u00f4t\u00e9s.<br \/>\nEncre imprimable, Solvant, Eco-solvant et UV<\/td>\n<\/tr>\n<tr>\n<td><center><strong>Blockout Blanc Matte 15 OZ<\/strong><\/center><\/td>\n<td>Super solide et durable avec douceur<br \/>\nExcellent pour les panneaux d\u2019affichage ext\u00e9rieurs et les banni\u00e8res \u00e0 long terme<br \/>\nEncre imprimable, Solvant, Eco-solvant et UV<\/td>\n<\/tr>\n<tr>\n<td><center><strong>Blockout Blanc Matte 14 OZ<\/strong><\/center><\/td>\n<td>Impression de haute qualit\u00e9. Id\u00e9al pour une application en int\u00e9rieur<br \/>\nou \u00e0 l\u2019ext\u00e9rieur dans des conditions normales<br \/>\nEncre imprimable, Solvant, Eco-solvant et UV<\/td>\n<\/tr>\n<\/tbody>\n<\/table>\n<p><\/div><\/p>\n<p><strong>Responsabilit\u00e9<\/strong><br \/>\nToutes les informations ci-dessus ne doivent \u00eatre utilis\u00e9es qu\u2019\u00e0 titre indicatif. Les acheteurs doivent tester et d\u00e9terminer ind\u00e9pendamment l\u2019ad\u00e9quation des produits. Les donn\u00e9es mentionn\u00e9es sont la moyenne des r\u00e9sultats des tests et ne doivent pas \u00eatre utilis\u00e9es \u00e0 des fins de poursuite ou de garantie.<\/p>","protected":false},"excerpt":{"rendered":"<p>Super Smooth\u00a0Blockout has a low-curl formula and works with solvent, eco-solvent, screen printing and UV inks. Available in 14oz-15oz-18oz and 22oz. Features Blockout is\u00a0 scrimless, blockout banner material. The smooth surface provides a quality look and is ideal for high resolution graphics. The material is designed for indoor and outdoor use. Disclaimer : All above [&hellip;]<\/p>\n","protected":false},"featured_media":2928,"comment_status":"open","ping_status":"closed","template":"","meta":[],"store":[172],"product_brand":[],"product_cat":[162],"product_tag":[328],"class_list":{"0":"post-2864","1":"product","2":"type-product","3":"status-publish","4":"has-post-thumbnail","6":"store-digi-ink","7":"product_cat-blockout-matte","8":"product_tag-blockout-banner","10":"first","11":"instock","12":"taxable","13":"shipping-taxable","14":"product-type-simple"},"yoast_head":"<!-- This site is optimized with the Yoast SEO Premium plugin v23.4 (Yoast SEO v27.5) - https:\/\/yoast.com\/product\/yoast-seo-premium-wordpress\/ -->\n<title>Blockout Matte<\/title>\n<meta name=\"description\" content=\"Super Smooth\u00a0Blockout has a low-curl formula and works with solvent, eco-solvent, screen printing and UV inks. Available in 14oz-15oz-18oz and 22oz.\" \/>\n<meta name=\"robots\" content=\"index, follow, max-snippet:-1, max-image-preview:large, max-video-preview:-1\" \/>\n<link rel=\"canonical\" href=\"https:\/\/ink-tech.com\/fr\/produit\/blockout-matte\/\" \/>\n<meta property=\"og:locale\" content=\"fr_CA\" \/>\n<meta property=\"og:type\" content=\"article\" \/>\n<meta property=\"og:title\" content=\"Blockout Matte\" \/>\n<meta property=\"og:description\" content=\"Super Smooth\u00a0Blockout has a low-curl formula and works with solvent, eco-solvent, screen printing and UV inks. Available in 14oz-15oz-18oz and 22oz.\" \/>\n<meta property=\"og:url\" content=\"https:\/\/ink-tech.com\/fr\/produit\/blockout-matte\/\" \/>\n<meta property=\"og:site_name\" content=\"Digi Ink Montreal I Screen Printing Inks &amp; Supplies\" \/>\n<meta property=\"article:modified_time\" content=\"2025-11-12T19:01:06+00:00\" \/>\n<meta property=\"og:image\" content=\"https:\/\/ink-tech.com\/wp-content\/uploads\/2022\/10\/Banners-large-format.jpg\" \/>\n\t<meta property=\"og:image:width\" content=\"433\" \/>\n\t<meta property=\"og:image:height\" content=\"292\" \/>\n\t<meta property=\"og:image:type\" content=\"image\/jpeg\" \/>\n<meta name=\"twitter:card\" content=\"summary_large_image\" \/>\n<meta name=\"twitter:label1\" content=\"Estimation du temps de lecture\" \/>\n\t<meta name=\"twitter:data1\" content=\"2 minutes\" \/>\n<script type=\"application\/ld+json\" class=\"yoast-schema-graph\">{\"@context\":\"https:\\\/\\\/schema.org\",\"@graph\":[{\"@type\":\"WebPage\",\"@id\":\"https:\\\/\\\/ink-tech.com\\\/product\\\/blockout-matte\\\/\",\"url\":\"https:\\\/\\\/ink-tech.com\\\/product\\\/blockout-matte\\\/\",\"name\":\"Blockout Matte\",\"isPartOf\":{\"@id\":\"https:\\\/\\\/ink-tech.com\\\/#website\"},\"primaryImageOfPage\":{\"@id\":\"https:\\\/\\\/ink-tech.com\\\/product\\\/blockout-matte\\\/#primaryimage\"},\"image\":{\"@id\":\"https:\\\/\\\/ink-tech.com\\\/product\\\/blockout-matte\\\/#primaryimage\"},\"thumbnailUrl\":\"https:\\\/\\\/ink-tech.com\\\/wp-content\\\/uploads\\\/2022\\\/10\\\/Banners-large-format.jpg\",\"datePublished\":\"2022-10-20T19:27:25+00:00\",\"dateModified\":\"2025-11-12T19:01:06+00:00\",\"description\":\"Super Smooth\u00a0Blockout has a low-curl formula and works with solvent, eco-solvent, screen printing and UV inks. Available in 14oz-15oz-18oz and 22oz.\",\"breadcrumb\":{\"@id\":\"https:\\\/\\\/ink-tech.com\\\/product\\\/blockout-matte\\\/#breadcrumb\"},\"inLanguage\":\"fr-CA\",\"potentialAction\":[{\"@type\":\"ReadAction\",\"target\":[\"https:\\\/\\\/ink-tech.com\\\/product\\\/blockout-matte\\\/\"]}]},{\"@type\":\"ImageObject\",\"inLanguage\":\"fr-CA\",\"@id\":\"https:\\\/\\\/ink-tech.com\\\/product\\\/blockout-matte\\\/#primaryimage\",\"url\":\"https:\\\/\\\/ink-tech.com\\\/wp-content\\\/uploads\\\/2022\\\/10\\\/Banners-large-format.jpg\",\"contentUrl\":\"https:\\\/\\\/ink-tech.com\\\/wp-content\\\/uploads\\\/2022\\\/10\\\/Banners-large-format.jpg\",\"width\":433,\"height\":292,\"caption\":\"Banners large format\"},{\"@type\":\"BreadcrumbList\",\"@id\":\"https:\\\/\\\/ink-tech.com\\\/product\\\/blockout-matte\\\/#breadcrumb\",\"itemListElement\":[{\"@type\":\"ListItem\",\"position\":1,\"name\":\"Home\",\"item\":\"https:\\\/\\\/ink-tech.com\\\/\"},{\"@type\":\"ListItem\",\"position\":2,\"name\":\"Shop\",\"item\":\"https:\\\/\\\/ink-tech.com\\\/shop\\\/\"},{\"@type\":\"ListItem\",\"position\":3,\"name\":\"Blockout Matte\"}]},{\"@type\":\"WebSite\",\"@id\":\"https:\\\/\\\/ink-tech.com\\\/#website\",\"url\":\"https:\\\/\\\/ink-tech.com\\\/\",\"name\":\"Digi Ink Technology Montreal I Digi Ink Screen Printing Inks & Supplies\",\"description\":\"Premium Quality Inks at Prices You\u2019ll Love!\",\"publisher\":{\"@id\":\"https:\\\/\\\/ink-tech.com\\\/#organization\"},\"potentialAction\":[{\"@type\":\"SearchAction\",\"target\":{\"@type\":\"EntryPoint\",\"urlTemplate\":\"https:\\\/\\\/ink-tech.com\\\/?s={search_term_string}\"},\"query-input\":{\"@type\":\"PropertyValueSpecification\",\"valueRequired\":true,\"valueName\":\"search_term_string\"}}],\"inLanguage\":\"fr-CA\"},{\"@type\":\"Organization\",\"@id\":\"https:\\\/\\\/ink-tech.com\\\/#organization\",\"name\":\"Digi Ink Technology For Screen Printing Inks & Supplies\",\"alternateName\":\"Digi Ink Technology For Screen Printing Inks & Supplies\",\"url\":\"https:\\\/\\\/ink-tech.com\\\/\",\"logo\":{\"@type\":\"ImageObject\",\"inLanguage\":\"fr-CA\",\"@id\":\"https:\\\/\\\/ink-tech.com\\\/#\\\/schema\\\/logo\\\/image\\\/\",\"url\":\"https:\\\/\\\/ink-tech.com\\\/wp-content\\\/uploads\\\/2024\\\/11\\\/Digi-Ink-Logo.png\",\"contentUrl\":\"https:\\\/\\\/ink-tech.com\\\/wp-content\\\/uploads\\\/2024\\\/11\\\/Digi-Ink-Logo.png\",\"width\":169,\"height\":74,\"caption\":\"Digi Ink Technology For Screen Printing Inks & Supplies\"},\"image\":{\"@id\":\"https:\\\/\\\/ink-tech.com\\\/#\\\/schema\\\/logo\\\/image\\\/\"},\"sameAs\":[\"https:\\\/\\\/www.pinterest.ca\\\/inktechmontreal\"]}]}<\/script>\n<!-- \/ Yoast SEO Premium plugin. -->","yoast_head_json":{"title":"Blockout Matte","description":"Super Smooth\u00a0Blockout has a low-curl formula and works with solvent, eco-solvent, screen printing and UV inks. Available in 14oz-15oz-18oz and 22oz.","robots":{"index":"index","follow":"follow","max-snippet":"max-snippet:-1","max-image-preview":"max-image-preview:large","max-video-preview":"max-video-preview:-1"},"canonical":"https:\/\/ink-tech.com\/fr\/produit\/blockout-matte\/","og_locale":"fr_CA","og_type":"article","og_title":"Blockout Matte","og_description":"Super Smooth\u00a0Blockout has a low-curl formula and works with solvent, eco-solvent, screen printing and UV inks. Available in 14oz-15oz-18oz and 22oz.","og_url":"https:\/\/ink-tech.com\/fr\/produit\/blockout-matte\/","og_site_name":"Digi Ink Montreal I Screen Printing Inks &amp; Supplies","article_modified_time":"2025-11-12T19:01:06+00:00","og_image":[{"width":433,"height":292,"url":"https:\/\/ink-tech.com\/wp-content\/uploads\/2022\/10\/Banners-large-format.jpg","type":"image\/jpeg"}],"twitter_card":"summary_large_image","twitter_misc":{"Estimation du temps de lecture":"2 minutes"},"schema":{"@context":"https:\/\/schema.org","@graph":[{"@type":"WebPage","@id":"https:\/\/ink-tech.com\/product\/blockout-matte\/","url":"https:\/\/ink-tech.com\/product\/blockout-matte\/","name":"Blockout Matte","isPartOf":{"@id":"https:\/\/ink-tech.com\/#website"},"primaryImageOfPage":{"@id":"https:\/\/ink-tech.com\/product\/blockout-matte\/#primaryimage"},"image":{"@id":"https:\/\/ink-tech.com\/product\/blockout-matte\/#primaryimage"},"thumbnailUrl":"https:\/\/ink-tech.com\/wp-content\/uploads\/2022\/10\/Banners-large-format.jpg","datePublished":"2022-10-20T19:27:25+00:00","dateModified":"2025-11-12T19:01:06+00:00","description":"Super Smooth\u00a0Blockout has a low-curl formula and works with solvent, eco-solvent, screen printing and UV inks. Available in 14oz-15oz-18oz and 22oz.","breadcrumb":{"@id":"https:\/\/ink-tech.com\/product\/blockout-matte\/#breadcrumb"},"inLanguage":"fr-CA","potentialAction":[{"@type":"ReadAction","target":["https:\/\/ink-tech.com\/product\/blockout-matte\/"]}]},{"@type":"ImageObject","inLanguage":"fr-CA","@id":"https:\/\/ink-tech.com\/product\/blockout-matte\/#primaryimage","url":"https:\/\/ink-tech.com\/wp-content\/uploads\/2022\/10\/Banners-large-format.jpg","contentUrl":"https:\/\/ink-tech.com\/wp-content\/uploads\/2022\/10\/Banners-large-format.jpg","width":433,"height":292,"caption":"Banners large format"},{"@type":"BreadcrumbList","@id":"https:\/\/ink-tech.com\/product\/blockout-matte\/#breadcrumb","itemListElement":[{"@type":"ListItem","position":1,"name":"Home","item":"https:\/\/ink-tech.com\/"},{"@type":"ListItem","position":2,"name":"Shop","item":"https:\/\/ink-tech.com\/shop\/"},{"@type":"ListItem","position":3,"name":"Blockout Matte"}]},{"@type":"WebSite","@id":"https:\/\/ink-tech.com\/#website","url":"https:\/\/ink-tech.com\/","name":"Digi Ink Technology Montreal I Digi Ink Screen Printing Inks & Supplies","description":"Premium Quality Inks at Prices You\u2019ll Love!","publisher":{"@id":"https:\/\/ink-tech.com\/#organization"},"potentialAction":[{"@type":"SearchAction","target":{"@type":"EntryPoint","urlTemplate":"https:\/\/ink-tech.com\/?s={search_term_string}"},"query-input":{"@type":"PropertyValueSpecification","valueRequired":true,"valueName":"search_term_string"}}],"inLanguage":"fr-CA"},{"@type":"Organization","@id":"https:\/\/ink-tech.com\/#organization","name":"Digi Ink Technology For Screen Printing Inks & Supplies","alternateName":"Digi Ink Technology For Screen Printing Inks & Supplies","url":"https:\/\/ink-tech.com\/","logo":{"@type":"ImageObject","inLanguage":"fr-CA","@id":"https:\/\/ink-tech.com\/#\/schema\/logo\/image\/","url":"https:\/\/ink-tech.com\/wp-content\/uploads\/2024\/11\/Digi-Ink-Logo.png","contentUrl":"https:\/\/ink-tech.com\/wp-content\/uploads\/2024\/11\/Digi-Ink-Logo.png","width":169,"height":74,"caption":"Digi Ink Technology For Screen Printing Inks & Supplies"},"image":{"@id":"https:\/\/ink-tech.com\/#\/schema\/logo\/image\/"},"sameAs":["https:\/\/www.pinterest.ca\/inktechmontreal"]}]}},"_links":{"self":[{"href":"https:\/\/ink-tech.com\/fr\/wp-json\/wp\/v2\/product\/2864","targetHints":{"allow":["GET"]}}],"collection":[{"href":"https:\/\/ink-tech.com\/fr\/wp-json\/wp\/v2\/product"}],"about":[{"href":"https:\/\/ink-tech.com\/fr\/wp-json\/wp\/v2\/types\/product"}],"replies":[{"embeddable":true,"href":"https:\/\/ink-tech.com\/fr\/wp-json\/wp\/v2\/comments?post=2864"}],"wp:featuredmedia":[{"embeddable":true,"href":"https:\/\/ink-tech.com\/fr\/wp-json\/wp\/v2\/media\/2928"}],"wp:attachment":[{"href":"https:\/\/ink-tech.com\/fr\/wp-json\/wp\/v2\/media?parent=2864"}],"wp:term":[{"taxonomy":"store","embeddable":true,"href":"https:\/\/ink-tech.com\/fr\/wp-json\/wp\/v2\/store?post=2864"},{"taxonomy":"product_brand","embeddable":true,"href":"https:\/\/ink-tech.com\/fr\/wp-json\/wp\/v2\/product_brand?post=2864"},{"taxonomy":"product_cat","embeddable":true,"href":"https:\/\/ink-tech.com\/fr\/wp-json\/wp\/v2\/product_cat?post=2864"},{"taxonomy":"product_tag","embeddable":true,"href":"https:\/\/ink-tech.com\/fr\/wp-json\/wp\/v2\/product_tag?post=2864"}],"curies":[{"name":"wp","href":"https:\/\/api.w.org\/{rel}","templated":true}]}}