{"id":2259,"date":"2021-08-09T14:28:56","date_gmt":"2021-08-09T19:28:56","guid":{"rendered":"https:\/\/ink-tech.com\/?post_type=product&#038;p=2259"},"modified":"2026-02-26T10:40:13","modified_gmt":"2026-02-26T15:40:13","slug":"matte-lamination-film-54","status":"publish","type":"product","link":"https:\/\/ink-tech.com\/fr\/produit\/matte-lamination-film-54\/","title":{"rendered":"Film de Lamination Matte 54''"},"content":{"rendered":"<p>Le rouleau de film de laminage mat 54 pouces a \u00e9t\u00e9 con\u00e7u sp\u00e9cifiquement pour les impressions num\u00e9rique o\u00f9 une apparence attrayante de haut de gamme est souhait\u00e9e. Le film matte est un choix id\u00e9al si vous recherchez quelque chose de durable. Il offre un aspect lisse et brillant qui peut r\u00e9sister aux rayures et autres usures.<\/p>\n<p>Des tests appropri\u00e9s dans l'environnement d'application final sont recommand\u00e9s, en particulier lorsqu'ils sont utilis\u00e9s \u00e0 proximit\u00e9 d'eau ou de produits chimiques. Comme pour tous les mat\u00e9riaux sensibles \u00e0 la pression, ce produit doit \u00eatre test\u00e9 minutieusement dans les conditions de l'utilisateur final pour s'assurer qu'il r\u00e9pondra aux exigences de l'application sp\u00e9cifique.<\/p>\n<p><strong>Applications<\/strong><\/p>\n<ul>\n<li>Affichage int\u00e9rieur et ext\u00e9rieur et impression num\u00e9rique en grand format type v\u00e9hicule.<\/li>\n<li>Publicit\u00e9, affichage ext\u00e9rieur durable.<\/li>\n<li>Applications d'impression num\u00e9rique.<\/li>\n<li>Affiches plastifi\u00e9es.<\/li>\n<\/ul>\n<p><strong>Caract\u00e9ristiques<\/strong><\/p>\n<ul>\n<li>Prot\u00e8ge l'encre et les dessins.<\/li>\n<li>Ajout d'un attrait esth\u00e9tique.<\/li>\n<li>Forte adh\u00e9rence.<\/li>\n<li>Peut augmenter les revenus.<\/li>\n<li>Prot\u00e8ge les documents imprim\u00e9s des rayures.<\/li>\n<li>Augmente la qualit\u00e9 d'impression.<\/li>\n<li>Surface brillante et mate disponible.<\/li>\n<\/ul>\n<p>&nbsp;<\/p>","protected":false},"excerpt":{"rendered":"<ul>\n<li>Films PVC imprimables auto-adh\u00e9sifs de qualit\u00e9 sup\u00e9rieure<\/li>\n<li>Vari\u00e9t\u00e9 de forces adh\u00e9sives et de doublures de support<\/li>\n<li>Convient aux encres \u00e9co-solvant et solvant<\/li>\n<\/ul>","protected":false},"featured_media":2261,"comment_status":"open","ping_status":"closed","template":"","meta":[],"store":[172],"product_brand":[],"product_cat":[168],"product_tag":[],"class_list":{"0":"post-2259","1":"product","2":"type-product","3":"status-publish","4":"has-post-thumbnail","6":"store-digi-ink","7":"product_cat-lamination-film","9":"first","10":"instock","11":"featured","12":"taxable","13":"shipping-taxable","14":"purchasable","15":"product-type-simple"},"yoast_head":"<!-- This site is optimized with the Yoast SEO Premium plugin v23.4 (Yoast SEO v27.4) - https:\/\/yoast.com\/product\/yoast-seo-premium-wordpress\/ -->\n<title>Matte Lamination Film 54&#039;&#039;<\/title>\n<meta name=\"description\" content=\"Matte Lamination Film 54&#039;&#039;Roll has been designed specifically for beverage, food and cosmetic labels where an attractive, high end appearance is desired.\" \/>\n<meta name=\"robots\" content=\"index, follow, max-snippet:-1, max-image-preview:large, max-video-preview:-1\" \/>\n<link rel=\"canonical\" href=\"https:\/\/ink-tech.com\/fr\/produit\/matte-lamination-film-54\/\" \/>\n<meta property=\"og:locale\" content=\"fr_CA\" \/>\n<meta property=\"og:type\" content=\"article\" \/>\n<meta property=\"og:title\" content=\"Matte Lamination Film 54&#039;&#039;\" \/>\n<meta property=\"og:description\" content=\"Matte Lamination Film 54&#039;&#039;Roll has been designed specifically for beverage, food and cosmetic labels where an attractive, high end appearance is desired.\" \/>\n<meta property=\"og:url\" content=\"https:\/\/ink-tech.com\/fr\/produit\/matte-lamination-film-54\/\" \/>\n<meta property=\"og:site_name\" content=\"Digi Ink Montreal I Screen Printing Inks &amp; Supplies\" \/>\n<meta property=\"article:modified_time\" content=\"2026-02-26T15:40:13+00:00\" \/>\n<meta property=\"og:image\" content=\"https:\/\/ink-tech.com\/wp-content\/uploads\/2021\/08\/Lamination-Film.jpeg\" \/>\n\t<meta property=\"og:image:width\" content=\"600\" \/>\n\t<meta property=\"og:image:height\" content=\"600\" \/>\n\t<meta property=\"og:image:type\" content=\"image\/jpeg\" \/>\n<meta name=\"twitter:card\" content=\"summary_large_image\" \/>\n<meta name=\"twitter:label1\" content=\"Estimation du temps de lecture\" \/>\n\t<meta name=\"twitter:data1\" content=\"2 minutes\" \/>\n<script type=\"application\/ld+json\" class=\"yoast-schema-graph\">{\"@context\":\"https:\\\/\\\/schema.org\",\"@graph\":[{\"@type\":\"WebPage\",\"@id\":\"https:\\\/\\\/ink-tech.com\\\/product\\\/matte-lamination-film-54\\\/\",\"url\":\"https:\\\/\\\/ink-tech.com\\\/product\\\/matte-lamination-film-54\\\/\",\"name\":\"Matte Lamination Film 54''\",\"isPartOf\":{\"@id\":\"https:\\\/\\\/ink-tech.com\\\/#website\"},\"primaryImageOfPage\":{\"@id\":\"https:\\\/\\\/ink-tech.com\\\/product\\\/matte-lamination-film-54\\\/#primaryimage\"},\"image\":{\"@id\":\"https:\\\/\\\/ink-tech.com\\\/product\\\/matte-lamination-film-54\\\/#primaryimage\"},\"thumbnailUrl\":\"https:\\\/\\\/ink-tech.com\\\/wp-content\\\/uploads\\\/2021\\\/08\\\/Lamination-Film.jpeg\",\"datePublished\":\"2021-08-09T19:28:56+00:00\",\"dateModified\":\"2026-02-26T15:40:13+00:00\",\"description\":\"Matte Lamination Film 54''Roll has been designed specifically for beverage, food and cosmetic labels where an attractive, high end appearance is desired.\",\"breadcrumb\":{\"@id\":\"https:\\\/\\\/ink-tech.com\\\/product\\\/matte-lamination-film-54\\\/#breadcrumb\"},\"inLanguage\":\"fr-CA\",\"potentialAction\":[{\"@type\":\"ReadAction\",\"target\":[\"https:\\\/\\\/ink-tech.com\\\/product\\\/matte-lamination-film-54\\\/\"]}]},{\"@type\":\"ImageObject\",\"inLanguage\":\"fr-CA\",\"@id\":\"https:\\\/\\\/ink-tech.com\\\/product\\\/matte-lamination-film-54\\\/#primaryimage\",\"url\":\"https:\\\/\\\/ink-tech.com\\\/wp-content\\\/uploads\\\/2021\\\/08\\\/Lamination-Film.jpeg\",\"contentUrl\":\"https:\\\/\\\/ink-tech.com\\\/wp-content\\\/uploads\\\/2021\\\/08\\\/Lamination-Film.jpeg\",\"width\":600,\"height\":600,\"caption\":\"Matte Lamination film 54''\"},{\"@type\":\"BreadcrumbList\",\"@id\":\"https:\\\/\\\/ink-tech.com\\\/product\\\/matte-lamination-film-54\\\/#breadcrumb\",\"itemListElement\":[{\"@type\":\"ListItem\",\"position\":1,\"name\":\"Home\",\"item\":\"https:\\\/\\\/ink-tech.com\\\/\"},{\"@type\":\"ListItem\",\"position\":2,\"name\":\"Shop\",\"item\":\"https:\\\/\\\/ink-tech.com\\\/shop\\\/\"},{\"@type\":\"ListItem\",\"position\":3,\"name\":\"Matte Lamination Film 54&#8221;\"}]},{\"@type\":\"WebSite\",\"@id\":\"https:\\\/\\\/ink-tech.com\\\/#website\",\"url\":\"https:\\\/\\\/ink-tech.com\\\/\",\"name\":\"Digi Ink Technology Montreal I Digi Ink Screen Printing Inks & Supplies\",\"description\":\"Premium Quality Inks at Prices You\u2019ll Love!\",\"publisher\":{\"@id\":\"https:\\\/\\\/ink-tech.com\\\/#organization\"},\"potentialAction\":[{\"@type\":\"SearchAction\",\"target\":{\"@type\":\"EntryPoint\",\"urlTemplate\":\"https:\\\/\\\/ink-tech.com\\\/?s={search_term_string}\"},\"query-input\":{\"@type\":\"PropertyValueSpecification\",\"valueRequired\":true,\"valueName\":\"search_term_string\"}}],\"inLanguage\":\"fr-CA\"},{\"@type\":\"Organization\",\"@id\":\"https:\\\/\\\/ink-tech.com\\\/#organization\",\"name\":\"Digi Ink Technology For Screen Printing Inks & Supplies\",\"alternateName\":\"Digi Ink Technology For Screen Printing Inks & Supplies\",\"url\":\"https:\\\/\\\/ink-tech.com\\\/\",\"logo\":{\"@type\":\"ImageObject\",\"inLanguage\":\"fr-CA\",\"@id\":\"https:\\\/\\\/ink-tech.com\\\/#\\\/schema\\\/logo\\\/image\\\/\",\"url\":\"https:\\\/\\\/ink-tech.com\\\/wp-content\\\/uploads\\\/2024\\\/11\\\/Digi-Ink-Logo.png\",\"contentUrl\":\"https:\\\/\\\/ink-tech.com\\\/wp-content\\\/uploads\\\/2024\\\/11\\\/Digi-Ink-Logo.png\",\"width\":169,\"height\":74,\"caption\":\"Digi Ink Technology For Screen Printing Inks & Supplies\"},\"image\":{\"@id\":\"https:\\\/\\\/ink-tech.com\\\/#\\\/schema\\\/logo\\\/image\\\/\"},\"sameAs\":[\"https:\\\/\\\/www.pinterest.ca\\\/inktechmontreal\"]}]}<\/script>\n<!-- \/ Yoast SEO Premium plugin. -->","yoast_head_json":{"title":"Matte Lamination Film 54''","description":"Matte Lamination Film 54''Roll has been designed specifically for beverage, food and cosmetic labels where an attractive, high end appearance is desired.","robots":{"index":"index","follow":"follow","max-snippet":"max-snippet:-1","max-image-preview":"max-image-preview:large","max-video-preview":"max-video-preview:-1"},"canonical":"https:\/\/ink-tech.com\/fr\/produit\/matte-lamination-film-54\/","og_locale":"fr_CA","og_type":"article","og_title":"Matte Lamination Film 54''","og_description":"Matte Lamination Film 54''Roll has been designed specifically for beverage, food and cosmetic labels where an attractive, high end appearance is desired.","og_url":"https:\/\/ink-tech.com\/fr\/produit\/matte-lamination-film-54\/","og_site_name":"Digi Ink Montreal I Screen Printing Inks &amp; Supplies","article_modified_time":"2026-02-26T15:40:13+00:00","og_image":[{"width":600,"height":600,"url":"https:\/\/ink-tech.com\/wp-content\/uploads\/2021\/08\/Lamination-Film.jpeg","type":"image\/jpeg"}],"twitter_card":"summary_large_image","twitter_misc":{"Estimation du temps de lecture":"2 minutes"},"schema":{"@context":"https:\/\/schema.org","@graph":[{"@type":"WebPage","@id":"https:\/\/ink-tech.com\/product\/matte-lamination-film-54\/","url":"https:\/\/ink-tech.com\/product\/matte-lamination-film-54\/","name":"Matte Lamination Film 54''","isPartOf":{"@id":"https:\/\/ink-tech.com\/#website"},"primaryImageOfPage":{"@id":"https:\/\/ink-tech.com\/product\/matte-lamination-film-54\/#primaryimage"},"image":{"@id":"https:\/\/ink-tech.com\/product\/matte-lamination-film-54\/#primaryimage"},"thumbnailUrl":"https:\/\/ink-tech.com\/wp-content\/uploads\/2021\/08\/Lamination-Film.jpeg","datePublished":"2021-08-09T19:28:56+00:00","dateModified":"2026-02-26T15:40:13+00:00","description":"Matte Lamination Film 54''Roll has been designed specifically for beverage, food and cosmetic labels where an attractive, high end appearance is desired.","breadcrumb":{"@id":"https:\/\/ink-tech.com\/product\/matte-lamination-film-54\/#breadcrumb"},"inLanguage":"fr-CA","potentialAction":[{"@type":"ReadAction","target":["https:\/\/ink-tech.com\/product\/matte-lamination-film-54\/"]}]},{"@type":"ImageObject","inLanguage":"fr-CA","@id":"https:\/\/ink-tech.com\/product\/matte-lamination-film-54\/#primaryimage","url":"https:\/\/ink-tech.com\/wp-content\/uploads\/2021\/08\/Lamination-Film.jpeg","contentUrl":"https:\/\/ink-tech.com\/wp-content\/uploads\/2021\/08\/Lamination-Film.jpeg","width":600,"height":600,"caption":"Matte Lamination film 54''"},{"@type":"BreadcrumbList","@id":"https:\/\/ink-tech.com\/product\/matte-lamination-film-54\/#breadcrumb","itemListElement":[{"@type":"ListItem","position":1,"name":"Home","item":"https:\/\/ink-tech.com\/"},{"@type":"ListItem","position":2,"name":"Shop","item":"https:\/\/ink-tech.com\/shop\/"},{"@type":"ListItem","position":3,"name":"Matte Lamination Film 54&#8221;"}]},{"@type":"WebSite","@id":"https:\/\/ink-tech.com\/#website","url":"https:\/\/ink-tech.com\/","name":"Digi Ink Technology Montreal I Digi Ink Screen Printing Inks & Supplies","description":"Premium Quality Inks at Prices You\u2019ll Love!","publisher":{"@id":"https:\/\/ink-tech.com\/#organization"},"potentialAction":[{"@type":"SearchAction","target":{"@type":"EntryPoint","urlTemplate":"https:\/\/ink-tech.com\/?s={search_term_string}"},"query-input":{"@type":"PropertyValueSpecification","valueRequired":true,"valueName":"search_term_string"}}],"inLanguage":"fr-CA"},{"@type":"Organization","@id":"https:\/\/ink-tech.com\/#organization","name":"Digi Ink Technology For Screen Printing Inks & Supplies","alternateName":"Digi Ink Technology For Screen Printing Inks & Supplies","url":"https:\/\/ink-tech.com\/","logo":{"@type":"ImageObject","inLanguage":"fr-CA","@id":"https:\/\/ink-tech.com\/#\/schema\/logo\/image\/","url":"https:\/\/ink-tech.com\/wp-content\/uploads\/2024\/11\/Digi-Ink-Logo.png","contentUrl":"https:\/\/ink-tech.com\/wp-content\/uploads\/2024\/11\/Digi-Ink-Logo.png","width":169,"height":74,"caption":"Digi Ink Technology For Screen Printing Inks & Supplies"},"image":{"@id":"https:\/\/ink-tech.com\/#\/schema\/logo\/image\/"},"sameAs":["https:\/\/www.pinterest.ca\/inktechmontreal"]}]}},"_links":{"self":[{"href":"https:\/\/ink-tech.com\/fr\/wp-json\/wp\/v2\/product\/2259","targetHints":{"allow":["GET"]}}],"collection":[{"href":"https:\/\/ink-tech.com\/fr\/wp-json\/wp\/v2\/product"}],"about":[{"href":"https:\/\/ink-tech.com\/fr\/wp-json\/wp\/v2\/types\/product"}],"replies":[{"embeddable":true,"href":"https:\/\/ink-tech.com\/fr\/wp-json\/wp\/v2\/comments?post=2259"}],"wp:featuredmedia":[{"embeddable":true,"href":"https:\/\/ink-tech.com\/fr\/wp-json\/wp\/v2\/media\/2261"}],"wp:attachment":[{"href":"https:\/\/ink-tech.com\/fr\/wp-json\/wp\/v2\/media?parent=2259"}],"wp:term":[{"taxonomy":"store","embeddable":true,"href":"https:\/\/ink-tech.com\/fr\/wp-json\/wp\/v2\/store?post=2259"},{"taxonomy":"product_brand","embeddable":true,"href":"https:\/\/ink-tech.com\/fr\/wp-json\/wp\/v2\/product_brand?post=2259"},{"taxonomy":"product_cat","embeddable":true,"href":"https:\/\/ink-tech.com\/fr\/wp-json\/wp\/v2\/product_cat?post=2259"},{"taxonomy":"product_tag","embeddable":true,"href":"https:\/\/ink-tech.com\/fr\/wp-json\/wp\/v2\/product_tag?post=2259"}],"curies":[{"name":"wp","href":"https:\/\/api.w.org\/{rel}","templated":true}]}}