{"id":2224,"date":"2021-08-04T14:42:56","date_gmt":"2021-08-04T19:42:56","guid":{"rendered":"https:\/\/ink-tech.com\/?post_type=product&#038;p=2224"},"modified":"2026-02-26T10:39:33","modified_gmt":"2026-02-26T15:39:33","slug":"vinyl-gloss-permanent-54","status":"publish","type":"product","link":"https:\/\/ink-tech.com\/fr\/produit\/vinyl-gloss-permanent-54\/","title":{"rendered":"Vinyle Brillant Permanent 54\u201d"},"content":{"rendered":"<p>Les Vinyles Brillants Permanents sont parfaits pour \u00e9gayer les espaces int\u00e9rieurs ainsi que les affichages ext\u00e9rieurs. Ils offrent une installation et un retrait faciles, ce qui en fait un excellent choix pour les entreprises qui doivent se d\u00e9m\u00e9nager rapidement.<\/p>\n<p>Nous offrons une large gamme de tailles pour r\u00e9pondre \u00e0 vos besoins. De plus, notre vinyle adh\u00e9sif permanent brillant a un indice d'adh\u00e9rence \u00e9lev\u00e9, ce qui lui permet de r\u00e9sister m\u00eame dans des conditions venteuses.<\/p>","protected":false},"excerpt":{"rendered":"<ul class=\"list_OMS5rN7R1Z\">\n<li class=\"listItem_OMS5rN7R1Z\" data-selenium=\"sellingPointsListItem\">Pour les imprimantes \u00e0 encre solvant, UV et Latex<\/li>\n<li class=\"listItem_OMS5rN7R1Z\" data-selenium=\"sellingPointsListItem\">Mat\u00e9riaux r\u00e9sistant aux intemp\u00e9ries<\/li>\n<li class=\"listItem_OMS5rN7R1Z\" data-selenium=\"sellingPointsListItem\">Finition de surface : Brillant<\/li>\n<\/ul>","protected":false},"featured_media":2281,"comment_status":"open","ping_status":"closed","template":"","meta":[],"store":[172],"product_brand":[],"product_cat":[167],"product_tag":[332],"class_list":{"0":"post-2224","1":"product","2":"type-product","3":"status-publish","4":"has-post-thumbnail","6":"store-digi-ink","7":"product_cat-vinyl-gloss","8":"product_tag-vinyl-gloss","10":"first","11":"instock","12":"taxable","13":"shipping-taxable","14":"purchasable","15":"product-type-simple"},"yoast_head":"<!-- This site is optimized with the Yoast SEO Premium plugin v23.4 (Yoast SEO v27.5) - https:\/\/yoast.com\/product\/yoast-seo-premium-wordpress\/ -->\n<title>Vinyl Gloss Permanent 54&#039;&#039;<\/title>\n<meta name=\"description\" content=\"Vinyls Gloss Permanent are perfect for brightening up indoor spaces as well as outdoor displays. They offer easy installation and removal, making them a great\" \/>\n<meta name=\"robots\" content=\"index, follow, max-snippet:-1, max-image-preview:large, max-video-preview:-1\" \/>\n<link rel=\"canonical\" href=\"https:\/\/ink-tech.com\/fr\/produit\/vinyl-gloss-permanent-54\/\" \/>\n<meta property=\"og:locale\" content=\"fr_CA\" \/>\n<meta property=\"og:type\" content=\"article\" \/>\n<meta property=\"og:title\" content=\"Vinyl Gloss Permanent 54&#039;&#039;\" \/>\n<meta property=\"og:description\" content=\"Vinyls Gloss Permanent are perfect for brightening up indoor spaces as well as outdoor displays. They offer easy installation and removal, making them a great\" \/>\n<meta property=\"og:url\" content=\"https:\/\/ink-tech.com\/fr\/produit\/vinyl-gloss-permanent-54\/\" \/>\n<meta property=\"og:site_name\" content=\"Digi Ink Montreal I Screen Printing Inks &amp; Supplies\" \/>\n<meta property=\"article:modified_time\" content=\"2026-02-26T15:39:33+00:00\" \/>\n<meta property=\"og:image\" content=\"https:\/\/ink-tech.com\/wp-content\/uploads\/2021\/08\/Vinyl-Matte-54.jpeg\" \/>\n\t<meta property=\"og:image:width\" content=\"600\" \/>\n\t<meta property=\"og:image:height\" content=\"600\" \/>\n\t<meta property=\"og:image:type\" content=\"image\/jpeg\" \/>\n<meta name=\"twitter:card\" content=\"summary_large_image\" \/>\n<meta name=\"twitter:label1\" content=\"Estimation du temps de lecture\" \/>\n\t<meta name=\"twitter:data1\" content=\"1 minute\" \/>\n<script type=\"application\/ld+json\" class=\"yoast-schema-graph\">{\"@context\":\"https:\\\/\\\/schema.org\",\"@graph\":[{\"@type\":\"WebPage\",\"@id\":\"https:\\\/\\\/ink-tech.com\\\/product\\\/vinyl-gloss-permanent-54\\\/\",\"url\":\"https:\\\/\\\/ink-tech.com\\\/product\\\/vinyl-gloss-permanent-54\\\/\",\"name\":\"Vinyl Gloss Permanent 54''\",\"isPartOf\":{\"@id\":\"https:\\\/\\\/ink-tech.com\\\/#website\"},\"primaryImageOfPage\":{\"@id\":\"https:\\\/\\\/ink-tech.com\\\/product\\\/vinyl-gloss-permanent-54\\\/#primaryimage\"},\"image\":{\"@id\":\"https:\\\/\\\/ink-tech.com\\\/product\\\/vinyl-gloss-permanent-54\\\/#primaryimage\"},\"thumbnailUrl\":\"https:\\\/\\\/ink-tech.com\\\/wp-content\\\/uploads\\\/2021\\\/08\\\/Vinyl-Matte-54.jpeg\",\"datePublished\":\"2021-08-04T19:42:56+00:00\",\"dateModified\":\"2026-02-26T15:39:33+00:00\",\"description\":\"Vinyls Gloss Permanent are perfect for brightening up indoor spaces as well as outdoor displays. They offer easy installation and removal, making them a great\",\"breadcrumb\":{\"@id\":\"https:\\\/\\\/ink-tech.com\\\/product\\\/vinyl-gloss-permanent-54\\\/#breadcrumb\"},\"inLanguage\":\"fr-CA\",\"potentialAction\":[{\"@type\":\"ReadAction\",\"target\":[\"https:\\\/\\\/ink-tech.com\\\/product\\\/vinyl-gloss-permanent-54\\\/\"]}]},{\"@type\":\"ImageObject\",\"inLanguage\":\"fr-CA\",\"@id\":\"https:\\\/\\\/ink-tech.com\\\/product\\\/vinyl-gloss-permanent-54\\\/#primaryimage\",\"url\":\"https:\\\/\\\/ink-tech.com\\\/wp-content\\\/uploads\\\/2021\\\/08\\\/Vinyl-Matte-54.jpeg\",\"contentUrl\":\"https:\\\/\\\/ink-tech.com\\\/wp-content\\\/uploads\\\/2021\\\/08\\\/Vinyl-Matte-54.jpeg\",\"width\":600,\"height\":600,\"caption\":\"Vinyl Matte 54''\"},{\"@type\":\"BreadcrumbList\",\"@id\":\"https:\\\/\\\/ink-tech.com\\\/product\\\/vinyl-gloss-permanent-54\\\/#breadcrumb\",\"itemListElement\":[{\"@type\":\"ListItem\",\"position\":1,\"name\":\"Home\",\"item\":\"https:\\\/\\\/ink-tech.com\\\/\"},{\"@type\":\"ListItem\",\"position\":2,\"name\":\"Shop\",\"item\":\"https:\\\/\\\/ink-tech.com\\\/shop\\\/\"},{\"@type\":\"ListItem\",\"position\":3,\"name\":\"Vinyl Gloss Permanent 54&#8221;\"}]},{\"@type\":\"WebSite\",\"@id\":\"https:\\\/\\\/ink-tech.com\\\/#website\",\"url\":\"https:\\\/\\\/ink-tech.com\\\/\",\"name\":\"Digi Ink Technology Montreal I Digi Ink Screen Printing Inks & Supplies\",\"description\":\"Premium Quality Inks at Prices You\u2019ll Love!\",\"publisher\":{\"@id\":\"https:\\\/\\\/ink-tech.com\\\/#organization\"},\"potentialAction\":[{\"@type\":\"SearchAction\",\"target\":{\"@type\":\"EntryPoint\",\"urlTemplate\":\"https:\\\/\\\/ink-tech.com\\\/?s={search_term_string}\"},\"query-input\":{\"@type\":\"PropertyValueSpecification\",\"valueRequired\":true,\"valueName\":\"search_term_string\"}}],\"inLanguage\":\"fr-CA\"},{\"@type\":\"Organization\",\"@id\":\"https:\\\/\\\/ink-tech.com\\\/#organization\",\"name\":\"Digi Ink Technology For Screen Printing Inks & Supplies\",\"alternateName\":\"Digi Ink Technology For Screen Printing Inks & Supplies\",\"url\":\"https:\\\/\\\/ink-tech.com\\\/\",\"logo\":{\"@type\":\"ImageObject\",\"inLanguage\":\"fr-CA\",\"@id\":\"https:\\\/\\\/ink-tech.com\\\/#\\\/schema\\\/logo\\\/image\\\/\",\"url\":\"https:\\\/\\\/ink-tech.com\\\/wp-content\\\/uploads\\\/2024\\\/11\\\/Digi-Ink-Logo.png\",\"contentUrl\":\"https:\\\/\\\/ink-tech.com\\\/wp-content\\\/uploads\\\/2024\\\/11\\\/Digi-Ink-Logo.png\",\"width\":169,\"height\":74,\"caption\":\"Digi Ink Technology For Screen Printing Inks & Supplies\"},\"image\":{\"@id\":\"https:\\\/\\\/ink-tech.com\\\/#\\\/schema\\\/logo\\\/image\\\/\"},\"sameAs\":[\"https:\\\/\\\/www.pinterest.ca\\\/inktechmontreal\"]}]}<\/script>\n<!-- \/ Yoast SEO Premium plugin. -->","yoast_head_json":{"title":"Vinyl Gloss Permanent 54''","description":"Vinyls Gloss Permanent are perfect for brightening up indoor spaces as well as outdoor displays. They offer easy installation and removal, making them a great","robots":{"index":"index","follow":"follow","max-snippet":"max-snippet:-1","max-image-preview":"max-image-preview:large","max-video-preview":"max-video-preview:-1"},"canonical":"https:\/\/ink-tech.com\/fr\/produit\/vinyl-gloss-permanent-54\/","og_locale":"fr_CA","og_type":"article","og_title":"Vinyl Gloss Permanent 54''","og_description":"Vinyls Gloss Permanent are perfect for brightening up indoor spaces as well as outdoor displays. They offer easy installation and removal, making them a great","og_url":"https:\/\/ink-tech.com\/fr\/produit\/vinyl-gloss-permanent-54\/","og_site_name":"Digi Ink Montreal I Screen Printing Inks &amp; Supplies","article_modified_time":"2026-02-26T15:39:33+00:00","og_image":[{"width":600,"height":600,"url":"https:\/\/ink-tech.com\/wp-content\/uploads\/2021\/08\/Vinyl-Matte-54.jpeg","type":"image\/jpeg"}],"twitter_card":"summary_large_image","twitter_misc":{"Estimation du temps de lecture":"1 minute"},"schema":{"@context":"https:\/\/schema.org","@graph":[{"@type":"WebPage","@id":"https:\/\/ink-tech.com\/product\/vinyl-gloss-permanent-54\/","url":"https:\/\/ink-tech.com\/product\/vinyl-gloss-permanent-54\/","name":"Vinyl Gloss Permanent 54''","isPartOf":{"@id":"https:\/\/ink-tech.com\/#website"},"primaryImageOfPage":{"@id":"https:\/\/ink-tech.com\/product\/vinyl-gloss-permanent-54\/#primaryimage"},"image":{"@id":"https:\/\/ink-tech.com\/product\/vinyl-gloss-permanent-54\/#primaryimage"},"thumbnailUrl":"https:\/\/ink-tech.com\/wp-content\/uploads\/2021\/08\/Vinyl-Matte-54.jpeg","datePublished":"2021-08-04T19:42:56+00:00","dateModified":"2026-02-26T15:39:33+00:00","description":"Vinyls Gloss Permanent are perfect for brightening up indoor spaces as well as outdoor displays. They offer easy installation and removal, making them a great","breadcrumb":{"@id":"https:\/\/ink-tech.com\/product\/vinyl-gloss-permanent-54\/#breadcrumb"},"inLanguage":"fr-CA","potentialAction":[{"@type":"ReadAction","target":["https:\/\/ink-tech.com\/product\/vinyl-gloss-permanent-54\/"]}]},{"@type":"ImageObject","inLanguage":"fr-CA","@id":"https:\/\/ink-tech.com\/product\/vinyl-gloss-permanent-54\/#primaryimage","url":"https:\/\/ink-tech.com\/wp-content\/uploads\/2021\/08\/Vinyl-Matte-54.jpeg","contentUrl":"https:\/\/ink-tech.com\/wp-content\/uploads\/2021\/08\/Vinyl-Matte-54.jpeg","width":600,"height":600,"caption":"Vinyl Matte 54''"},{"@type":"BreadcrumbList","@id":"https:\/\/ink-tech.com\/product\/vinyl-gloss-permanent-54\/#breadcrumb","itemListElement":[{"@type":"ListItem","position":1,"name":"Home","item":"https:\/\/ink-tech.com\/"},{"@type":"ListItem","position":2,"name":"Shop","item":"https:\/\/ink-tech.com\/shop\/"},{"@type":"ListItem","position":3,"name":"Vinyl Gloss Permanent 54&#8221;"}]},{"@type":"WebSite","@id":"https:\/\/ink-tech.com\/#website","url":"https:\/\/ink-tech.com\/","name":"Digi Ink Technology Montreal I Digi Ink Screen Printing Inks & Supplies","description":"Premium Quality Inks at Prices You\u2019ll Love!","publisher":{"@id":"https:\/\/ink-tech.com\/#organization"},"potentialAction":[{"@type":"SearchAction","target":{"@type":"EntryPoint","urlTemplate":"https:\/\/ink-tech.com\/?s={search_term_string}"},"query-input":{"@type":"PropertyValueSpecification","valueRequired":true,"valueName":"search_term_string"}}],"inLanguage":"fr-CA"},{"@type":"Organization","@id":"https:\/\/ink-tech.com\/#organization","name":"Digi Ink Technology For Screen Printing Inks & Supplies","alternateName":"Digi Ink Technology For Screen Printing Inks & Supplies","url":"https:\/\/ink-tech.com\/","logo":{"@type":"ImageObject","inLanguage":"fr-CA","@id":"https:\/\/ink-tech.com\/#\/schema\/logo\/image\/","url":"https:\/\/ink-tech.com\/wp-content\/uploads\/2024\/11\/Digi-Ink-Logo.png","contentUrl":"https:\/\/ink-tech.com\/wp-content\/uploads\/2024\/11\/Digi-Ink-Logo.png","width":169,"height":74,"caption":"Digi Ink Technology For Screen Printing Inks & Supplies"},"image":{"@id":"https:\/\/ink-tech.com\/#\/schema\/logo\/image\/"},"sameAs":["https:\/\/www.pinterest.ca\/inktechmontreal"]}]}},"_links":{"self":[{"href":"https:\/\/ink-tech.com\/fr\/wp-json\/wp\/v2\/product\/2224","targetHints":{"allow":["GET"]}}],"collection":[{"href":"https:\/\/ink-tech.com\/fr\/wp-json\/wp\/v2\/product"}],"about":[{"href":"https:\/\/ink-tech.com\/fr\/wp-json\/wp\/v2\/types\/product"}],"replies":[{"embeddable":true,"href":"https:\/\/ink-tech.com\/fr\/wp-json\/wp\/v2\/comments?post=2224"}],"wp:featuredmedia":[{"embeddable":true,"href":"https:\/\/ink-tech.com\/fr\/wp-json\/wp\/v2\/media\/2281"}],"wp:attachment":[{"href":"https:\/\/ink-tech.com\/fr\/wp-json\/wp\/v2\/media?parent=2224"}],"wp:term":[{"taxonomy":"store","embeddable":true,"href":"https:\/\/ink-tech.com\/fr\/wp-json\/wp\/v2\/store?post=2224"},{"taxonomy":"product_brand","embeddable":true,"href":"https:\/\/ink-tech.com\/fr\/wp-json\/wp\/v2\/product_brand?post=2224"},{"taxonomy":"product_cat","embeddable":true,"href":"https:\/\/ink-tech.com\/fr\/wp-json\/wp\/v2\/product_cat?post=2224"},{"taxonomy":"product_tag","embeddable":true,"href":"https:\/\/ink-tech.com\/fr\/wp-json\/wp\/v2\/product_tag?post=2224"}],"curies":[{"name":"wp","href":"https:\/\/api.w.org\/{rel}","templated":true}]}}