{"id":2223,"date":"2023-03-04T14:40:24","date_gmt":"2023-03-04T19:40:24","guid":{"rendered":"https:\/\/ink-tech.com\/?post_type=product&#038;p=2223"},"modified":"2026-02-26T10:36:28","modified_gmt":"2026-02-26T15:36:28","slug":"vinyl-gloss-grey-back-54","status":"publish","type":"product","link":"https:\/\/ink-tech.com\/fr\/produit\/vinyl-gloss-grey-back-54\/","title":{"rendered":"Vinyle Gloss dos gris 54''"},"content":{"rendered":"<p>Le vinyle brillant \u00e0 dos gris est parfait pour \u00e9clairer les espaces int\u00e9rieurs ainsi que les affichages ext\u00e9rieurs. Ils sont faciles \u00e0 installer et \u00e0 retirer, ce qui en fait un excellent choix pour les entreprises qui doivent se d\u00e9placer rapidement.<\/p>\n<ul class=\"a-unordered-list a-vertical a-spacing-mini\">\n<li><span class=\"a-list-item\">Utilise un adh\u00e9sif permanent \u00e0 base de solvant pour les installations int\u00e9rieures, ext\u00e9rieures et permanentes.<\/span><\/li>\n<li><span class=\"a-list-item\">Tr\u00e8s r\u00e9sistant aux rayures, aux \u00e9raflures, \u00e0 l'eau et aux produits chimiques. Peut \u00eatre lav\u00e9 en machine sans s'\u00e9cailler!<\/span><\/li>\n<li><span class=\"a-list-item\">Finition super brillante. Fonction de d\u00e9sherbage facile pour une coupe\/tra\u00e7age pr\u00e9cis.<\/span><\/li>\n<\/ul>","protected":false},"excerpt":{"rendered":"<p>Vinyle Gloss Brillant dos gris 54\u201d<\/p>","protected":false},"featured_media":2294,"comment_status":"open","ping_status":"closed","template":"","meta":[],"store":[172],"product_brand":[],"product_cat":[167],"product_tag":[325],"class_list":{"0":"post-2223","1":"product","2":"type-product","3":"status-publish","4":"has-post-thumbnail","6":"store-digi-ink","7":"product_cat-vinyl-gloss","8":"product_tag-gloss-vinyl-grey","10":"first","11":"instock","12":"taxable","13":"shipping-taxable","14":"purchasable","15":"product-type-simple"},"yoast_head":"<!-- This site is optimized with the Yoast SEO Premium plugin v23.4 (Yoast SEO v27.5) - https:\/\/yoast.com\/product\/yoast-seo-premium-wordpress\/ -->\n<title>Gloss Vinyl Grey Back 54&#039;&#039;<\/title>\n<meta name=\"description\" content=\"Our glossy Permanent Adhesive Vinyl has a high adhesion rating so it will hold up even in windy conditions. Order today before supplies run out!\" \/>\n<meta name=\"robots\" content=\"index, follow, max-snippet:-1, max-image-preview:large, max-video-preview:-1\" \/>\n<link rel=\"canonical\" href=\"https:\/\/ink-tech.com\/fr\/produit\/vinyl-gloss-grey-back-54\/\" \/>\n<meta property=\"og:locale\" content=\"fr_CA\" \/>\n<meta property=\"og:type\" content=\"article\" \/>\n<meta property=\"og:title\" content=\"Gloss Vinyl Grey Back 54&#039;&#039;\" \/>\n<meta property=\"og:description\" content=\"Our glossy Permanent Adhesive Vinyl has a high adhesion rating so it will hold up even in windy conditions. Order today before supplies run out!\" \/>\n<meta property=\"og:url\" content=\"https:\/\/ink-tech.com\/fr\/produit\/vinyl-gloss-grey-back-54\/\" \/>\n<meta property=\"og:site_name\" content=\"Digi Ink Montreal I Screen Printing Inks &amp; Supplies\" \/>\n<meta property=\"article:modified_time\" content=\"2026-02-26T15:36:28+00:00\" \/>\n<meta property=\"og:image\" content=\"https:\/\/ink-tech.com\/wp-content\/uploads\/2021\/08\/Vinyl-Gloss-54-1.jpeg\" \/>\n\t<meta property=\"og:image:width\" content=\"600\" \/>\n\t<meta property=\"og:image:height\" content=\"600\" \/>\n\t<meta property=\"og:image:type\" content=\"image\/jpeg\" \/>\n<meta name=\"twitter:card\" content=\"summary_large_image\" \/>\n<meta name=\"twitter:label1\" content=\"Estimation du temps de lecture\" \/>\n\t<meta name=\"twitter:data1\" content=\"1 minute\" \/>\n<script type=\"application\/ld+json\" class=\"yoast-schema-graph\">{\"@context\":\"https:\\\/\\\/schema.org\",\"@graph\":[{\"@type\":\"WebPage\",\"@id\":\"https:\\\/\\\/ink-tech.com\\\/product\\\/vinyl-gloss-grey-back-54\\\/\",\"url\":\"https:\\\/\\\/ink-tech.com\\\/product\\\/vinyl-gloss-grey-back-54\\\/\",\"name\":\"Gloss Vinyl Grey Back 54''\",\"isPartOf\":{\"@id\":\"https:\\\/\\\/ink-tech.com\\\/#website\"},\"primaryImageOfPage\":{\"@id\":\"https:\\\/\\\/ink-tech.com\\\/product\\\/vinyl-gloss-grey-back-54\\\/#primaryimage\"},\"image\":{\"@id\":\"https:\\\/\\\/ink-tech.com\\\/product\\\/vinyl-gloss-grey-back-54\\\/#primaryimage\"},\"thumbnailUrl\":\"https:\\\/\\\/ink-tech.com\\\/wp-content\\\/uploads\\\/2021\\\/08\\\/Vinyl-Gloss-54-1.jpeg\",\"datePublished\":\"2023-03-04T19:40:24+00:00\",\"dateModified\":\"2026-02-26T15:36:28+00:00\",\"description\":\"Our glossy Permanent Adhesive Vinyl has a high adhesion rating so it will hold up even in windy conditions. Order today before supplies run out!\",\"breadcrumb\":{\"@id\":\"https:\\\/\\\/ink-tech.com\\\/product\\\/vinyl-gloss-grey-back-54\\\/#breadcrumb\"},\"inLanguage\":\"fr-CA\",\"potentialAction\":[{\"@type\":\"ReadAction\",\"target\":[\"https:\\\/\\\/ink-tech.com\\\/product\\\/vinyl-gloss-grey-back-54\\\/\"]}]},{\"@type\":\"ImageObject\",\"inLanguage\":\"fr-CA\",\"@id\":\"https:\\\/\\\/ink-tech.com\\\/product\\\/vinyl-gloss-grey-back-54\\\/#primaryimage\",\"url\":\"https:\\\/\\\/ink-tech.com\\\/wp-content\\\/uploads\\\/2021\\\/08\\\/Vinyl-Gloss-54-1.jpeg\",\"contentUrl\":\"https:\\\/\\\/ink-tech.com\\\/wp-content\\\/uploads\\\/2021\\\/08\\\/Vinyl-Gloss-54-1.jpeg\",\"width\":600,\"height\":600,\"caption\":\"Vinyl Gloss 54''\"},{\"@type\":\"BreadcrumbList\",\"@id\":\"https:\\\/\\\/ink-tech.com\\\/product\\\/vinyl-gloss-grey-back-54\\\/#breadcrumb\",\"itemListElement\":[{\"@type\":\"ListItem\",\"position\":1,\"name\":\"Home\",\"item\":\"https:\\\/\\\/ink-tech.com\\\/\"},{\"@type\":\"ListItem\",\"position\":2,\"name\":\"Shop\",\"item\":\"https:\\\/\\\/ink-tech.com\\\/shop\\\/\"},{\"@type\":\"ListItem\",\"position\":3,\"name\":\"Gloss Vinyl Grey Back 54&#8221;\"}]},{\"@type\":\"WebSite\",\"@id\":\"https:\\\/\\\/ink-tech.com\\\/#website\",\"url\":\"https:\\\/\\\/ink-tech.com\\\/\",\"name\":\"Digi Ink Technology Montreal I Digi Ink Screen Printing Inks & Supplies\",\"description\":\"Premium Quality Inks at Prices You\u2019ll Love!\",\"publisher\":{\"@id\":\"https:\\\/\\\/ink-tech.com\\\/#organization\"},\"potentialAction\":[{\"@type\":\"SearchAction\",\"target\":{\"@type\":\"EntryPoint\",\"urlTemplate\":\"https:\\\/\\\/ink-tech.com\\\/?s={search_term_string}\"},\"query-input\":{\"@type\":\"PropertyValueSpecification\",\"valueRequired\":true,\"valueName\":\"search_term_string\"}}],\"inLanguage\":\"fr-CA\"},{\"@type\":\"Organization\",\"@id\":\"https:\\\/\\\/ink-tech.com\\\/#organization\",\"name\":\"Digi Ink Technology For Screen Printing Inks & Supplies\",\"alternateName\":\"Digi Ink Technology For Screen Printing Inks & Supplies\",\"url\":\"https:\\\/\\\/ink-tech.com\\\/\",\"logo\":{\"@type\":\"ImageObject\",\"inLanguage\":\"fr-CA\",\"@id\":\"https:\\\/\\\/ink-tech.com\\\/#\\\/schema\\\/logo\\\/image\\\/\",\"url\":\"https:\\\/\\\/ink-tech.com\\\/wp-content\\\/uploads\\\/2024\\\/11\\\/Digi-Ink-Logo.png\",\"contentUrl\":\"https:\\\/\\\/ink-tech.com\\\/wp-content\\\/uploads\\\/2024\\\/11\\\/Digi-Ink-Logo.png\",\"width\":169,\"height\":74,\"caption\":\"Digi Ink Technology For Screen Printing Inks & Supplies\"},\"image\":{\"@id\":\"https:\\\/\\\/ink-tech.com\\\/#\\\/schema\\\/logo\\\/image\\\/\"},\"sameAs\":[\"https:\\\/\\\/www.pinterest.ca\\\/inktechmontreal\"]}]}<\/script>\n<!-- \/ Yoast SEO Premium plugin. -->","yoast_head_json":{"title":"Gloss Vinyl Grey Back 54''","description":"Notre vinyle adh\u00e9sif permanent brillant a un degr\u00e9 d'adh\u00e9rence \u00e9lev\u00e9 afin qu'il reste en place m\u00eame dans des conditions venteuses. Commandez aujourd'hui avant que les stocks ne soient \u00e9puis\u00e9s\u00a0!","robots":{"index":"index","follow":"follow","max-snippet":"max-snippet:-1","max-image-preview":"max-image-preview:large","max-video-preview":"max-video-preview:-1"},"canonical":"https:\/\/ink-tech.com\/fr\/produit\/vinyl-gloss-grey-back-54\/","og_locale":"fr_CA","og_type":"article","og_title":"Gloss Vinyl Grey Back 54''","og_description":"Our glossy Permanent Adhesive Vinyl has a high adhesion rating so it will hold up even in windy conditions. Order today before supplies run out!","og_url":"https:\/\/ink-tech.com\/fr\/produit\/vinyl-gloss-grey-back-54\/","og_site_name":"Digi Ink Montreal I Screen Printing Inks &amp; Supplies","article_modified_time":"2026-02-26T15:36:28+00:00","og_image":[{"width":600,"height":600,"url":"https:\/\/ink-tech.com\/wp-content\/uploads\/2021\/08\/Vinyl-Gloss-54-1.jpeg","type":"image\/jpeg"}],"twitter_card":"summary_large_image","twitter_misc":{"Estimation du temps de lecture":"1 minute"},"schema":{"@context":"https:\/\/schema.org","@graph":[{"@type":"WebPage","@id":"https:\/\/ink-tech.com\/product\/vinyl-gloss-grey-back-54\/","url":"https:\/\/ink-tech.com\/product\/vinyl-gloss-grey-back-54\/","name":"Gloss Vinyl Grey Back 54''","isPartOf":{"@id":"https:\/\/ink-tech.com\/#website"},"primaryImageOfPage":{"@id":"https:\/\/ink-tech.com\/product\/vinyl-gloss-grey-back-54\/#primaryimage"},"image":{"@id":"https:\/\/ink-tech.com\/product\/vinyl-gloss-grey-back-54\/#primaryimage"},"thumbnailUrl":"https:\/\/ink-tech.com\/wp-content\/uploads\/2021\/08\/Vinyl-Gloss-54-1.jpeg","datePublished":"2023-03-04T19:40:24+00:00","dateModified":"2026-02-26T15:36:28+00:00","description":"Notre vinyle adh\u00e9sif permanent brillant a un degr\u00e9 d'adh\u00e9rence \u00e9lev\u00e9 afin qu'il reste en place m\u00eame dans des conditions venteuses. Commandez aujourd'hui avant que les stocks ne soient \u00e9puis\u00e9s\u00a0!","breadcrumb":{"@id":"https:\/\/ink-tech.com\/product\/vinyl-gloss-grey-back-54\/#breadcrumb"},"inLanguage":"fr-CA","potentialAction":[{"@type":"ReadAction","target":["https:\/\/ink-tech.com\/product\/vinyl-gloss-grey-back-54\/"]}]},{"@type":"ImageObject","inLanguage":"fr-CA","@id":"https:\/\/ink-tech.com\/product\/vinyl-gloss-grey-back-54\/#primaryimage","url":"https:\/\/ink-tech.com\/wp-content\/uploads\/2021\/08\/Vinyl-Gloss-54-1.jpeg","contentUrl":"https:\/\/ink-tech.com\/wp-content\/uploads\/2021\/08\/Vinyl-Gloss-54-1.jpeg","width":600,"height":600,"caption":"Vinyl Gloss 54''"},{"@type":"BreadcrumbList","@id":"https:\/\/ink-tech.com\/product\/vinyl-gloss-grey-back-54\/#breadcrumb","itemListElement":[{"@type":"ListItem","position":1,"name":"Home","item":"https:\/\/ink-tech.com\/"},{"@type":"ListItem","position":2,"name":"Shop","item":"https:\/\/ink-tech.com\/shop\/"},{"@type":"ListItem","position":3,"name":"Gloss Vinyl Grey Back 54&#8221;"}]},{"@type":"WebSite","@id":"https:\/\/ink-tech.com\/#website","url":"https:\/\/ink-tech.com\/","name":"Digi Ink Technology Montreal I Digi Ink Screen Printing Inks & Supplies","description":"Premium Quality Inks at Prices You\u2019ll Love!","publisher":{"@id":"https:\/\/ink-tech.com\/#organization"},"potentialAction":[{"@type":"SearchAction","target":{"@type":"EntryPoint","urlTemplate":"https:\/\/ink-tech.com\/?s={search_term_string}"},"query-input":{"@type":"PropertyValueSpecification","valueRequired":true,"valueName":"search_term_string"}}],"inLanguage":"fr-CA"},{"@type":"Organization","@id":"https:\/\/ink-tech.com\/#organization","name":"Digi Ink Technology For Screen Printing Inks & Supplies","alternateName":"Digi Ink Technology For Screen Printing Inks & Supplies","url":"https:\/\/ink-tech.com\/","logo":{"@type":"ImageObject","inLanguage":"fr-CA","@id":"https:\/\/ink-tech.com\/#\/schema\/logo\/image\/","url":"https:\/\/ink-tech.com\/wp-content\/uploads\/2024\/11\/Digi-Ink-Logo.png","contentUrl":"https:\/\/ink-tech.com\/wp-content\/uploads\/2024\/11\/Digi-Ink-Logo.png","width":169,"height":74,"caption":"Digi Ink Technology For Screen Printing Inks & Supplies"},"image":{"@id":"https:\/\/ink-tech.com\/#\/schema\/logo\/image\/"},"sameAs":["https:\/\/www.pinterest.ca\/inktechmontreal"]}]}},"_links":{"self":[{"href":"https:\/\/ink-tech.com\/fr\/wp-json\/wp\/v2\/product\/2223","targetHints":{"allow":["GET"]}}],"collection":[{"href":"https:\/\/ink-tech.com\/fr\/wp-json\/wp\/v2\/product"}],"about":[{"href":"https:\/\/ink-tech.com\/fr\/wp-json\/wp\/v2\/types\/product"}],"replies":[{"embeddable":true,"href":"https:\/\/ink-tech.com\/fr\/wp-json\/wp\/v2\/comments?post=2223"}],"wp:featuredmedia":[{"embeddable":true,"href":"https:\/\/ink-tech.com\/fr\/wp-json\/wp\/v2\/media\/2294"}],"wp:attachment":[{"href":"https:\/\/ink-tech.com\/fr\/wp-json\/wp\/v2\/media?parent=2223"}],"wp:term":[{"taxonomy":"store","embeddable":true,"href":"https:\/\/ink-tech.com\/fr\/wp-json\/wp\/v2\/store?post=2223"},{"taxonomy":"product_brand","embeddable":true,"href":"https:\/\/ink-tech.com\/fr\/wp-json\/wp\/v2\/product_brand?post=2223"},{"taxonomy":"product_cat","embeddable":true,"href":"https:\/\/ink-tech.com\/fr\/wp-json\/wp\/v2\/product_cat?post=2223"},{"taxonomy":"product_tag","embeddable":true,"href":"https:\/\/ink-tech.com\/fr\/wp-json\/wp\/v2\/product_tag?post=2223"}],"curies":[{"name":"wp","href":"https:\/\/api.w.org\/{rel}","templated":true}]}}