{"id":2221,"date":"2021-08-04T14:33:05","date_gmt":"2021-08-04T19:33:05","guid":{"rendered":"https:\/\/ink-tech.com\/?post_type=product&#038;p=2221"},"modified":"2026-02-26T10:39:45","modified_gmt":"2026-02-26T15:39:45","slug":"vinyl-matte-grey-back-54","status":"publish","type":"product","link":"https:\/\/ink-tech.com\/fr\/produit\/vinyl-matte-grey-back-54\/","title":{"rendered":"Matte Vinyl Grey Back 54&#8221;"},"content":{"rendered":"<p>Le vinyle matte dos gris est destin\u00e9 \u00e0 \u00eatre utilis\u00e9 sur des imprimantes \u00e0 solvant, \u00e0 \u00e9co-solvant, \u00e0 s\u00e9chage UV et au latex. Ce vinyle a une bonne conformabilit\u00e9 et stabilit\u00e9 tout en b\u00e9n\u00e9ficiant d'une cote de durabilit\u00e9 en ext\u00e9rieur. Le vinyle matte est utilis\u00e9 dans des applications int\u00e9rieures et ext\u00e9rieures y compris le marquage, la d\u00e9coration et les graphiques de v\u00e9hicules.<\/p>","protected":false},"excerpt":{"rendered":"<ul>\n<li>Vinyle auto-adh\u00e9sif matte Dos gris 54\u201dx165\u2032<\/li>\n<li>Utilis\u00e9 en int\u00e9rieur et ext\u00e9rieur<\/li>\n<li>Finition matte<\/li>\n<li>Usage unique<\/li>\n<\/ul>","protected":false},"featured_media":2295,"comment_status":"open","ping_status":"closed","template":"","meta":[],"store":[172],"product_brand":[],"product_cat":[212],"product_tag":[333],"class_list":{"0":"post-2221","1":"product","2":"type-product","3":"status-publish","4":"has-post-thumbnail","6":"store-digi-ink","7":"product_cat-vinyl-matte","8":"product_tag-matte-vinyl-grey","10":"first","11":"instock","12":"taxable","13":"shipping-taxable","14":"purchasable","15":"product-type-simple"},"yoast_head":"<!-- This site is optimized with the Yoast SEO Premium plugin v23.4 (Yoast SEO v27.3) - https:\/\/yoast.com\/product\/yoast-seo-premium-wordpress\/ -->\n<title>Matte Vinyl Grey Back 54&#039;&#039;<\/title>\n<meta name=\"description\" content=\"Matte Vinyl Grey Back 54&#039;&#039; is For use on solvent, eco-solvent, UV curable and latex printers. This Matte vinyl has good conformability and stability\" \/>\n<meta name=\"robots\" content=\"index, follow, max-snippet:-1, max-image-preview:large, max-video-preview:-1\" \/>\n<link rel=\"canonical\" href=\"https:\/\/ink-tech.com\/fr\/produit\/vinyl-matte-grey-back-54\/\" \/>\n<meta property=\"og:locale\" content=\"fr_CA\" \/>\n<meta property=\"og:type\" content=\"article\" \/>\n<meta property=\"og:title\" content=\"Matte Vinyl Grey Back 54&#039;&#039;\" \/>\n<meta property=\"og:description\" content=\"Matte Vinyl Grey Back 54&#039;&#039; is For use on solvent, eco-solvent, UV curable and latex printers. This Matte vinyl has good conformability and stability\" \/>\n<meta property=\"og:url\" content=\"https:\/\/ink-tech.com\/fr\/produit\/vinyl-matte-grey-back-54\/\" \/>\n<meta property=\"og:site_name\" content=\"Digi Ink Montreal I Screen Printing Inks &amp; Supplies\" \/>\n<meta property=\"article:modified_time\" content=\"2026-02-26T15:39:45+00:00\" \/>\n<meta property=\"og:image\" content=\"https:\/\/ink-tech.com\/wp-content\/uploads\/2021\/08\/Vinyl-Matte-54-1.jpeg\" \/>\n\t<meta property=\"og:image:width\" content=\"600\" \/>\n\t<meta property=\"og:image:height\" content=\"600\" \/>\n\t<meta property=\"og:image:type\" content=\"image\/jpeg\" \/>\n<meta name=\"twitter:card\" content=\"summary_large_image\" \/>\n<meta name=\"twitter:label1\" content=\"Estimation du temps de lecture\" \/>\n\t<meta name=\"twitter:data1\" content=\"1 minute\" \/>\n<script type=\"application\/ld+json\" class=\"yoast-schema-graph\">{\"@context\":\"https:\\\/\\\/schema.org\",\"@graph\":[{\"@type\":\"WebPage\",\"@id\":\"https:\\\/\\\/ink-tech.com\\\/product\\\/vinyl-matte-grey-back-54\\\/\",\"url\":\"https:\\\/\\\/ink-tech.com\\\/product\\\/vinyl-matte-grey-back-54\\\/\",\"name\":\"Matte Vinyl Grey Back 54''\",\"isPartOf\":{\"@id\":\"https:\\\/\\\/ink-tech.com\\\/#website\"},\"primaryImageOfPage\":{\"@id\":\"https:\\\/\\\/ink-tech.com\\\/product\\\/vinyl-matte-grey-back-54\\\/#primaryimage\"},\"image\":{\"@id\":\"https:\\\/\\\/ink-tech.com\\\/product\\\/vinyl-matte-grey-back-54\\\/#primaryimage\"},\"thumbnailUrl\":\"https:\\\/\\\/ink-tech.com\\\/wp-content\\\/uploads\\\/2021\\\/08\\\/Vinyl-Matte-54-1.jpeg\",\"datePublished\":\"2021-08-04T19:33:05+00:00\",\"dateModified\":\"2026-02-26T15:39:45+00:00\",\"description\":\"Matte Vinyl Grey Back 54'' is For use on solvent, eco-solvent, UV curable and latex printers. This Matte vinyl has good conformability and stability\",\"breadcrumb\":{\"@id\":\"https:\\\/\\\/ink-tech.com\\\/product\\\/vinyl-matte-grey-back-54\\\/#breadcrumb\"},\"inLanguage\":\"fr-CA\",\"potentialAction\":[{\"@type\":\"ReadAction\",\"target\":[\"https:\\\/\\\/ink-tech.com\\\/product\\\/vinyl-matte-grey-back-54\\\/\"]}]},{\"@type\":\"ImageObject\",\"inLanguage\":\"fr-CA\",\"@id\":\"https:\\\/\\\/ink-tech.com\\\/product\\\/vinyl-matte-grey-back-54\\\/#primaryimage\",\"url\":\"https:\\\/\\\/ink-tech.com\\\/wp-content\\\/uploads\\\/2021\\\/08\\\/Vinyl-Matte-54-1.jpeg\",\"contentUrl\":\"https:\\\/\\\/ink-tech.com\\\/wp-content\\\/uploads\\\/2021\\\/08\\\/Vinyl-Matte-54-1.jpeg\",\"width\":600,\"height\":600,\"caption\":\"Vinyl Matte 54''\"},{\"@type\":\"BreadcrumbList\",\"@id\":\"https:\\\/\\\/ink-tech.com\\\/product\\\/vinyl-matte-grey-back-54\\\/#breadcrumb\",\"itemListElement\":[{\"@type\":\"ListItem\",\"position\":1,\"name\":\"Home\",\"item\":\"https:\\\/\\\/ink-tech.com\\\/\"},{\"@type\":\"ListItem\",\"position\":2,\"name\":\"Shop\",\"item\":\"https:\\\/\\\/ink-tech.com\\\/shop\\\/\"},{\"@type\":\"ListItem\",\"position\":3,\"name\":\"Matte Vinyl Grey Back 54&#8221;\"}]},{\"@type\":\"WebSite\",\"@id\":\"https:\\\/\\\/ink-tech.com\\\/#website\",\"url\":\"https:\\\/\\\/ink-tech.com\\\/\",\"name\":\"Digi Ink Technology Montreal I Digi Ink Screen Printing Inks & Supplies\",\"description\":\"Premium Quality Inks at Prices You\u2019ll Love!\",\"publisher\":{\"@id\":\"https:\\\/\\\/ink-tech.com\\\/#organization\"},\"potentialAction\":[{\"@type\":\"SearchAction\",\"target\":{\"@type\":\"EntryPoint\",\"urlTemplate\":\"https:\\\/\\\/ink-tech.com\\\/?s={search_term_string}\"},\"query-input\":{\"@type\":\"PropertyValueSpecification\",\"valueRequired\":true,\"valueName\":\"search_term_string\"}}],\"inLanguage\":\"fr-CA\"},{\"@type\":\"Organization\",\"@id\":\"https:\\\/\\\/ink-tech.com\\\/#organization\",\"name\":\"Digi Ink Technology For Screen Printing Inks & Supplies\",\"alternateName\":\"Digi Ink Technology For Screen Printing Inks & Supplies\",\"url\":\"https:\\\/\\\/ink-tech.com\\\/\",\"logo\":{\"@type\":\"ImageObject\",\"inLanguage\":\"fr-CA\",\"@id\":\"https:\\\/\\\/ink-tech.com\\\/#\\\/schema\\\/logo\\\/image\\\/\",\"url\":\"https:\\\/\\\/ink-tech.com\\\/wp-content\\\/uploads\\\/2024\\\/11\\\/Digi-Ink-Logo.png\",\"contentUrl\":\"https:\\\/\\\/ink-tech.com\\\/wp-content\\\/uploads\\\/2024\\\/11\\\/Digi-Ink-Logo.png\",\"width\":169,\"height\":74,\"caption\":\"Digi Ink Technology For Screen Printing Inks & Supplies\"},\"image\":{\"@id\":\"https:\\\/\\\/ink-tech.com\\\/#\\\/schema\\\/logo\\\/image\\\/\"},\"sameAs\":[\"https:\\\/\\\/www.pinterest.ca\\\/inktechmontreal\"]}]}<\/script>\n<!-- \/ Yoast SEO Premium plugin. -->","yoast_head_json":{"title":"Matte Vinyl Grey Back 54''","description":"Matte Vinyl Grey Back 54'' is For use on solvent, eco-solvent, UV curable and latex printers. This Matte vinyl has good conformability and stability","robots":{"index":"index","follow":"follow","max-snippet":"max-snippet:-1","max-image-preview":"max-image-preview:large","max-video-preview":"max-video-preview:-1"},"canonical":"https:\/\/ink-tech.com\/fr\/produit\/vinyl-matte-grey-back-54\/","og_locale":"fr_CA","og_type":"article","og_title":"Matte Vinyl Grey Back 54''","og_description":"Matte Vinyl Grey Back 54'' is For use on solvent, eco-solvent, UV curable and latex printers. This Matte vinyl has good conformability and stability","og_url":"https:\/\/ink-tech.com\/fr\/produit\/vinyl-matte-grey-back-54\/","og_site_name":"Digi Ink Montreal I Screen Printing Inks &amp; Supplies","article_modified_time":"2026-02-26T15:39:45+00:00","og_image":[{"width":600,"height":600,"url":"https:\/\/ink-tech.com\/wp-content\/uploads\/2021\/08\/Vinyl-Matte-54-1.jpeg","type":"image\/jpeg"}],"twitter_card":"summary_large_image","twitter_misc":{"Estimation du temps de lecture":"1 minute"},"schema":{"@context":"https:\/\/schema.org","@graph":[{"@type":"WebPage","@id":"https:\/\/ink-tech.com\/product\/vinyl-matte-grey-back-54\/","url":"https:\/\/ink-tech.com\/product\/vinyl-matte-grey-back-54\/","name":"Matte Vinyl Grey Back 54''","isPartOf":{"@id":"https:\/\/ink-tech.com\/#website"},"primaryImageOfPage":{"@id":"https:\/\/ink-tech.com\/product\/vinyl-matte-grey-back-54\/#primaryimage"},"image":{"@id":"https:\/\/ink-tech.com\/product\/vinyl-matte-grey-back-54\/#primaryimage"},"thumbnailUrl":"https:\/\/ink-tech.com\/wp-content\/uploads\/2021\/08\/Vinyl-Matte-54-1.jpeg","datePublished":"2021-08-04T19:33:05+00:00","dateModified":"2026-02-26T15:39:45+00:00","description":"Matte Vinyl Grey Back 54'' is For use on solvent, eco-solvent, UV curable and latex printers. This Matte vinyl has good conformability and stability","breadcrumb":{"@id":"https:\/\/ink-tech.com\/product\/vinyl-matte-grey-back-54\/#breadcrumb"},"inLanguage":"fr-CA","potentialAction":[{"@type":"ReadAction","target":["https:\/\/ink-tech.com\/product\/vinyl-matte-grey-back-54\/"]}]},{"@type":"ImageObject","inLanguage":"fr-CA","@id":"https:\/\/ink-tech.com\/product\/vinyl-matte-grey-back-54\/#primaryimage","url":"https:\/\/ink-tech.com\/wp-content\/uploads\/2021\/08\/Vinyl-Matte-54-1.jpeg","contentUrl":"https:\/\/ink-tech.com\/wp-content\/uploads\/2021\/08\/Vinyl-Matte-54-1.jpeg","width":600,"height":600,"caption":"Vinyl Matte 54''"},{"@type":"BreadcrumbList","@id":"https:\/\/ink-tech.com\/product\/vinyl-matte-grey-back-54\/#breadcrumb","itemListElement":[{"@type":"ListItem","position":1,"name":"Home","item":"https:\/\/ink-tech.com\/"},{"@type":"ListItem","position":2,"name":"Shop","item":"https:\/\/ink-tech.com\/shop\/"},{"@type":"ListItem","position":3,"name":"Matte Vinyl Grey Back 54&#8221;"}]},{"@type":"WebSite","@id":"https:\/\/ink-tech.com\/#website","url":"https:\/\/ink-tech.com\/","name":"Digi Ink Technology Montreal I Digi Ink Screen Printing Inks & Supplies","description":"Premium Quality Inks at Prices You\u2019ll Love!","publisher":{"@id":"https:\/\/ink-tech.com\/#organization"},"potentialAction":[{"@type":"SearchAction","target":{"@type":"EntryPoint","urlTemplate":"https:\/\/ink-tech.com\/?s={search_term_string}"},"query-input":{"@type":"PropertyValueSpecification","valueRequired":true,"valueName":"search_term_string"}}],"inLanguage":"fr-CA"},{"@type":"Organization","@id":"https:\/\/ink-tech.com\/#organization","name":"Digi Ink Technology For Screen Printing Inks & Supplies","alternateName":"Digi Ink Technology For Screen Printing Inks & Supplies","url":"https:\/\/ink-tech.com\/","logo":{"@type":"ImageObject","inLanguage":"fr-CA","@id":"https:\/\/ink-tech.com\/#\/schema\/logo\/image\/","url":"https:\/\/ink-tech.com\/wp-content\/uploads\/2024\/11\/Digi-Ink-Logo.png","contentUrl":"https:\/\/ink-tech.com\/wp-content\/uploads\/2024\/11\/Digi-Ink-Logo.png","width":169,"height":74,"caption":"Digi Ink Technology For Screen Printing Inks & Supplies"},"image":{"@id":"https:\/\/ink-tech.com\/#\/schema\/logo\/image\/"},"sameAs":["https:\/\/www.pinterest.ca\/inktechmontreal"]}]}},"_links":{"self":[{"href":"https:\/\/ink-tech.com\/fr\/wp-json\/wp\/v2\/product\/2221","targetHints":{"allow":["GET"]}}],"collection":[{"href":"https:\/\/ink-tech.com\/fr\/wp-json\/wp\/v2\/product"}],"about":[{"href":"https:\/\/ink-tech.com\/fr\/wp-json\/wp\/v2\/types\/product"}],"replies":[{"embeddable":true,"href":"https:\/\/ink-tech.com\/fr\/wp-json\/wp\/v2\/comments?post=2221"}],"wp:featuredmedia":[{"embeddable":true,"href":"https:\/\/ink-tech.com\/fr\/wp-json\/wp\/v2\/media\/2295"}],"wp:attachment":[{"href":"https:\/\/ink-tech.com\/fr\/wp-json\/wp\/v2\/media?parent=2221"}],"wp:term":[{"taxonomy":"store","embeddable":true,"href":"https:\/\/ink-tech.com\/fr\/wp-json\/wp\/v2\/store?post=2221"},{"taxonomy":"product_brand","embeddable":true,"href":"https:\/\/ink-tech.com\/fr\/wp-json\/wp\/v2\/product_brand?post=2221"},{"taxonomy":"product_cat","embeddable":true,"href":"https:\/\/ink-tech.com\/fr\/wp-json\/wp\/v2\/product_cat?post=2221"},{"taxonomy":"product_tag","embeddable":true,"href":"https:\/\/ink-tech.com\/fr\/wp-json\/wp\/v2\/product_tag?post=2221"}],"curies":[{"name":"wp","href":"https:\/\/api.w.org\/{rel}","templated":true}]}}