{"id":2176,"date":"2021-08-04T08:07:47","date_gmt":"2021-08-04T13:07:47","guid":{"rendered":"https:\/\/ink-tech.com\/?post_type=product&#038;p=2176"},"modified":"2025-11-12T13:48:43","modified_gmt":"2025-11-12T18:48:43","slug":"plastex-black-1515-matte","status":"publish","type":"product","link":"https:\/\/ink-tech.com\/fr\/produit\/plastex-black-1515-matte\/","title":{"rendered":"Plastex Black 1515 Matte"},"content":{"rendered":"<p>L'encre PLASTEX BLACK 1515 Matte est sans phtalates et a une finition mate qui garantit \u00e0 vos impressions leur meilleur aspect. Il s\u00e8che \u00e9galement rapidement et adh\u00e8re \u00e0 la plupart des surfaces, ce qui le rend parfait pour une utilisation sur les tissus, sacs et autres articles. Cette excellente encre polyvalente pr\u00e9sente des caract\u00e9ristiques fluides pour une impression constante. Digi Ink a d\u00e9velopp\u00e9 une formule sp\u00e9ciale qui garantit que vos tissus imprim\u00e9s restent nets et neufs pendant des ann\u00e9es.<\/p>","protected":false},"excerpt":{"rendered":"<ul>\n<li>Sans phtalates<\/li>\n<li>Cr\u00e9meuse<\/li>\n<li>Excellente couverture<\/li>\n<\/ul>","protected":false},"featured_media":2179,"comment_status":"open","ping_status":"closed","template":"","meta":[],"store":[172],"product_brand":[281],"product_cat":[189],"product_tag":[241,240],"class_list":{"0":"post-2176","1":"product","2":"type-product","3":"status-publish","4":"has-post-thumbnail","6":"store-digi-ink","7":"product_brand-digi-ink","8":"product_cat-plastex-black","9":"product_tag-black-plastisol-ink","10":"product_tag-plastisol-noir","11":"pa_brand-digi-ink","13":"first","14":"instock","15":"taxable","16":"shipping-taxable","17":"purchasable","18":"product-type-variable"},"yoast_head":"<!-- This site is optimized with the Yoast SEO Premium plugin v23.4 (Yoast SEO v27.5) - https:\/\/yoast.com\/product\/yoast-seo-premium-wordpress\/ -->\n<title>Plastex Black 1515 Matte &#8211; Matte Finsih &amp; Phthalate Free<\/title>\n<meta name=\"description\" content=\"PLASTEX BLACK 1515 Matte ink is phthalate free and has a matte finish that ensures your prints look their best. It also dries quickly and adheres to most\" \/>\n<meta name=\"robots\" content=\"index, follow, max-snippet:-1, max-image-preview:large, max-video-preview:-1\" \/>\n<link rel=\"canonical\" href=\"https:\/\/ink-tech.com\/fr\/produit\/plastex-black-1515-matte\/\" \/>\n<meta property=\"og:locale\" content=\"fr_CA\" \/>\n<meta property=\"og:type\" content=\"article\" \/>\n<meta property=\"og:title\" content=\"Plastex Black 1515 Matte\" \/>\n<meta property=\"og:description\" content=\"PLASTEX BLACK 1515 Matte ink is phthalate free and has a matte finish that ensures your prints look their best. It also dries quickly and adheres to most\" \/>\n<meta property=\"og:url\" content=\"https:\/\/ink-tech.com\/fr\/produit\/plastex-black-1515-matte\/\" \/>\n<meta property=\"og:site_name\" content=\"Digi Ink Montreal I Screen Printing Inks &amp; Supplies\" \/>\n<meta property=\"article:modified_time\" content=\"2025-11-12T18:48:43+00:00\" \/>\n<meta property=\"og:image\" content=\"https:\/\/ink-tech.com\/wp-content\/uploads\/2021\/08\/Plastex-Black-1515-Matte.png\" \/>\n\t<meta property=\"og:image:width\" content=\"600\" \/>\n\t<meta property=\"og:image:height\" content=\"600\" \/>\n\t<meta property=\"og:image:type\" content=\"image\/png\" \/>\n<meta name=\"twitter:card\" content=\"summary_large_image\" \/>\n<meta name=\"twitter:label1\" content=\"Estimation du temps de lecture\" \/>\n\t<meta name=\"twitter:data1\" content=\"1 minute\" \/>\n<script type=\"application\/ld+json\" class=\"yoast-schema-graph\">{\"@context\":\"https:\\\/\\\/schema.org\",\"@graph\":[{\"@type\":\"WebPage\",\"@id\":\"https:\\\/\\\/ink-tech.com\\\/product\\\/plastex-black-1515-matte\\\/\",\"url\":\"https:\\\/\\\/ink-tech.com\\\/product\\\/plastex-black-1515-matte\\\/\",\"name\":\"Plastex Black 1515 Matte &#8211; Matte Finsih & Phthalate Free\",\"isPartOf\":{\"@id\":\"https:\\\/\\\/ink-tech.com\\\/#website\"},\"primaryImageOfPage\":{\"@id\":\"https:\\\/\\\/ink-tech.com\\\/product\\\/plastex-black-1515-matte\\\/#primaryimage\"},\"image\":{\"@id\":\"https:\\\/\\\/ink-tech.com\\\/product\\\/plastex-black-1515-matte\\\/#primaryimage\"},\"thumbnailUrl\":\"https:\\\/\\\/ink-tech.com\\\/wp-content\\\/uploads\\\/2021\\\/08\\\/Plastex-Black-1515-Matte.png\",\"datePublished\":\"2021-08-04T13:07:47+00:00\",\"dateModified\":\"2025-11-12T18:48:43+00:00\",\"description\":\"PLASTEX BLACK 1515 Matte ink is phthalate free and has a matte finish that ensures your prints look their best. It also dries quickly and adheres to most\",\"breadcrumb\":{\"@id\":\"https:\\\/\\\/ink-tech.com\\\/product\\\/plastex-black-1515-matte\\\/#breadcrumb\"},\"inLanguage\":\"fr-CA\",\"potentialAction\":[{\"@type\":\"ReadAction\",\"target\":[\"https:\\\/\\\/ink-tech.com\\\/product\\\/plastex-black-1515-matte\\\/\"]}]},{\"@type\":\"ImageObject\",\"inLanguage\":\"fr-CA\",\"@id\":\"https:\\\/\\\/ink-tech.com\\\/product\\\/plastex-black-1515-matte\\\/#primaryimage\",\"url\":\"https:\\\/\\\/ink-tech.com\\\/wp-content\\\/uploads\\\/2021\\\/08\\\/Plastex-Black-1515-Matte.png\",\"contentUrl\":\"https:\\\/\\\/ink-tech.com\\\/wp-content\\\/uploads\\\/2021\\\/08\\\/Plastex-Black-1515-Matte.png\",\"width\":600,\"height\":600,\"caption\":\"Plastex Black 1515 Matte\"},{\"@type\":\"BreadcrumbList\",\"@id\":\"https:\\\/\\\/ink-tech.com\\\/product\\\/plastex-black-1515-matte\\\/#breadcrumb\",\"itemListElement\":[{\"@type\":\"ListItem\",\"position\":1,\"name\":\"Home\",\"item\":\"https:\\\/\\\/ink-tech.com\\\/\"},{\"@type\":\"ListItem\",\"position\":2,\"name\":\"Shop\",\"item\":\"https:\\\/\\\/ink-tech.com\\\/shop\\\/\"},{\"@type\":\"ListItem\",\"position\":3,\"name\":\"Plastex Black 1515 Matte\"}]},{\"@type\":\"WebSite\",\"@id\":\"https:\\\/\\\/ink-tech.com\\\/#website\",\"url\":\"https:\\\/\\\/ink-tech.com\\\/\",\"name\":\"Digi Ink Technology Montreal I Digi Ink Screen Printing Inks & Supplies\",\"description\":\"Premium Quality Inks at Prices You\u2019ll Love!\",\"publisher\":{\"@id\":\"https:\\\/\\\/ink-tech.com\\\/#organization\"},\"potentialAction\":[{\"@type\":\"SearchAction\",\"target\":{\"@type\":\"EntryPoint\",\"urlTemplate\":\"https:\\\/\\\/ink-tech.com\\\/?s={search_term_string}\"},\"query-input\":{\"@type\":\"PropertyValueSpecification\",\"valueRequired\":true,\"valueName\":\"search_term_string\"}}],\"inLanguage\":\"fr-CA\"},{\"@type\":\"Organization\",\"@id\":\"https:\\\/\\\/ink-tech.com\\\/#organization\",\"name\":\"Digi Ink Technology For Screen Printing Inks & Supplies\",\"alternateName\":\"Digi Ink Technology For Screen Printing Inks & Supplies\",\"url\":\"https:\\\/\\\/ink-tech.com\\\/\",\"logo\":{\"@type\":\"ImageObject\",\"inLanguage\":\"fr-CA\",\"@id\":\"https:\\\/\\\/ink-tech.com\\\/#\\\/schema\\\/logo\\\/image\\\/\",\"url\":\"https:\\\/\\\/ink-tech.com\\\/wp-content\\\/uploads\\\/2024\\\/11\\\/Digi-Ink-Logo.png\",\"contentUrl\":\"https:\\\/\\\/ink-tech.com\\\/wp-content\\\/uploads\\\/2024\\\/11\\\/Digi-Ink-Logo.png\",\"width\":169,\"height\":74,\"caption\":\"Digi Ink Technology For Screen Printing Inks & Supplies\"},\"image\":{\"@id\":\"https:\\\/\\\/ink-tech.com\\\/#\\\/schema\\\/logo\\\/image\\\/\"},\"sameAs\":[\"https:\\\/\\\/www.pinterest.ca\\\/inktechmontreal\"]}]}<\/script>\n<!-- \/ Yoast SEO Premium plugin. -->","yoast_head_json":{"title":"Plastex Black 1515 Matte &#8211; Matte Finsih & Phthalate Free","description":"PLASTEX BLACK 1515 Matte ink is phthalate free and has a matte finish that ensures your prints look their best. It also dries quickly and adheres to most","robots":{"index":"index","follow":"follow","max-snippet":"max-snippet:-1","max-image-preview":"max-image-preview:large","max-video-preview":"max-video-preview:-1"},"canonical":"https:\/\/ink-tech.com\/fr\/produit\/plastex-black-1515-matte\/","og_locale":"fr_CA","og_type":"article","og_title":"Plastex Black 1515 Matte","og_description":"PLASTEX BLACK 1515 Matte ink is phthalate free and has a matte finish that ensures your prints look their best. It also dries quickly and adheres to most","og_url":"https:\/\/ink-tech.com\/fr\/produit\/plastex-black-1515-matte\/","og_site_name":"Digi Ink Montreal I Screen Printing Inks &amp; Supplies","article_modified_time":"2025-11-12T18:48:43+00:00","og_image":[{"width":600,"height":600,"url":"https:\/\/ink-tech.com\/wp-content\/uploads\/2021\/08\/Plastex-Black-1515-Matte.png","type":"image\/png"}],"twitter_card":"summary_large_image","twitter_misc":{"Estimation du temps de lecture":"1 minute"},"schema":{"@context":"https:\/\/schema.org","@graph":[{"@type":"WebPage","@id":"https:\/\/ink-tech.com\/product\/plastex-black-1515-matte\/","url":"https:\/\/ink-tech.com\/product\/plastex-black-1515-matte\/","name":"Plastex Black 1515 Matte &#8211; Matte Finsih & Phthalate Free","isPartOf":{"@id":"https:\/\/ink-tech.com\/#website"},"primaryImageOfPage":{"@id":"https:\/\/ink-tech.com\/product\/plastex-black-1515-matte\/#primaryimage"},"image":{"@id":"https:\/\/ink-tech.com\/product\/plastex-black-1515-matte\/#primaryimage"},"thumbnailUrl":"https:\/\/ink-tech.com\/wp-content\/uploads\/2021\/08\/Plastex-Black-1515-Matte.png","datePublished":"2021-08-04T13:07:47+00:00","dateModified":"2025-11-12T18:48:43+00:00","description":"PLASTEX BLACK 1515 Matte ink is phthalate free and has a matte finish that ensures your prints look their best. It also dries quickly and adheres to most","breadcrumb":{"@id":"https:\/\/ink-tech.com\/product\/plastex-black-1515-matte\/#breadcrumb"},"inLanguage":"fr-CA","potentialAction":[{"@type":"ReadAction","target":["https:\/\/ink-tech.com\/product\/plastex-black-1515-matte\/"]}]},{"@type":"ImageObject","inLanguage":"fr-CA","@id":"https:\/\/ink-tech.com\/product\/plastex-black-1515-matte\/#primaryimage","url":"https:\/\/ink-tech.com\/wp-content\/uploads\/2021\/08\/Plastex-Black-1515-Matte.png","contentUrl":"https:\/\/ink-tech.com\/wp-content\/uploads\/2021\/08\/Plastex-Black-1515-Matte.png","width":600,"height":600,"caption":"Plastex Black 1515 Matte"},{"@type":"BreadcrumbList","@id":"https:\/\/ink-tech.com\/product\/plastex-black-1515-matte\/#breadcrumb","itemListElement":[{"@type":"ListItem","position":1,"name":"Home","item":"https:\/\/ink-tech.com\/"},{"@type":"ListItem","position":2,"name":"Shop","item":"https:\/\/ink-tech.com\/shop\/"},{"@type":"ListItem","position":3,"name":"Plastex Black 1515 Matte"}]},{"@type":"WebSite","@id":"https:\/\/ink-tech.com\/#website","url":"https:\/\/ink-tech.com\/","name":"Digi Ink Technology Montreal I Digi Ink Screen Printing Inks & Supplies","description":"Premium Quality Inks at Prices You\u2019ll Love!","publisher":{"@id":"https:\/\/ink-tech.com\/#organization"},"potentialAction":[{"@type":"SearchAction","target":{"@type":"EntryPoint","urlTemplate":"https:\/\/ink-tech.com\/?s={search_term_string}"},"query-input":{"@type":"PropertyValueSpecification","valueRequired":true,"valueName":"search_term_string"}}],"inLanguage":"fr-CA"},{"@type":"Organization","@id":"https:\/\/ink-tech.com\/#organization","name":"Digi Ink Technology For Screen Printing Inks & Supplies","alternateName":"Digi Ink Technology For Screen Printing Inks & Supplies","url":"https:\/\/ink-tech.com\/","logo":{"@type":"ImageObject","inLanguage":"fr-CA","@id":"https:\/\/ink-tech.com\/#\/schema\/logo\/image\/","url":"https:\/\/ink-tech.com\/wp-content\/uploads\/2024\/11\/Digi-Ink-Logo.png","contentUrl":"https:\/\/ink-tech.com\/wp-content\/uploads\/2024\/11\/Digi-Ink-Logo.png","width":169,"height":74,"caption":"Digi Ink Technology For Screen Printing Inks & Supplies"},"image":{"@id":"https:\/\/ink-tech.com\/#\/schema\/logo\/image\/"},"sameAs":["https:\/\/www.pinterest.ca\/inktechmontreal"]}]}},"_links":{"self":[{"href":"https:\/\/ink-tech.com\/fr\/wp-json\/wp\/v2\/product\/2176","targetHints":{"allow":["GET"]}}],"collection":[{"href":"https:\/\/ink-tech.com\/fr\/wp-json\/wp\/v2\/product"}],"about":[{"href":"https:\/\/ink-tech.com\/fr\/wp-json\/wp\/v2\/types\/product"}],"replies":[{"embeddable":true,"href":"https:\/\/ink-tech.com\/fr\/wp-json\/wp\/v2\/comments?post=2176"}],"wp:featuredmedia":[{"embeddable":true,"href":"https:\/\/ink-tech.com\/fr\/wp-json\/wp\/v2\/media\/2179"}],"wp:attachment":[{"href":"https:\/\/ink-tech.com\/fr\/wp-json\/wp\/v2\/media?parent=2176"}],"wp:term":[{"taxonomy":"store","embeddable":true,"href":"https:\/\/ink-tech.com\/fr\/wp-json\/wp\/v2\/store?post=2176"},{"taxonomy":"product_brand","embeddable":true,"href":"https:\/\/ink-tech.com\/fr\/wp-json\/wp\/v2\/product_brand?post=2176"},{"taxonomy":"product_cat","embeddable":true,"href":"https:\/\/ink-tech.com\/fr\/wp-json\/wp\/v2\/product_cat?post=2176"},{"taxonomy":"product_tag","embeddable":true,"href":"https:\/\/ink-tech.com\/fr\/wp-json\/wp\/v2\/product_tag?post=2176"}],"curies":[{"name":"wp","href":"https:\/\/api.w.org\/{rel}","templated":true}]}}