{"id":2125,"date":"2021-07-31T23:51:16","date_gmt":"2021-08-01T04:51:16","guid":{"rendered":"https:\/\/ink-tech.com\/?post_type=product&#038;p=2125"},"modified":"2025-11-12T14:51:20","modified_gmt":"2025-11-12T19:51:20","slug":"plastex-polar-white","status":"publish","type":"product","link":"https:\/\/ink-tech.com\/fr\/produit\/plastex-polar-white\/","title":{"rendered":"Plastisol Blanc Polar"},"content":{"rendered":"<p>Polar White is Ink-Tech&#8217;s newest high opacity LOW-Bleed White, 100% polyester formulated to be an extremely bright white and excellent bleed resistance on polyester blended fabrics. Polar White viscosity is stable and ready to use straight from the container. POLAR White is designed for both manual and automatic printing.<\/p>\n<p><strong>APPLICATIONS<\/strong><\/p>\n<ul>\n<li>Impression directe<\/li>\n<li>Stable viscosit\u00e9<\/li>\n<li>Facile \u00e0 imprimer<\/li>\n<\/ul>\n<p><strong>FEATURES<\/strong><\/p>\n<ul>\n<li>R\u00e9sistance au saignement extr\u00eamement faible<\/li>\n<li>Tr\u00e8s opaque<\/li>\n<li>Facile \u00e0 imprimer sur une presse manuelle ou automatique<\/li>\n<li>Stabilit\u00e9 de viscosit\u00e9 am\u00e9lior\u00e9e<\/li>\n<\/ul>","protected":false},"excerpt":{"rendered":"<p>Plastisol Blanc Polar<\/p>","protected":false},"featured_media":2132,"comment_status":"open","ping_status":"closed","template":"","meta":[],"store":[172],"product_brand":[281],"product_cat":[187],"product_tag":[245],"class_list":{"0":"post-2125","1":"product","2":"type-product","3":"status-publish","4":"has-post-thumbnail","6":"store-digi-ink","7":"product_brand-digi-ink","8":"product_cat-plastex-white","9":"product_tag-polar-white-plastisol-ink","10":"pa_brand-digi-ink","12":"first","13":"onbackorder","14":"taxable","15":"shipping-taxable","16":"purchasable","17":"product-type-variable"},"yoast_head":"<!-- This site is optimized with the Yoast SEO Premium plugin v23.4 (Yoast SEO v27.3) - https:\/\/yoast.com\/product\/yoast-seo-premium-wordpress\/ -->\n<title>Plastex Polar White<\/title>\n<meta name=\"description\" content=\"Polar White is Ink-Tech&#039;s newest high opacity LOW-BLEEB White, Polar White is formulated to be an extremely bright white and excellent bleed resistance on polyester blended fabrics\" \/>\n<meta name=\"robots\" content=\"index, follow, max-snippet:-1, max-image-preview:large, max-video-preview:-1\" \/>\n<link rel=\"canonical\" href=\"https:\/\/ink-tech.com\/fr\/produit\/plastex-polar-white\/\" \/>\n<meta property=\"og:locale\" content=\"fr_CA\" \/>\n<meta property=\"og:type\" content=\"article\" \/>\n<meta property=\"og:title\" content=\"Plastex Polar White\" \/>\n<meta property=\"og:description\" content=\"Polar White is Ink-Tech&#039;s newest high opacity LOW-BLEEB White, Polar White is formulated to be an extremely bright white and excellent bleed resistance on polyester blended fabrics\" \/>\n<meta property=\"og:url\" content=\"https:\/\/ink-tech.com\/fr\/produit\/plastex-polar-white\/\" \/>\n<meta property=\"og:site_name\" content=\"Digi Ink Montreal I Screen Printing Inks &amp; Supplies\" \/>\n<meta property=\"article:modified_time\" content=\"2025-11-12T19:51:20+00:00\" \/>\n<meta property=\"og:image\" content=\"https:\/\/ink-tech.com\/wp-content\/uploads\/2021\/07\/Plastex-Polar-White.png\" \/>\n\t<meta property=\"og:image:width\" content=\"600\" \/>\n\t<meta property=\"og:image:height\" content=\"600\" \/>\n\t<meta property=\"og:image:type\" content=\"image\/png\" \/>\n<meta name=\"twitter:card\" content=\"summary_large_image\" \/>\n<meta name=\"twitter:label1\" content=\"Estimation du temps de lecture\" \/>\n\t<meta name=\"twitter:data1\" content=\"1 minute\" \/>\n<script type=\"application\/ld+json\" class=\"yoast-schema-graph\">{\"@context\":\"https:\\\/\\\/schema.org\",\"@graph\":[{\"@type\":\"WebPage\",\"@id\":\"https:\\\/\\\/ink-tech.com\\\/product\\\/plastex-polar-white\\\/\",\"url\":\"https:\\\/\\\/ink-tech.com\\\/product\\\/plastex-polar-white\\\/\",\"name\":\"Plastex Polar White\",\"isPartOf\":{\"@id\":\"https:\\\/\\\/ink-tech.com\\\/#website\"},\"primaryImageOfPage\":{\"@id\":\"https:\\\/\\\/ink-tech.com\\\/product\\\/plastex-polar-white\\\/#primaryimage\"},\"image\":{\"@id\":\"https:\\\/\\\/ink-tech.com\\\/product\\\/plastex-polar-white\\\/#primaryimage\"},\"thumbnailUrl\":\"https:\\\/\\\/ink-tech.com\\\/wp-content\\\/uploads\\\/2021\\\/07\\\/Plastex-Polar-White.png\",\"datePublished\":\"2021-08-01T04:51:16+00:00\",\"dateModified\":\"2025-11-12T19:51:20+00:00\",\"description\":\"Polar White is Ink-Tech's newest high opacity LOW-BLEEB White, Polar White is formulated to be an extremely bright white and excellent bleed resistance on polyester blended fabrics\",\"breadcrumb\":{\"@id\":\"https:\\\/\\\/ink-tech.com\\\/product\\\/plastex-polar-white\\\/#breadcrumb\"},\"inLanguage\":\"fr-CA\",\"potentialAction\":[{\"@type\":\"ReadAction\",\"target\":[\"https:\\\/\\\/ink-tech.com\\\/product\\\/plastex-polar-white\\\/\"]}]},{\"@type\":\"ImageObject\",\"inLanguage\":\"fr-CA\",\"@id\":\"https:\\\/\\\/ink-tech.com\\\/product\\\/plastex-polar-white\\\/#primaryimage\",\"url\":\"https:\\\/\\\/ink-tech.com\\\/wp-content\\\/uploads\\\/2021\\\/07\\\/Plastex-Polar-White.png\",\"contentUrl\":\"https:\\\/\\\/ink-tech.com\\\/wp-content\\\/uploads\\\/2021\\\/07\\\/Plastex-Polar-White.png\",\"width\":600,\"height\":600,\"caption\":\"Plastex Polar White\"},{\"@type\":\"BreadcrumbList\",\"@id\":\"https:\\\/\\\/ink-tech.com\\\/product\\\/plastex-polar-white\\\/#breadcrumb\",\"itemListElement\":[{\"@type\":\"ListItem\",\"position\":1,\"name\":\"Home\",\"item\":\"https:\\\/\\\/ink-tech.com\\\/\"},{\"@type\":\"ListItem\",\"position\":2,\"name\":\"Shop\",\"item\":\"https:\\\/\\\/ink-tech.com\\\/shop\\\/\"},{\"@type\":\"ListItem\",\"position\":3,\"name\":\"Plastex Polar White\"}]},{\"@type\":\"WebSite\",\"@id\":\"https:\\\/\\\/ink-tech.com\\\/#website\",\"url\":\"https:\\\/\\\/ink-tech.com\\\/\",\"name\":\"Digi Ink Technology Montreal I Digi Ink Screen Printing Inks & Supplies\",\"description\":\"Premium Quality Inks at Prices You\u2019ll Love!\",\"publisher\":{\"@id\":\"https:\\\/\\\/ink-tech.com\\\/#organization\"},\"potentialAction\":[{\"@type\":\"SearchAction\",\"target\":{\"@type\":\"EntryPoint\",\"urlTemplate\":\"https:\\\/\\\/ink-tech.com\\\/?s={search_term_string}\"},\"query-input\":{\"@type\":\"PropertyValueSpecification\",\"valueRequired\":true,\"valueName\":\"search_term_string\"}}],\"inLanguage\":\"fr-CA\"},{\"@type\":\"Organization\",\"@id\":\"https:\\\/\\\/ink-tech.com\\\/#organization\",\"name\":\"Digi Ink Technology For Screen Printing Inks & Supplies\",\"alternateName\":\"Digi Ink Technology For Screen Printing Inks & Supplies\",\"url\":\"https:\\\/\\\/ink-tech.com\\\/\",\"logo\":{\"@type\":\"ImageObject\",\"inLanguage\":\"fr-CA\",\"@id\":\"https:\\\/\\\/ink-tech.com\\\/#\\\/schema\\\/logo\\\/image\\\/\",\"url\":\"https:\\\/\\\/ink-tech.com\\\/wp-content\\\/uploads\\\/2024\\\/11\\\/Digi-Ink-Logo.png\",\"contentUrl\":\"https:\\\/\\\/ink-tech.com\\\/wp-content\\\/uploads\\\/2024\\\/11\\\/Digi-Ink-Logo.png\",\"width\":169,\"height\":74,\"caption\":\"Digi Ink Technology For Screen Printing Inks & Supplies\"},\"image\":{\"@id\":\"https:\\\/\\\/ink-tech.com\\\/#\\\/schema\\\/logo\\\/image\\\/\"},\"sameAs\":[\"https:\\\/\\\/www.pinterest.ca\\\/inktechmontreal\"]}]}<\/script>\n<!-- \/ Yoast SEO Premium plugin. -->","yoast_head_json":{"title":"Plastisol Blanc Polar","description":"Polar White is Ink-Tech's newest high opacity LOW-BLEEB White, Polar White is formulated to be an extremely bright white and excellent bleed resistance on polyester blended fabrics","robots":{"index":"index","follow":"follow","max-snippet":"max-snippet:-1","max-image-preview":"max-image-preview:large","max-video-preview":"max-video-preview:-1"},"canonical":"https:\/\/ink-tech.com\/fr\/produit\/plastex-polar-white\/","og_locale":"fr_CA","og_type":"article","og_title":"Plastex Polar White","og_description":"Polar White is Ink-Tech's newest high opacity LOW-BLEEB White, Polar White is formulated to be an extremely bright white and excellent bleed resistance on polyester blended fabrics","og_url":"https:\/\/ink-tech.com\/fr\/produit\/plastex-polar-white\/","og_site_name":"Digi Ink Montreal I Screen Printing Inks &amp; Supplies","article_modified_time":"2025-11-12T19:51:20+00:00","og_image":[{"width":600,"height":600,"url":"https:\/\/ink-tech.com\/wp-content\/uploads\/2021\/07\/Plastex-Polar-White.png","type":"image\/png"}],"twitter_card":"summary_large_image","twitter_misc":{"Estimation du temps de lecture":"1 minute"},"schema":{"@context":"https:\/\/schema.org","@graph":[{"@type":"WebPage","@id":"https:\/\/ink-tech.com\/product\/plastex-polar-white\/","url":"https:\/\/ink-tech.com\/product\/plastex-polar-white\/","name":"Plastisol Blanc Polar","isPartOf":{"@id":"https:\/\/ink-tech.com\/#website"},"primaryImageOfPage":{"@id":"https:\/\/ink-tech.com\/product\/plastex-polar-white\/#primaryimage"},"image":{"@id":"https:\/\/ink-tech.com\/product\/plastex-polar-white\/#primaryimage"},"thumbnailUrl":"https:\/\/ink-tech.com\/wp-content\/uploads\/2021\/07\/Plastex-Polar-White.png","datePublished":"2021-08-01T04:51:16+00:00","dateModified":"2025-11-12T19:51:20+00:00","description":"Polar White is Ink-Tech's newest high opacity LOW-BLEEB White, Polar White is formulated to be an extremely bright white and excellent bleed resistance on polyester blended fabrics","breadcrumb":{"@id":"https:\/\/ink-tech.com\/product\/plastex-polar-white\/#breadcrumb"},"inLanguage":"fr-CA","potentialAction":[{"@type":"ReadAction","target":["https:\/\/ink-tech.com\/product\/plastex-polar-white\/"]}]},{"@type":"ImageObject","inLanguage":"fr-CA","@id":"https:\/\/ink-tech.com\/product\/plastex-polar-white\/#primaryimage","url":"https:\/\/ink-tech.com\/wp-content\/uploads\/2021\/07\/Plastex-Polar-White.png","contentUrl":"https:\/\/ink-tech.com\/wp-content\/uploads\/2021\/07\/Plastex-Polar-White.png","width":600,"height":600,"caption":"Plastex Polar White"},{"@type":"BreadcrumbList","@id":"https:\/\/ink-tech.com\/product\/plastex-polar-white\/#breadcrumb","itemListElement":[{"@type":"ListItem","position":1,"name":"Home","item":"https:\/\/ink-tech.com\/"},{"@type":"ListItem","position":2,"name":"Shop","item":"https:\/\/ink-tech.com\/shop\/"},{"@type":"ListItem","position":3,"name":"Plastex Polar White"}]},{"@type":"WebSite","@id":"https:\/\/ink-tech.com\/#website","url":"https:\/\/ink-tech.com\/","name":"Digi Ink Technology Montreal I Digi Ink Screen Printing Inks & Supplies","description":"Premium Quality Inks at Prices You\u2019ll Love!","publisher":{"@id":"https:\/\/ink-tech.com\/#organization"},"potentialAction":[{"@type":"SearchAction","target":{"@type":"EntryPoint","urlTemplate":"https:\/\/ink-tech.com\/?s={search_term_string}"},"query-input":{"@type":"PropertyValueSpecification","valueRequired":true,"valueName":"search_term_string"}}],"inLanguage":"fr-CA"},{"@type":"Organization","@id":"https:\/\/ink-tech.com\/#organization","name":"Digi Ink Technology For Screen Printing Inks & Supplies","alternateName":"Digi Ink Technology For Screen Printing Inks & Supplies","url":"https:\/\/ink-tech.com\/","logo":{"@type":"ImageObject","inLanguage":"fr-CA","@id":"https:\/\/ink-tech.com\/#\/schema\/logo\/image\/","url":"https:\/\/ink-tech.com\/wp-content\/uploads\/2024\/11\/Digi-Ink-Logo.png","contentUrl":"https:\/\/ink-tech.com\/wp-content\/uploads\/2024\/11\/Digi-Ink-Logo.png","width":169,"height":74,"caption":"Digi Ink Technology For Screen Printing Inks & Supplies"},"image":{"@id":"https:\/\/ink-tech.com\/#\/schema\/logo\/image\/"},"sameAs":["https:\/\/www.pinterest.ca\/inktechmontreal"]}]}},"_links":{"self":[{"href":"https:\/\/ink-tech.com\/fr\/wp-json\/wp\/v2\/product\/2125","targetHints":{"allow":["GET"]}}],"collection":[{"href":"https:\/\/ink-tech.com\/fr\/wp-json\/wp\/v2\/product"}],"about":[{"href":"https:\/\/ink-tech.com\/fr\/wp-json\/wp\/v2\/types\/product"}],"replies":[{"embeddable":true,"href":"https:\/\/ink-tech.com\/fr\/wp-json\/wp\/v2\/comments?post=2125"}],"wp:featuredmedia":[{"embeddable":true,"href":"https:\/\/ink-tech.com\/fr\/wp-json\/wp\/v2\/media\/2132"}],"wp:attachment":[{"href":"https:\/\/ink-tech.com\/fr\/wp-json\/wp\/v2\/media?parent=2125"}],"wp:term":[{"taxonomy":"store","embeddable":true,"href":"https:\/\/ink-tech.com\/fr\/wp-json\/wp\/v2\/store?post=2125"},{"taxonomy":"product_brand","embeddable":true,"href":"https:\/\/ink-tech.com\/fr\/wp-json\/wp\/v2\/product_brand?post=2125"},{"taxonomy":"product_cat","embeddable":true,"href":"https:\/\/ink-tech.com\/fr\/wp-json\/wp\/v2\/product_cat?post=2125"},{"taxonomy":"product_tag","embeddable":true,"href":"https:\/\/ink-tech.com\/fr\/wp-json\/wp\/v2\/product_tag?post=2125"}],"curies":[{"name":"wp","href":"https:\/\/api.w.org\/{rel}","templated":true}]}}