{"id":2120,"date":"2023-03-20T23:33:28","date_gmt":"2023-03-21T04:33:28","guid":{"rendered":"https:\/\/ink-tech.com\/?post_type=product&#038;p=2120"},"modified":"2025-11-12T15:12:04","modified_gmt":"2025-11-12T20:12:04","slug":"plastex-galaxy-white-lb-60","status":"publish","type":"product","link":"https:\/\/ink-tech.com\/fr\/produit\/plastex-galaxy-white-lb-60\/","title":{"rendered":"Plastisol Blanc Galaxy 60"},"content":{"rendered":"<p>Le plastisol blanc Galaxy est une encre \u00e0 faible saignement, id\u00e9ale et facile \u00e0 imprimer sur des v\u00eatements 50 polyester\/50 coton, elle a une tr\u00e8s haute opacit\u00e9, pour sa texture cr\u00e9meuse, elle peut passer un nombre de mailles sup\u00e9rieur \u00e0 110 jusqu'\u00e0 175.<\/p>","protected":false},"excerpt":{"rendered":"<ul>\n<li>Opacit\u00e9 \u00e9lev\u00e9e<\/li>\n<li>Faible saignement<\/li>\n<li>Facile \u00e0 utiliser<\/li>\n<\/ul>","protected":false},"featured_media":2129,"comment_status":"open","ping_status":"closed","template":"","meta":[],"store":[172],"product_brand":[281],"product_cat":[187],"product_tag":[256,238],"class_list":{"0":"post-2120","1":"product","2":"type-product","3":"status-publish","4":"has-post-thumbnail","6":"store-digi-ink","7":"product_brand-digi-ink","8":"product_cat-plastex-white","9":"product_tag-plastisol-blanc","10":"product_tag-white-plastisol-ink","11":"pa_brand-digi-ink","13":"first","14":"instock","15":"featured","16":"taxable","17":"shipping-taxable","18":"purchasable","19":"product-type-variable"},"yoast_head":"<!-- This site is optimized with the Yoast SEO Premium plugin v23.4 (Yoast SEO v27.3) - https:\/\/yoast.com\/product\/yoast-seo-premium-wordpress\/ -->\n<title>Plastex Galaxy White Low Bleed 60 &#8211; Plastisol White Ink 50\/50 Polyester\/Cotton<\/title>\n<meta name=\"description\" content=\"Galaxy white plastisol is a low bleed ink ideal and easy for printing on 50polyester\/50cotton garments, it has a very high opacity and for its creamy\" \/>\n<meta name=\"robots\" content=\"index, follow, max-snippet:-1, max-image-preview:large, max-video-preview:-1\" \/>\n<link rel=\"canonical\" href=\"https:\/\/ink-tech.com\/fr\/produit\/plastex-galaxy-white-lb-60\/\" \/>\n<meta property=\"og:locale\" content=\"fr_CA\" \/>\n<meta property=\"og:type\" content=\"article\" \/>\n<meta property=\"og:title\" content=\"Plastex Galaxy White Low Bleed 60\" \/>\n<meta property=\"og:description\" content=\"Galaxy white plastisol is a low bleed ink ideal and easy for printing on 50polyester\/50cotton garments, it has a very high opacity and for its creamy\" \/>\n<meta property=\"og:url\" content=\"https:\/\/ink-tech.com\/fr\/produit\/plastex-galaxy-white-lb-60\/\" \/>\n<meta property=\"og:site_name\" content=\"Digi Ink Montreal I Screen Printing Inks &amp; Supplies\" \/>\n<meta property=\"article:modified_time\" content=\"2025-11-12T20:12:04+00:00\" \/>\n<meta property=\"og:image\" content=\"https:\/\/ink-tech.com\/wp-content\/uploads\/2021\/07\/Galaxy-White-LB-60.jpeg\" \/>\n\t<meta property=\"og:image:width\" content=\"600\" \/>\n\t<meta property=\"og:image:height\" content=\"600\" \/>\n\t<meta property=\"og:image:type\" content=\"image\/jpeg\" \/>\n<meta name=\"twitter:card\" content=\"summary_large_image\" \/>\n<meta name=\"twitter:label1\" content=\"Estimation du temps de lecture\" \/>\n\t<meta name=\"twitter:data1\" content=\"1 minute\" \/>\n<script type=\"application\/ld+json\" class=\"yoast-schema-graph\">{\"@context\":\"https:\\\/\\\/schema.org\",\"@graph\":[{\"@type\":\"WebPage\",\"@id\":\"https:\\\/\\\/ink-tech.com\\\/product\\\/plastex-galaxy-white-lb-60\\\/\",\"url\":\"https:\\\/\\\/ink-tech.com\\\/product\\\/plastex-galaxy-white-lb-60\\\/\",\"name\":\"Plastex Galaxy White Low Bleed 60 &#8211; Plastisol White Ink 50\\\/50 Polyester\\\/Cotton\",\"isPartOf\":{\"@id\":\"https:\\\/\\\/ink-tech.com\\\/#website\"},\"primaryImageOfPage\":{\"@id\":\"https:\\\/\\\/ink-tech.com\\\/product\\\/plastex-galaxy-white-lb-60\\\/#primaryimage\"},\"image\":{\"@id\":\"https:\\\/\\\/ink-tech.com\\\/product\\\/plastex-galaxy-white-lb-60\\\/#primaryimage\"},\"thumbnailUrl\":\"https:\\\/\\\/ink-tech.com\\\/wp-content\\\/uploads\\\/2021\\\/07\\\/Galaxy-White-LB-60.jpeg\",\"datePublished\":\"2023-03-21T04:33:28+00:00\",\"dateModified\":\"2025-11-12T20:12:04+00:00\",\"description\":\"Galaxy white plastisol is a low bleed ink ideal and easy for printing on 50polyester\\\/50cotton garments, it has a very high opacity and for its creamy\",\"breadcrumb\":{\"@id\":\"https:\\\/\\\/ink-tech.com\\\/product\\\/plastex-galaxy-white-lb-60\\\/#breadcrumb\"},\"inLanguage\":\"fr-CA\",\"potentialAction\":[{\"@type\":\"ReadAction\",\"target\":[\"https:\\\/\\\/ink-tech.com\\\/product\\\/plastex-galaxy-white-lb-60\\\/\"]}]},{\"@type\":\"ImageObject\",\"inLanguage\":\"fr-CA\",\"@id\":\"https:\\\/\\\/ink-tech.com\\\/product\\\/plastex-galaxy-white-lb-60\\\/#primaryimage\",\"url\":\"https:\\\/\\\/ink-tech.com\\\/wp-content\\\/uploads\\\/2021\\\/07\\\/Galaxy-White-LB-60.jpeg\",\"contentUrl\":\"https:\\\/\\\/ink-tech.com\\\/wp-content\\\/uploads\\\/2021\\\/07\\\/Galaxy-White-LB-60.jpeg\",\"width\":600,\"height\":600,\"caption\":\"Galaxy White LB 60\"},{\"@type\":\"BreadcrumbList\",\"@id\":\"https:\\\/\\\/ink-tech.com\\\/product\\\/plastex-galaxy-white-lb-60\\\/#breadcrumb\",\"itemListElement\":[{\"@type\":\"ListItem\",\"position\":1,\"name\":\"Home\",\"item\":\"https:\\\/\\\/ink-tech.com\\\/\"},{\"@type\":\"ListItem\",\"position\":2,\"name\":\"Shop\",\"item\":\"https:\\\/\\\/ink-tech.com\\\/shop\\\/\"},{\"@type\":\"ListItem\",\"position\":3,\"name\":\"Plastex Galaxy White Low Bleed 60\"}]},{\"@type\":\"WebSite\",\"@id\":\"https:\\\/\\\/ink-tech.com\\\/#website\",\"url\":\"https:\\\/\\\/ink-tech.com\\\/\",\"name\":\"Digi Ink Technology Montreal I Digi Ink Screen Printing Inks & Supplies\",\"description\":\"Premium Quality Inks at Prices You\u2019ll Love!\",\"publisher\":{\"@id\":\"https:\\\/\\\/ink-tech.com\\\/#organization\"},\"potentialAction\":[{\"@type\":\"SearchAction\",\"target\":{\"@type\":\"EntryPoint\",\"urlTemplate\":\"https:\\\/\\\/ink-tech.com\\\/?s={search_term_string}\"},\"query-input\":{\"@type\":\"PropertyValueSpecification\",\"valueRequired\":true,\"valueName\":\"search_term_string\"}}],\"inLanguage\":\"fr-CA\"},{\"@type\":\"Organization\",\"@id\":\"https:\\\/\\\/ink-tech.com\\\/#organization\",\"name\":\"Digi Ink Technology For Screen Printing Inks & Supplies\",\"alternateName\":\"Digi Ink Technology For Screen Printing Inks & Supplies\",\"url\":\"https:\\\/\\\/ink-tech.com\\\/\",\"logo\":{\"@type\":\"ImageObject\",\"inLanguage\":\"fr-CA\",\"@id\":\"https:\\\/\\\/ink-tech.com\\\/#\\\/schema\\\/logo\\\/image\\\/\",\"url\":\"https:\\\/\\\/ink-tech.com\\\/wp-content\\\/uploads\\\/2024\\\/11\\\/Digi-Ink-Logo.png\",\"contentUrl\":\"https:\\\/\\\/ink-tech.com\\\/wp-content\\\/uploads\\\/2024\\\/11\\\/Digi-Ink-Logo.png\",\"width\":169,\"height\":74,\"caption\":\"Digi Ink Technology For Screen Printing Inks & Supplies\"},\"image\":{\"@id\":\"https:\\\/\\\/ink-tech.com\\\/#\\\/schema\\\/logo\\\/image\\\/\"},\"sameAs\":[\"https:\\\/\\\/www.pinterest.ca\\\/inktechmontreal\"]}]}<\/script>\n<!-- \/ Yoast SEO Premium plugin. -->","yoast_head_json":{"title":"Plastex Galaxy White Low Bleed 60 &#8211; Plastisol White Ink 50\/50 Polyester\/Cotton","description":"Galaxy white plastisol is a low bleed ink ideal and easy for printing on 50polyester\/50cotton garments, it has a very high opacity and for its creamy","robots":{"index":"index","follow":"follow","max-snippet":"max-snippet:-1","max-image-preview":"max-image-preview:large","max-video-preview":"max-video-preview:-1"},"canonical":"https:\/\/ink-tech.com\/fr\/produit\/plastex-galaxy-white-lb-60\/","og_locale":"fr_CA","og_type":"article","og_title":"Plastex Galaxy White Low Bleed 60","og_description":"Galaxy white plastisol is a low bleed ink ideal and easy for printing on 50polyester\/50cotton garments, it has a very high opacity and for its creamy","og_url":"https:\/\/ink-tech.com\/fr\/produit\/plastex-galaxy-white-lb-60\/","og_site_name":"Digi Ink Montreal I Screen Printing Inks &amp; Supplies","article_modified_time":"2025-11-12T20:12:04+00:00","og_image":[{"width":600,"height":600,"url":"https:\/\/ink-tech.com\/wp-content\/uploads\/2021\/07\/Galaxy-White-LB-60.jpeg","type":"image\/jpeg"}],"twitter_card":"summary_large_image","twitter_misc":{"Estimation du temps de lecture":"1 minute"},"schema":{"@context":"https:\/\/schema.org","@graph":[{"@type":"WebPage","@id":"https:\/\/ink-tech.com\/product\/plastex-galaxy-white-lb-60\/","url":"https:\/\/ink-tech.com\/product\/plastex-galaxy-white-lb-60\/","name":"Plastex Galaxy White Low Bleed 60 &#8211; Plastisol White Ink 50\/50 Polyester\/Cotton","isPartOf":{"@id":"https:\/\/ink-tech.com\/#website"},"primaryImageOfPage":{"@id":"https:\/\/ink-tech.com\/product\/plastex-galaxy-white-lb-60\/#primaryimage"},"image":{"@id":"https:\/\/ink-tech.com\/product\/plastex-galaxy-white-lb-60\/#primaryimage"},"thumbnailUrl":"https:\/\/ink-tech.com\/wp-content\/uploads\/2021\/07\/Galaxy-White-LB-60.jpeg","datePublished":"2023-03-21T04:33:28+00:00","dateModified":"2025-11-12T20:12:04+00:00","description":"Galaxy white plastisol is a low bleed ink ideal and easy for printing on 50polyester\/50cotton garments, it has a very high opacity and for its creamy","breadcrumb":{"@id":"https:\/\/ink-tech.com\/product\/plastex-galaxy-white-lb-60\/#breadcrumb"},"inLanguage":"fr-CA","potentialAction":[{"@type":"ReadAction","target":["https:\/\/ink-tech.com\/product\/plastex-galaxy-white-lb-60\/"]}]},{"@type":"ImageObject","inLanguage":"fr-CA","@id":"https:\/\/ink-tech.com\/product\/plastex-galaxy-white-lb-60\/#primaryimage","url":"https:\/\/ink-tech.com\/wp-content\/uploads\/2021\/07\/Galaxy-White-LB-60.jpeg","contentUrl":"https:\/\/ink-tech.com\/wp-content\/uploads\/2021\/07\/Galaxy-White-LB-60.jpeg","width":600,"height":600,"caption":"Galaxy White LB 60"},{"@type":"BreadcrumbList","@id":"https:\/\/ink-tech.com\/product\/plastex-galaxy-white-lb-60\/#breadcrumb","itemListElement":[{"@type":"ListItem","position":1,"name":"Home","item":"https:\/\/ink-tech.com\/"},{"@type":"ListItem","position":2,"name":"Shop","item":"https:\/\/ink-tech.com\/shop\/"},{"@type":"ListItem","position":3,"name":"Plastex Galaxy White Low Bleed 60"}]},{"@type":"WebSite","@id":"https:\/\/ink-tech.com\/#website","url":"https:\/\/ink-tech.com\/","name":"Digi Ink Technology Montreal I Digi Ink Screen Printing Inks & Supplies","description":"Premium Quality Inks at Prices You\u2019ll Love!","publisher":{"@id":"https:\/\/ink-tech.com\/#organization"},"potentialAction":[{"@type":"SearchAction","target":{"@type":"EntryPoint","urlTemplate":"https:\/\/ink-tech.com\/?s={search_term_string}"},"query-input":{"@type":"PropertyValueSpecification","valueRequired":true,"valueName":"search_term_string"}}],"inLanguage":"fr-CA"},{"@type":"Organization","@id":"https:\/\/ink-tech.com\/#organization","name":"Digi Ink Technology For Screen Printing Inks & Supplies","alternateName":"Digi Ink Technology For Screen Printing Inks & Supplies","url":"https:\/\/ink-tech.com\/","logo":{"@type":"ImageObject","inLanguage":"fr-CA","@id":"https:\/\/ink-tech.com\/#\/schema\/logo\/image\/","url":"https:\/\/ink-tech.com\/wp-content\/uploads\/2024\/11\/Digi-Ink-Logo.png","contentUrl":"https:\/\/ink-tech.com\/wp-content\/uploads\/2024\/11\/Digi-Ink-Logo.png","width":169,"height":74,"caption":"Digi Ink Technology For Screen Printing Inks & Supplies"},"image":{"@id":"https:\/\/ink-tech.com\/#\/schema\/logo\/image\/"},"sameAs":["https:\/\/www.pinterest.ca\/inktechmontreal"]}]}},"_links":{"self":[{"href":"https:\/\/ink-tech.com\/fr\/wp-json\/wp\/v2\/product\/2120","targetHints":{"allow":["GET"]}}],"collection":[{"href":"https:\/\/ink-tech.com\/fr\/wp-json\/wp\/v2\/product"}],"about":[{"href":"https:\/\/ink-tech.com\/fr\/wp-json\/wp\/v2\/types\/product"}],"replies":[{"embeddable":true,"href":"https:\/\/ink-tech.com\/fr\/wp-json\/wp\/v2\/comments?post=2120"}],"wp:featuredmedia":[{"embeddable":true,"href":"https:\/\/ink-tech.com\/fr\/wp-json\/wp\/v2\/media\/2129"}],"wp:attachment":[{"href":"https:\/\/ink-tech.com\/fr\/wp-json\/wp\/v2\/media?parent=2120"}],"wp:term":[{"taxonomy":"store","embeddable":true,"href":"https:\/\/ink-tech.com\/fr\/wp-json\/wp\/v2\/store?post=2120"},{"taxonomy":"product_brand","embeddable":true,"href":"https:\/\/ink-tech.com\/fr\/wp-json\/wp\/v2\/product_brand?post=2120"},{"taxonomy":"product_cat","embeddable":true,"href":"https:\/\/ink-tech.com\/fr\/wp-json\/wp\/v2\/product_cat?post=2120"},{"taxonomy":"product_tag","embeddable":true,"href":"https:\/\/ink-tech.com\/fr\/wp-json\/wp\/v2\/product_tag?post=2120"}],"curies":[{"name":"wp","href":"https:\/\/api.w.org\/{rel}","templated":true}]}}