{"id":2115,"date":"2021-07-30T23:14:34","date_gmt":"2021-07-31T04:14:34","guid":{"rendered":"https:\/\/ink-tech.com\/?post_type=product&#038;p=2115"},"modified":"2025-11-12T14:56:12","modified_gmt":"2025-11-12T19:56:12","slug":"flushing-solution-1000-ml","status":"publish","type":"product","link":"https:\/\/ink-tech.com\/fr\/produit\/flushing-solution-1000-ml\/","title":{"rendered":"Solution de nettoyage 1000 ML"},"content":{"rendered":"<p>Respirez mieux en sachant que votre imprimante est en s\u00e9curit\u00e9, gr\u00e2ce \u00e0 notre solution de nettoyage, une solution \u00e9cologique con\u00e7ue pour nettoyer et d\u00e9sinfecter les imprimantes et les cartouches \u00e0 jet d\u2019encre. Avec un m\u00e9lange naturel d\u2019ingr\u00e9dients biologiques, cette bouteille est un moyen facile de garder votre imprimante propre et sans souci!<\/p>\n<p>Il s\u2019agit d\u2019un m\u00e9lange sp\u00e9cialement formul\u00e9 de solvants et de d\u00e9tergents avanc\u00e9s qui \u00e9liminent rapidement et en toute s\u00e9curit\u00e9 les r\u00e9sidus d\u2019encre et d\u2019adh\u00e9sif accumul\u00e9s par les impressions. La formule puissante dissout rapidement les accumulations les plus difficiles, laissant votre imprimante fonctionner comme neuve. Cette solution est parfaite pour garder votre imprimante propre et s\u00fbre. Il suffit d\u2019utiliser avant ou apr\u00e8s l\u2019impression pour enlever les bourrages ou les sabots de papier.<\/p>","protected":false},"excerpt":{"rendered":"<p>Gr\u00e2ce \u00e0 notre solution de nettoyage, une solution \u00e9cologique con\u00e7ue pour nettoyer et d\u00e9sinfecter les imprimantes et les cartouches \u00e0 jet d\u2019encre.<\/p>\n<p>Avec un m\u00e9lange naturel d\u2019ingr\u00e9dients biologiques, cette bouteille est un moyen facile de garder votre imprimante propre et sans souci!<\/p>\n<p>&nbsp;<\/p>","protected":false},"featured_media":2116,"comment_status":"open","ping_status":"closed","template":"","meta":[],"store":[172],"product_brand":[281],"product_cat":[140],"product_tag":[259,260,342],"class_list":{"0":"post-2115","1":"product","2":"type-product","3":"status-publish","4":"has-post-thumbnail","6":"store-digi-ink","7":"product_brand-digi-ink","8":"product_cat-digital-inks","9":"product_tag-cleaning-solution","10":"product_tag-flushing","11":"product_tag-produit-de-nettoyage-imprimente","12":"pa_brand-digi-ink","13":"pa_printers-brand-mimaki","14":"pa_printers-brand-mutoh","15":"pa_printers-brand-roland","17":"first","18":"instock","19":"taxable","20":"shipping-taxable","21":"purchasable","22":"product-type-simple"},"yoast_head":"<!-- This site is optimized with the Yoast SEO Premium plugin v23.4 (Yoast SEO v27.5) - https:\/\/yoast.com\/product\/yoast-seo-premium-wordpress\/ -->\n<title>Flushing Solution 1000 ML<\/title>\n<meta name=\"description\" content=\"Breathe easier knowing that your printer is safe, thanks to our Eco-Solvent Cleaning Solution, an eco-friendly solution designed to clean and sanitize printers and inkjet cartridges.  With a natural blend of organic ingredients, this bottle is an easy way to keep your printer clean and worry-free!  &nbsp;\" \/>\n<meta name=\"robots\" content=\"index, follow, max-snippet:-1, max-image-preview:large, max-video-preview:-1\" \/>\n<link rel=\"canonical\" href=\"https:\/\/ink-tech.com\/fr\/produit\/flushing-solution-1000-ml\/\" \/>\n<meta property=\"og:locale\" content=\"fr_CA\" \/>\n<meta property=\"og:type\" content=\"article\" \/>\n<meta property=\"og:title\" content=\"Flushing Solution 1000 ML\" \/>\n<meta property=\"og:description\" content=\"Breathe easier knowing that your printer is safe, thanks to our Eco-Solvent Cleaning Solution, an eco-friendly solution designed to clean and sanitize printers and inkjet cartridges.  With a natural blend of organic ingredients, this bottle is an easy way to keep your printer clean and worry-free!  &nbsp;\" \/>\n<meta property=\"og:url\" content=\"https:\/\/ink-tech.com\/fr\/produit\/flushing-solution-1000-ml\/\" \/>\n<meta property=\"og:site_name\" content=\"Digi Ink Montreal I Screen Printing Inks &amp; Supplies\" \/>\n<meta property=\"article:modified_time\" content=\"2025-11-12T19:56:12+00:00\" \/>\n<meta property=\"og:image\" content=\"https:\/\/ink-tech.com\/wp-content\/uploads\/2021\/07\/Flushing-Solution.jpeg\" \/>\n\t<meta property=\"og:image:width\" content=\"480\" \/>\n\t<meta property=\"og:image:height\" content=\"480\" \/>\n\t<meta property=\"og:image:type\" content=\"image\/jpeg\" \/>\n<meta name=\"twitter:card\" content=\"summary_large_image\" \/>\n<meta name=\"twitter:label1\" content=\"Estimation du temps de lecture\" \/>\n\t<meta name=\"twitter:data1\" content=\"1 minute\" \/>\n<script type=\"application\/ld+json\" class=\"yoast-schema-graph\">{\"@context\":\"https:\\\/\\\/schema.org\",\"@graph\":[{\"@type\":\"WebPage\",\"@id\":\"https:\\\/\\\/ink-tech.com\\\/product\\\/flushing-solution-1000-ml\\\/\",\"url\":\"https:\\\/\\\/ink-tech.com\\\/product\\\/flushing-solution-1000-ml\\\/\",\"name\":\"Flushing Solution 1000 ML\",\"isPartOf\":{\"@id\":\"https:\\\/\\\/ink-tech.com\\\/#website\"},\"primaryImageOfPage\":{\"@id\":\"https:\\\/\\\/ink-tech.com\\\/product\\\/flushing-solution-1000-ml\\\/#primaryimage\"},\"image\":{\"@id\":\"https:\\\/\\\/ink-tech.com\\\/product\\\/flushing-solution-1000-ml\\\/#primaryimage\"},\"thumbnailUrl\":\"https:\\\/\\\/ink-tech.com\\\/wp-content\\\/uploads\\\/2021\\\/07\\\/Flushing-Solution.jpeg\",\"datePublished\":\"2021-07-31T04:14:34+00:00\",\"dateModified\":\"2025-11-12T19:56:12+00:00\",\"description\":\"Breathe easier knowing that your printer is safe, thanks to our Eco-Solvent Cleaning Solution, an eco-friendly solution designed to clean and sanitize printers and inkjet cartridges. With a natural blend of organic ingredients, this bottle is an easy way to keep your printer clean and worry-free! &nbsp;\",\"breadcrumb\":{\"@id\":\"https:\\\/\\\/ink-tech.com\\\/product\\\/flushing-solution-1000-ml\\\/#breadcrumb\"},\"inLanguage\":\"fr-CA\",\"potentialAction\":[{\"@type\":\"ReadAction\",\"target\":[\"https:\\\/\\\/ink-tech.com\\\/product\\\/flushing-solution-1000-ml\\\/\"]}]},{\"@type\":\"ImageObject\",\"inLanguage\":\"fr-CA\",\"@id\":\"https:\\\/\\\/ink-tech.com\\\/product\\\/flushing-solution-1000-ml\\\/#primaryimage\",\"url\":\"https:\\\/\\\/ink-tech.com\\\/wp-content\\\/uploads\\\/2021\\\/07\\\/Flushing-Solution.jpeg\",\"contentUrl\":\"https:\\\/\\\/ink-tech.com\\\/wp-content\\\/uploads\\\/2021\\\/07\\\/Flushing-Solution.jpeg\",\"width\":480,\"height\":480,\"caption\":\"Flushing Solution 1000 ml\"},{\"@type\":\"BreadcrumbList\",\"@id\":\"https:\\\/\\\/ink-tech.com\\\/product\\\/flushing-solution-1000-ml\\\/#breadcrumb\",\"itemListElement\":[{\"@type\":\"ListItem\",\"position\":1,\"name\":\"Home\",\"item\":\"https:\\\/\\\/ink-tech.com\\\/\"},{\"@type\":\"ListItem\",\"position\":2,\"name\":\"Shop\",\"item\":\"https:\\\/\\\/ink-tech.com\\\/shop\\\/\"},{\"@type\":\"ListItem\",\"position\":3,\"name\":\"Flushing Solution 1000 ML\"}]},{\"@type\":\"WebSite\",\"@id\":\"https:\\\/\\\/ink-tech.com\\\/#website\",\"url\":\"https:\\\/\\\/ink-tech.com\\\/\",\"name\":\"Digi Ink Technology Montreal I Digi Ink Screen Printing Inks & Supplies\",\"description\":\"Premium Quality Inks at Prices You\u2019ll Love!\",\"publisher\":{\"@id\":\"https:\\\/\\\/ink-tech.com\\\/#organization\"},\"potentialAction\":[{\"@type\":\"SearchAction\",\"target\":{\"@type\":\"EntryPoint\",\"urlTemplate\":\"https:\\\/\\\/ink-tech.com\\\/?s={search_term_string}\"},\"query-input\":{\"@type\":\"PropertyValueSpecification\",\"valueRequired\":true,\"valueName\":\"search_term_string\"}}],\"inLanguage\":\"fr-CA\"},{\"@type\":\"Organization\",\"@id\":\"https:\\\/\\\/ink-tech.com\\\/#organization\",\"name\":\"Digi Ink Technology For Screen Printing Inks & Supplies\",\"alternateName\":\"Digi Ink Technology For Screen Printing Inks & Supplies\",\"url\":\"https:\\\/\\\/ink-tech.com\\\/\",\"logo\":{\"@type\":\"ImageObject\",\"inLanguage\":\"fr-CA\",\"@id\":\"https:\\\/\\\/ink-tech.com\\\/#\\\/schema\\\/logo\\\/image\\\/\",\"url\":\"https:\\\/\\\/ink-tech.com\\\/wp-content\\\/uploads\\\/2024\\\/11\\\/Digi-Ink-Logo.png\",\"contentUrl\":\"https:\\\/\\\/ink-tech.com\\\/wp-content\\\/uploads\\\/2024\\\/11\\\/Digi-Ink-Logo.png\",\"width\":169,\"height\":74,\"caption\":\"Digi Ink Technology For Screen Printing Inks & Supplies\"},\"image\":{\"@id\":\"https:\\\/\\\/ink-tech.com\\\/#\\\/schema\\\/logo\\\/image\\\/\"},\"sameAs\":[\"https:\\\/\\\/www.pinterest.ca\\\/inktechmontreal\"]}]}<\/script>\n<!-- \/ Yoast SEO Premium plugin. -->","yoast_head_json":{"title":"Solution de nettoyage 1000 ML","description":"Breathe easier knowing that your printer is safe, thanks to our Eco-Solvent Cleaning Solution, an eco-friendly solution designed to clean and sanitize printers and inkjet cartridges.  With a natural blend of organic ingredients, this bottle is an easy way to keep your printer clean and worry-free!  &nbsp;","robots":{"index":"index","follow":"follow","max-snippet":"max-snippet:-1","max-image-preview":"max-image-preview:large","max-video-preview":"max-video-preview:-1"},"canonical":"https:\/\/ink-tech.com\/fr\/produit\/flushing-solution-1000-ml\/","og_locale":"fr_CA","og_type":"article","og_title":"Flushing Solution 1000 ML","og_description":"Breathe easier knowing that your printer is safe, thanks to our Eco-Solvent Cleaning Solution, an eco-friendly solution designed to clean and sanitize printers and inkjet cartridges.  With a natural blend of organic ingredients, this bottle is an easy way to keep your printer clean and worry-free!  &nbsp;","og_url":"https:\/\/ink-tech.com\/fr\/produit\/flushing-solution-1000-ml\/","og_site_name":"Digi Ink Montreal I Screen Printing Inks &amp; Supplies","article_modified_time":"2025-11-12T19:56:12+00:00","og_image":[{"width":480,"height":480,"url":"https:\/\/ink-tech.com\/wp-content\/uploads\/2021\/07\/Flushing-Solution.jpeg","type":"image\/jpeg"}],"twitter_card":"summary_large_image","twitter_misc":{"Estimation du temps de lecture":"1 minute"},"schema":{"@context":"https:\/\/schema.org","@graph":[{"@type":"WebPage","@id":"https:\/\/ink-tech.com\/product\/flushing-solution-1000-ml\/","url":"https:\/\/ink-tech.com\/product\/flushing-solution-1000-ml\/","name":"Solution de nettoyage 1000 ML","isPartOf":{"@id":"https:\/\/ink-tech.com\/#website"},"primaryImageOfPage":{"@id":"https:\/\/ink-tech.com\/product\/flushing-solution-1000-ml\/#primaryimage"},"image":{"@id":"https:\/\/ink-tech.com\/product\/flushing-solution-1000-ml\/#primaryimage"},"thumbnailUrl":"https:\/\/ink-tech.com\/wp-content\/uploads\/2021\/07\/Flushing-Solution.jpeg","datePublished":"2021-07-31T04:14:34+00:00","dateModified":"2025-11-12T19:56:12+00:00","description":"Breathe easier knowing that your printer is safe, thanks to our Eco-Solvent Cleaning Solution, an eco-friendly solution designed to clean and sanitize printers and inkjet cartridges. With a natural blend of organic ingredients, this bottle is an easy way to keep your printer clean and worry-free! &nbsp;","breadcrumb":{"@id":"https:\/\/ink-tech.com\/product\/flushing-solution-1000-ml\/#breadcrumb"},"inLanguage":"fr-CA","potentialAction":[{"@type":"ReadAction","target":["https:\/\/ink-tech.com\/product\/flushing-solution-1000-ml\/"]}]},{"@type":"ImageObject","inLanguage":"fr-CA","@id":"https:\/\/ink-tech.com\/product\/flushing-solution-1000-ml\/#primaryimage","url":"https:\/\/ink-tech.com\/wp-content\/uploads\/2021\/07\/Flushing-Solution.jpeg","contentUrl":"https:\/\/ink-tech.com\/wp-content\/uploads\/2021\/07\/Flushing-Solution.jpeg","width":480,"height":480,"caption":"Flushing Solution 1000 ml"},{"@type":"BreadcrumbList","@id":"https:\/\/ink-tech.com\/product\/flushing-solution-1000-ml\/#breadcrumb","itemListElement":[{"@type":"ListItem","position":1,"name":"Home","item":"https:\/\/ink-tech.com\/"},{"@type":"ListItem","position":2,"name":"Shop","item":"https:\/\/ink-tech.com\/shop\/"},{"@type":"ListItem","position":3,"name":"Flushing Solution 1000 ML"}]},{"@type":"WebSite","@id":"https:\/\/ink-tech.com\/#website","url":"https:\/\/ink-tech.com\/","name":"Digi Ink Technology Montreal I Digi Ink Screen Printing Inks & Supplies","description":"Premium Quality Inks at Prices You\u2019ll Love!","publisher":{"@id":"https:\/\/ink-tech.com\/#organization"},"potentialAction":[{"@type":"SearchAction","target":{"@type":"EntryPoint","urlTemplate":"https:\/\/ink-tech.com\/?s={search_term_string}"},"query-input":{"@type":"PropertyValueSpecification","valueRequired":true,"valueName":"search_term_string"}}],"inLanguage":"fr-CA"},{"@type":"Organization","@id":"https:\/\/ink-tech.com\/#organization","name":"Digi Ink Technology For Screen Printing Inks & Supplies","alternateName":"Digi Ink Technology For Screen Printing Inks & Supplies","url":"https:\/\/ink-tech.com\/","logo":{"@type":"ImageObject","inLanguage":"fr-CA","@id":"https:\/\/ink-tech.com\/#\/schema\/logo\/image\/","url":"https:\/\/ink-tech.com\/wp-content\/uploads\/2024\/11\/Digi-Ink-Logo.png","contentUrl":"https:\/\/ink-tech.com\/wp-content\/uploads\/2024\/11\/Digi-Ink-Logo.png","width":169,"height":74,"caption":"Digi Ink Technology For Screen Printing Inks & Supplies"},"image":{"@id":"https:\/\/ink-tech.com\/#\/schema\/logo\/image\/"},"sameAs":["https:\/\/www.pinterest.ca\/inktechmontreal"]}]}},"_links":{"self":[{"href":"https:\/\/ink-tech.com\/fr\/wp-json\/wp\/v2\/product\/2115","targetHints":{"allow":["GET"]}}],"collection":[{"href":"https:\/\/ink-tech.com\/fr\/wp-json\/wp\/v2\/product"}],"about":[{"href":"https:\/\/ink-tech.com\/fr\/wp-json\/wp\/v2\/types\/product"}],"replies":[{"embeddable":true,"href":"https:\/\/ink-tech.com\/fr\/wp-json\/wp\/v2\/comments?post=2115"}],"wp:featuredmedia":[{"embeddable":true,"href":"https:\/\/ink-tech.com\/fr\/wp-json\/wp\/v2\/media\/2116"}],"wp:attachment":[{"href":"https:\/\/ink-tech.com\/fr\/wp-json\/wp\/v2\/media?parent=2115"}],"wp:term":[{"taxonomy":"store","embeddable":true,"href":"https:\/\/ink-tech.com\/fr\/wp-json\/wp\/v2\/store?post=2115"},{"taxonomy":"product_brand","embeddable":true,"href":"https:\/\/ink-tech.com\/fr\/wp-json\/wp\/v2\/product_brand?post=2115"},{"taxonomy":"product_cat","embeddable":true,"href":"https:\/\/ink-tech.com\/fr\/wp-json\/wp\/v2\/product_cat?post=2115"},{"taxonomy":"product_tag","embeddable":true,"href":"https:\/\/ink-tech.com\/fr\/wp-json\/wp\/v2\/product_tag?post=2115"}],"curies":[{"name":"wp","href":"https:\/\/api.w.org\/{rel}","templated":true}]}}