{"id":2064,"date":"2021-07-27T09:43:15","date_gmt":"2021-07-27T14:43:15","guid":{"rendered":"https:\/\/ink-tech.com\/?post_type=product&#038;p=2064"},"modified":"2025-11-12T15:00:36","modified_gmt":"2025-11-12T20:00:36","slug":"ink-jet-film-11-x-17","status":"publish","type":"product","link":"https:\/\/ink-tech.com\/fr\/produit\/ink-jet-film-11-x-17\/","title":{"rendered":"Film a Jet d'encre 11\u201d X 17\u2032"},"content":{"rendered":"<p>Faire passer votre marque au niveau sup\u00e9rieur est maintenant plus facile que jamais avec le film a jet d'encre de s\u00e9rigraphie \u00e9tanche Premium 5 mil !<\/p>\n<p>Fabriqu\u00e9 avec un rev\u00eatement solide et durable qui prot\u00e8ge contre l'eau et d'autres \u00e9l\u00e9ments nocifs, ce film offre une capacit\u00e9 de charge d'encre \u00e9lev\u00e9e pour une qualit\u00e9 d'impression constante. De plus, sa compatibilit\u00e9 grand format le rend parfait pour les projets de toutes tailles.<\/p>\n<p>Son rev\u00eatement sup\u00e9rieur imperm\u00e9able de qualit\u00e9 sup\u00e9rieure fournit des images propres, sombres et uniformes pour un excellent rep\u00e9rage qui produit des images d'\u00e9cran de haute qualit\u00e9 et d'excellents r\u00e9sultats d'impression\u00a0!<\/p>","protected":false},"excerpt":{"rendered":"<ul>\n<li>Ce film est imperm\u00e9able<\/li>\n<li>Solution d'impression \u00e9conomique<\/li>\n<li>La solution parfaite pour vos besoins d'impression \u00e0 jet d'encre<\/li>\n<li>Anti-boucle, anti-jaunissement<\/li>\n<\/ul>","protected":false},"featured_media":2242,"comment_status":"open","ping_status":"closed","template":"","meta":[],"store":[172],"product_brand":[],"product_cat":[170],"product_tag":[343],"class_list":{"0":"post-2064","1":"product","2":"type-product","3":"status-publish","4":"has-post-thumbnail","6":"store-digi-ink","7":"product_cat-ink-jet-film","8":"product_tag-ink-jet-film","10":"first","11":"instock","12":"taxable","13":"shipping-taxable","14":"purchasable","15":"product-type-simple"},"yoast_head":"<!-- This site is optimized with the Yoast SEO Premium plugin v23.4 (Yoast SEO v27.4) - https:\/\/yoast.com\/product\/yoast-seo-premium-wordpress\/ -->\n<title>Ink Jet Film 11&#039;&#039; X 17&#039; Premium Waterproof Film<\/title>\n<meta name=\"description\" content=\"Inkjet film Its premium waterproof top coating provides clean, dark, and even images for excellent registration that produce high quality screen images and\" \/>\n<meta name=\"robots\" content=\"index, follow, max-snippet:-1, max-image-preview:large, max-video-preview:-1\" \/>\n<link rel=\"canonical\" href=\"https:\/\/ink-tech.com\/fr\/produit\/ink-jet-film-11-x-17\/\" \/>\n<meta property=\"og:locale\" content=\"fr_CA\" \/>\n<meta property=\"og:type\" content=\"article\" \/>\n<meta property=\"og:title\" content=\"Ink Jet Film 11&#039;&#039; X 17&#039;\" \/>\n<meta property=\"og:description\" content=\"Inkjet film Its premium waterproof top coating provides clean, dark, and even images for excellent registration that produce high quality screen images and\" \/>\n<meta property=\"og:url\" content=\"https:\/\/ink-tech.com\/fr\/produit\/ink-jet-film-11-x-17\/\" \/>\n<meta property=\"og:site_name\" content=\"Digi Ink Montreal I Screen Printing Inks &amp; Supplies\" \/>\n<meta property=\"article:modified_time\" content=\"2025-11-12T20:00:36+00:00\" \/>\n<meta property=\"og:image\" content=\"https:\/\/ink-tech.com\/wp-content\/uploads\/2021\/07\/Inkjet-Film-11x17-1.jpeg\" \/>\n\t<meta property=\"og:image:width\" content=\"600\" \/>\n\t<meta property=\"og:image:height\" content=\"600\" \/>\n\t<meta property=\"og:image:type\" content=\"image\/jpeg\" \/>\n<meta name=\"twitter:card\" content=\"summary_large_image\" \/>\n<meta name=\"twitter:label1\" content=\"Estimation du temps de lecture\" \/>\n\t<meta name=\"twitter:data1\" content=\"1 minute\" \/>\n<script type=\"application\/ld+json\" class=\"yoast-schema-graph\">{\"@context\":\"https:\\\/\\\/schema.org\",\"@graph\":[{\"@type\":\"WebPage\",\"@id\":\"https:\\\/\\\/ink-tech.com\\\/product\\\/ink-jet-film-11-x-17\\\/\",\"url\":\"https:\\\/\\\/ink-tech.com\\\/product\\\/ink-jet-film-11-x-17\\\/\",\"name\":\"Ink Jet Film 11'' X 17' Premium Waterproof Film\",\"isPartOf\":{\"@id\":\"https:\\\/\\\/ink-tech.com\\\/#website\"},\"primaryImageOfPage\":{\"@id\":\"https:\\\/\\\/ink-tech.com\\\/product\\\/ink-jet-film-11-x-17\\\/#primaryimage\"},\"image\":{\"@id\":\"https:\\\/\\\/ink-tech.com\\\/product\\\/ink-jet-film-11-x-17\\\/#primaryimage\"},\"thumbnailUrl\":\"https:\\\/\\\/ink-tech.com\\\/wp-content\\\/uploads\\\/2021\\\/07\\\/Inkjet-Film-11x17-1.jpeg\",\"datePublished\":\"2021-07-27T14:43:15+00:00\",\"dateModified\":\"2025-11-12T20:00:36+00:00\",\"description\":\"Inkjet film Its premium waterproof top coating provides clean, dark, and even images for excellent registration that produce high quality screen images and\",\"breadcrumb\":{\"@id\":\"https:\\\/\\\/ink-tech.com\\\/product\\\/ink-jet-film-11-x-17\\\/#breadcrumb\"},\"inLanguage\":\"fr-CA\",\"potentialAction\":[{\"@type\":\"ReadAction\",\"target\":[\"https:\\\/\\\/ink-tech.com\\\/product\\\/ink-jet-film-11-x-17\\\/\"]}]},{\"@type\":\"ImageObject\",\"inLanguage\":\"fr-CA\",\"@id\":\"https:\\\/\\\/ink-tech.com\\\/product\\\/ink-jet-film-11-x-17\\\/#primaryimage\",\"url\":\"https:\\\/\\\/ink-tech.com\\\/wp-content\\\/uploads\\\/2021\\\/07\\\/Inkjet-Film-11x17-1.jpeg\",\"contentUrl\":\"https:\\\/\\\/ink-tech.com\\\/wp-content\\\/uploads\\\/2021\\\/07\\\/Inkjet-Film-11x17-1.jpeg\",\"width\":600,\"height\":600,\"caption\":\"Inkjet Film 11''x17\"},{\"@type\":\"BreadcrumbList\",\"@id\":\"https:\\\/\\\/ink-tech.com\\\/product\\\/ink-jet-film-11-x-17\\\/#breadcrumb\",\"itemListElement\":[{\"@type\":\"ListItem\",\"position\":1,\"name\":\"Home\",\"item\":\"https:\\\/\\\/ink-tech.com\\\/\"},{\"@type\":\"ListItem\",\"position\":2,\"name\":\"Shop\",\"item\":\"https:\\\/\\\/ink-tech.com\\\/shop\\\/\"},{\"@type\":\"ListItem\",\"position\":3,\"name\":\"Ink Jet Film 11&#8221; X 17&#8242;\"}]},{\"@type\":\"WebSite\",\"@id\":\"https:\\\/\\\/ink-tech.com\\\/#website\",\"url\":\"https:\\\/\\\/ink-tech.com\\\/\",\"name\":\"Digi Ink Technology Montreal I Digi Ink Screen Printing Inks & Supplies\",\"description\":\"Premium Quality Inks at Prices You\u2019ll Love!\",\"publisher\":{\"@id\":\"https:\\\/\\\/ink-tech.com\\\/#organization\"},\"potentialAction\":[{\"@type\":\"SearchAction\",\"target\":{\"@type\":\"EntryPoint\",\"urlTemplate\":\"https:\\\/\\\/ink-tech.com\\\/?s={search_term_string}\"},\"query-input\":{\"@type\":\"PropertyValueSpecification\",\"valueRequired\":true,\"valueName\":\"search_term_string\"}}],\"inLanguage\":\"fr-CA\"},{\"@type\":\"Organization\",\"@id\":\"https:\\\/\\\/ink-tech.com\\\/#organization\",\"name\":\"Digi Ink Technology For Screen Printing Inks & Supplies\",\"alternateName\":\"Digi Ink Technology For Screen Printing Inks & Supplies\",\"url\":\"https:\\\/\\\/ink-tech.com\\\/\",\"logo\":{\"@type\":\"ImageObject\",\"inLanguage\":\"fr-CA\",\"@id\":\"https:\\\/\\\/ink-tech.com\\\/#\\\/schema\\\/logo\\\/image\\\/\",\"url\":\"https:\\\/\\\/ink-tech.com\\\/wp-content\\\/uploads\\\/2024\\\/11\\\/Digi-Ink-Logo.png\",\"contentUrl\":\"https:\\\/\\\/ink-tech.com\\\/wp-content\\\/uploads\\\/2024\\\/11\\\/Digi-Ink-Logo.png\",\"width\":169,\"height\":74,\"caption\":\"Digi Ink Technology For Screen Printing Inks & Supplies\"},\"image\":{\"@id\":\"https:\\\/\\\/ink-tech.com\\\/#\\\/schema\\\/logo\\\/image\\\/\"},\"sameAs\":[\"https:\\\/\\\/www.pinterest.ca\\\/inktechmontreal\"]}]}<\/script>\n<!-- \/ Yoast SEO Premium plugin. -->","yoast_head_json":{"title":"Ink Jet Film 11'' X 17' Premium Waterproof Film","description":"Inkjet film Its premium waterproof top coating provides clean, dark, and even images for excellent registration that produce high quality screen images and","robots":{"index":"index","follow":"follow","max-snippet":"max-snippet:-1","max-image-preview":"max-image-preview:large","max-video-preview":"max-video-preview:-1"},"canonical":"https:\/\/ink-tech.com\/fr\/produit\/ink-jet-film-11-x-17\/","og_locale":"fr_CA","og_type":"article","og_title":"Ink Jet Film 11'' X 17'","og_description":"Inkjet film Its premium waterproof top coating provides clean, dark, and even images for excellent registration that produce high quality screen images and","og_url":"https:\/\/ink-tech.com\/fr\/produit\/ink-jet-film-11-x-17\/","og_site_name":"Digi Ink Montreal I Screen Printing Inks &amp; Supplies","article_modified_time":"2025-11-12T20:00:36+00:00","og_image":[{"width":600,"height":600,"url":"https:\/\/ink-tech.com\/wp-content\/uploads\/2021\/07\/Inkjet-Film-11x17-1.jpeg","type":"image\/jpeg"}],"twitter_card":"summary_large_image","twitter_misc":{"Estimation du temps de lecture":"1 minute"},"schema":{"@context":"https:\/\/schema.org","@graph":[{"@type":"WebPage","@id":"https:\/\/ink-tech.com\/product\/ink-jet-film-11-x-17\/","url":"https:\/\/ink-tech.com\/product\/ink-jet-film-11-x-17\/","name":"Ink Jet Film 11'' X 17' Premium Waterproof Film","isPartOf":{"@id":"https:\/\/ink-tech.com\/#website"},"primaryImageOfPage":{"@id":"https:\/\/ink-tech.com\/product\/ink-jet-film-11-x-17\/#primaryimage"},"image":{"@id":"https:\/\/ink-tech.com\/product\/ink-jet-film-11-x-17\/#primaryimage"},"thumbnailUrl":"https:\/\/ink-tech.com\/wp-content\/uploads\/2021\/07\/Inkjet-Film-11x17-1.jpeg","datePublished":"2021-07-27T14:43:15+00:00","dateModified":"2025-11-12T20:00:36+00:00","description":"Inkjet film Its premium waterproof top coating provides clean, dark, and even images for excellent registration that produce high quality screen images and","breadcrumb":{"@id":"https:\/\/ink-tech.com\/product\/ink-jet-film-11-x-17\/#breadcrumb"},"inLanguage":"fr-CA","potentialAction":[{"@type":"ReadAction","target":["https:\/\/ink-tech.com\/product\/ink-jet-film-11-x-17\/"]}]},{"@type":"ImageObject","inLanguage":"fr-CA","@id":"https:\/\/ink-tech.com\/product\/ink-jet-film-11-x-17\/#primaryimage","url":"https:\/\/ink-tech.com\/wp-content\/uploads\/2021\/07\/Inkjet-Film-11x17-1.jpeg","contentUrl":"https:\/\/ink-tech.com\/wp-content\/uploads\/2021\/07\/Inkjet-Film-11x17-1.jpeg","width":600,"height":600,"caption":"Inkjet Film 11''x17"},{"@type":"BreadcrumbList","@id":"https:\/\/ink-tech.com\/product\/ink-jet-film-11-x-17\/#breadcrumb","itemListElement":[{"@type":"ListItem","position":1,"name":"Home","item":"https:\/\/ink-tech.com\/"},{"@type":"ListItem","position":2,"name":"Shop","item":"https:\/\/ink-tech.com\/shop\/"},{"@type":"ListItem","position":3,"name":"Ink Jet Film 11&#8221; X 17&#8242;"}]},{"@type":"WebSite","@id":"https:\/\/ink-tech.com\/#website","url":"https:\/\/ink-tech.com\/","name":"Digi Ink Technology Montreal I Digi Ink Screen Printing Inks & Supplies","description":"Premium Quality Inks at Prices You\u2019ll Love!","publisher":{"@id":"https:\/\/ink-tech.com\/#organization"},"potentialAction":[{"@type":"SearchAction","target":{"@type":"EntryPoint","urlTemplate":"https:\/\/ink-tech.com\/?s={search_term_string}"},"query-input":{"@type":"PropertyValueSpecification","valueRequired":true,"valueName":"search_term_string"}}],"inLanguage":"fr-CA"},{"@type":"Organization","@id":"https:\/\/ink-tech.com\/#organization","name":"Digi Ink Technology For Screen Printing Inks & Supplies","alternateName":"Digi Ink Technology For Screen Printing Inks & Supplies","url":"https:\/\/ink-tech.com\/","logo":{"@type":"ImageObject","inLanguage":"fr-CA","@id":"https:\/\/ink-tech.com\/#\/schema\/logo\/image\/","url":"https:\/\/ink-tech.com\/wp-content\/uploads\/2024\/11\/Digi-Ink-Logo.png","contentUrl":"https:\/\/ink-tech.com\/wp-content\/uploads\/2024\/11\/Digi-Ink-Logo.png","width":169,"height":74,"caption":"Digi Ink Technology For Screen Printing Inks & Supplies"},"image":{"@id":"https:\/\/ink-tech.com\/#\/schema\/logo\/image\/"},"sameAs":["https:\/\/www.pinterest.ca\/inktechmontreal"]}]}},"_links":{"self":[{"href":"https:\/\/ink-tech.com\/fr\/wp-json\/wp\/v2\/product\/2064","targetHints":{"allow":["GET"]}}],"collection":[{"href":"https:\/\/ink-tech.com\/fr\/wp-json\/wp\/v2\/product"}],"about":[{"href":"https:\/\/ink-tech.com\/fr\/wp-json\/wp\/v2\/types\/product"}],"replies":[{"embeddable":true,"href":"https:\/\/ink-tech.com\/fr\/wp-json\/wp\/v2\/comments?post=2064"}],"wp:featuredmedia":[{"embeddable":true,"href":"https:\/\/ink-tech.com\/fr\/wp-json\/wp\/v2\/media\/2242"}],"wp:attachment":[{"href":"https:\/\/ink-tech.com\/fr\/wp-json\/wp\/v2\/media?parent=2064"}],"wp:term":[{"taxonomy":"store","embeddable":true,"href":"https:\/\/ink-tech.com\/fr\/wp-json\/wp\/v2\/store?post=2064"},{"taxonomy":"product_brand","embeddable":true,"href":"https:\/\/ink-tech.com\/fr\/wp-json\/wp\/v2\/product_brand?post=2064"},{"taxonomy":"product_cat","embeddable":true,"href":"https:\/\/ink-tech.com\/fr\/wp-json\/wp\/v2\/product_cat?post=2064"},{"taxonomy":"product_tag","embeddable":true,"href":"https:\/\/ink-tech.com\/fr\/wp-json\/wp\/v2\/product_tag?post=2064"}],"curies":[{"name":"wp","href":"https:\/\/api.w.org\/{rel}","templated":true}]}}