{"id":2013,"date":"2023-12-18T23:51:56","date_gmt":"2023-12-19T04:51:56","guid":{"rendered":"https:\/\/ink-tech.com\/?post_type=product&#038;p=2013"},"modified":"2026-02-24T11:12:03","modified_gmt":"2026-02-24T16:12:03","slug":"chroma-blue-emulsion","status":"publish","type":"product","link":"https:\/\/ink-tech.com\/fr\/produit\/chroma-blue-emulsion\/","title":{"rendered":"Chromaline Chroma Blue Emulsion High-Quality Formulation"},"content":{"rendered":"<p>Chromaline Blue Emulsion is a revolutionary product in the world of photography and design, designed to captivate the senses and transform your creative projects. This premium<a href=\"https:\/\/ink-tech.com\/en\/product-category\/emulsion\/\"> emulsion<\/a> is not just about the color blue; it&#8217;s about the rich, vivid shades and possibilities it opens up for artists, photographers, and designers. Let&#8217;s dive into how Chroma Blue Emulsion can benefit your projects.<\/p>\n<p>Chroma Blue Emulsion. This blue emulsion is fast drying and long lasting, it&#8217;s perfect for bars and restaurants that need to make sure their floors stay clean and shiny. But what really makes Chroma Blue stand out is its ability to reclaim easily, meaning that nobody has to spend hours scrubbing the floor in order to get rid of stains or marks.<\/p>\n<p>&nbsp;<\/p>\n<ol>\n<li><strong>Formulation de haute qualit\u00e9\u00a0:<\/strong> This Emulsion is meticulously crafted using cutting-edge technology, ensuring that your images or designs are infused with a stunning blue hue that stands out.<\/li>\n<li><strong>Couleur vive et coh\u00e9rente\u00a0:<\/strong>\u00a0 You can achieve a consistent and vibrant blue in your work, making it ideal for product photography, fashion shoots, and graphic design.<\/li>\n<li><strong>Applications polyvalentes\u00a0:<\/strong> Cet \u00e9mulsion est polyvalente et peut \u00eatre utilis\u00e9e dans une gamme d'activit\u00e9s cr\u00e9atives, de la photographie d'art aux arri\u00e8re-plans de sites Web, donnant un avantage \u00e0 votre contenu et le rendant plus attrayant pour votre public.<\/li>\n<\/ol>","protected":false},"excerpt":{"rendered":"<ul>\n<li>Id\u00e9al pour les syst\u00e8mes de r\u00e9cup\u00e9ration automatis\u00e9s<\/li>\n<li>Compatible avec le syst\u00e8me d'exposition LED<\/li>\n<li>Recommand\u00e9 pour une utilisation avec les syst\u00e8mes CTS<\/li>\n<li>Plastisol and silicone inks only<\/li>\n<\/ul>","protected":false},"featured_media":2014,"comment_status":"open","ping_status":"closed","template":"","meta":[],"store":[172],"product_brand":[282],"product_cat":[185],"product_tag":[254,255,253],"class_list":{"0":"post-2013","1":"product","2":"type-product","3":"status-publish","4":"has-post-thumbnail","6":"store-digi-ink","7":"product_brand-chromaline","8":"product_cat-emulsion","9":"product_tag-chroma-blue","10":"product_tag-chromaline","11":"product_tag-emulsion","12":"pa_brand-chromaline","14":"first","15":"instock","16":"featured","17":"taxable","18":"shipping-taxable","19":"purchasable","20":"product-type-simple"},"yoast_head":"<!-- This site is optimized with the Yoast SEO Premium plugin v23.4 (Yoast SEO v27.3) - https:\/\/yoast.com\/product\/yoast-seo-premium-wordpress\/ -->\n<title>Chromaline Chroma Blue Emulsion High-Quality Formulation<\/title>\n<meta name=\"description\" content=\"Chroma blue emulsion is fast drying and long lasting, it&#039;s perfect for bars and restaurants that need to make sure their floors stay clean and shiny.\" \/>\n<meta name=\"robots\" content=\"index, follow, max-snippet:-1, max-image-preview:large, max-video-preview:-1\" \/>\n<link rel=\"canonical\" href=\"https:\/\/ink-tech.com\/fr\/produit\/chroma-blue-emulsion\/\" \/>\n<meta property=\"og:locale\" content=\"fr_CA\" \/>\n<meta property=\"og:type\" content=\"article\" \/>\n<meta property=\"og:title\" content=\"Chromaline Chroma Blue Emulsion High-Quality Formulation\" \/>\n<meta property=\"og:description\" content=\"Chroma blue emulsion is fast drying and long lasting, it&#039;s perfect for bars and restaurants that need to make sure their floors stay clean and shiny.\" \/>\n<meta property=\"og:url\" content=\"https:\/\/ink-tech.com\/fr\/produit\/chroma-blue-emulsion\/\" \/>\n<meta property=\"og:site_name\" content=\"Digi Ink Montreal I Screen Printing Inks &amp; Supplies\" \/>\n<meta property=\"article:modified_time\" content=\"2026-02-24T16:12:03+00:00\" \/>\n<meta property=\"og:image\" content=\"https:\/\/ink-tech.com\/wp-content\/uploads\/2021\/07\/Emulsion-Chroma-Blue.png\" \/>\n\t<meta property=\"og:image:width\" content=\"1280\" \/>\n\t<meta property=\"og:image:height\" content=\"1280\" \/>\n\t<meta property=\"og:image:type\" content=\"image\/png\" \/>\n<meta name=\"twitter:card\" content=\"summary_large_image\" \/>\n<meta name=\"twitter:label1\" content=\"Estimation du temps de lecture\" \/>\n\t<meta name=\"twitter:data1\" content=\"2 minutes\" \/>\n<script type=\"application\/ld+json\" class=\"yoast-schema-graph\">{\"@context\":\"https:\\\/\\\/schema.org\",\"@graph\":[{\"@type\":\"WebPage\",\"@id\":\"https:\\\/\\\/ink-tech.com\\\/product\\\/chroma-blue-emulsion\\\/\",\"url\":\"https:\\\/\\\/ink-tech.com\\\/product\\\/chroma-blue-emulsion\\\/\",\"name\":\"Chromaline Chroma Blue Emulsion High-Quality Formulation\",\"isPartOf\":{\"@id\":\"https:\\\/\\\/ink-tech.com\\\/#website\"},\"primaryImageOfPage\":{\"@id\":\"https:\\\/\\\/ink-tech.com\\\/product\\\/chroma-blue-emulsion\\\/#primaryimage\"},\"image\":{\"@id\":\"https:\\\/\\\/ink-tech.com\\\/product\\\/chroma-blue-emulsion\\\/#primaryimage\"},\"thumbnailUrl\":\"https:\\\/\\\/ink-tech.com\\\/wp-content\\\/uploads\\\/2021\\\/07\\\/Emulsion-Chroma-Blue.png\",\"datePublished\":\"2023-12-19T04:51:56+00:00\",\"dateModified\":\"2026-02-24T16:12:03+00:00\",\"description\":\"Chroma blue emulsion is fast drying and long lasting, it's perfect for bars and restaurants that need to make sure their floors stay clean and shiny.\",\"breadcrumb\":{\"@id\":\"https:\\\/\\\/ink-tech.com\\\/product\\\/chroma-blue-emulsion\\\/#breadcrumb\"},\"inLanguage\":\"fr-CA\",\"potentialAction\":[{\"@type\":\"ReadAction\",\"target\":[\"https:\\\/\\\/ink-tech.com\\\/product\\\/chroma-blue-emulsion\\\/\"]}]},{\"@type\":\"ImageObject\",\"inLanguage\":\"fr-CA\",\"@id\":\"https:\\\/\\\/ink-tech.com\\\/product\\\/chroma-blue-emulsion\\\/#primaryimage\",\"url\":\"https:\\\/\\\/ink-tech.com\\\/wp-content\\\/uploads\\\/2021\\\/07\\\/Emulsion-Chroma-Blue.png\",\"contentUrl\":\"https:\\\/\\\/ink-tech.com\\\/wp-content\\\/uploads\\\/2021\\\/07\\\/Emulsion-Chroma-Blue.png\",\"width\":1280,\"height\":1280,\"caption\":\"Emulsion Chroma Blue\"},{\"@type\":\"BreadcrumbList\",\"@id\":\"https:\\\/\\\/ink-tech.com\\\/product\\\/chroma-blue-emulsion\\\/#breadcrumb\",\"itemListElement\":[{\"@type\":\"ListItem\",\"position\":1,\"name\":\"Home\",\"item\":\"https:\\\/\\\/ink-tech.com\\\/\"},{\"@type\":\"ListItem\",\"position\":2,\"name\":\"Shop\",\"item\":\"https:\\\/\\\/ink-tech.com\\\/shop\\\/\"},{\"@type\":\"ListItem\",\"position\":3,\"name\":\"Chromaline Chroma Blue Emulsion High-Quality Formulation\"}]},{\"@type\":\"WebSite\",\"@id\":\"https:\\\/\\\/ink-tech.com\\\/#website\",\"url\":\"https:\\\/\\\/ink-tech.com\\\/\",\"name\":\"Digi Ink Technology Montreal I Digi Ink Screen Printing Inks & Supplies\",\"description\":\"Premium Quality Inks at Prices You\u2019ll Love!\",\"publisher\":{\"@id\":\"https:\\\/\\\/ink-tech.com\\\/#organization\"},\"potentialAction\":[{\"@type\":\"SearchAction\",\"target\":{\"@type\":\"EntryPoint\",\"urlTemplate\":\"https:\\\/\\\/ink-tech.com\\\/?s={search_term_string}\"},\"query-input\":{\"@type\":\"PropertyValueSpecification\",\"valueRequired\":true,\"valueName\":\"search_term_string\"}}],\"inLanguage\":\"fr-CA\"},{\"@type\":\"Organization\",\"@id\":\"https:\\\/\\\/ink-tech.com\\\/#organization\",\"name\":\"Digi Ink Technology For Screen Printing Inks & Supplies\",\"alternateName\":\"Digi Ink Technology For Screen Printing Inks & Supplies\",\"url\":\"https:\\\/\\\/ink-tech.com\\\/\",\"logo\":{\"@type\":\"ImageObject\",\"inLanguage\":\"fr-CA\",\"@id\":\"https:\\\/\\\/ink-tech.com\\\/#\\\/schema\\\/logo\\\/image\\\/\",\"url\":\"https:\\\/\\\/ink-tech.com\\\/wp-content\\\/uploads\\\/2024\\\/11\\\/Digi-Ink-Logo.png\",\"contentUrl\":\"https:\\\/\\\/ink-tech.com\\\/wp-content\\\/uploads\\\/2024\\\/11\\\/Digi-Ink-Logo.png\",\"width\":169,\"height\":74,\"caption\":\"Digi Ink Technology For Screen Printing Inks & Supplies\"},\"image\":{\"@id\":\"https:\\\/\\\/ink-tech.com\\\/#\\\/schema\\\/logo\\\/image\\\/\"},\"sameAs\":[\"https:\\\/\\\/www.pinterest.ca\\\/inktechmontreal\"]}]}<\/script>\n<!-- \/ Yoast SEO Premium plugin. -->","yoast_head_json":{"title":"Chromaline Chroma Blue Emulsion High-Quality Formulation","description":"Chroma blue emulsion is fast drying and long lasting, it's perfect for bars and restaurants that need to make sure their floors stay clean and shiny.","robots":{"index":"index","follow":"follow","max-snippet":"max-snippet:-1","max-image-preview":"max-image-preview:large","max-video-preview":"max-video-preview:-1"},"canonical":"https:\/\/ink-tech.com\/fr\/produit\/chroma-blue-emulsion\/","og_locale":"fr_CA","og_type":"article","og_title":"Chromaline Chroma Blue Emulsion High-Quality Formulation","og_description":"Chroma blue emulsion is fast drying and long lasting, it's perfect for bars and restaurants that need to make sure their floors stay clean and shiny.","og_url":"https:\/\/ink-tech.com\/fr\/produit\/chroma-blue-emulsion\/","og_site_name":"Digi Ink Montreal I Screen Printing Inks &amp; Supplies","article_modified_time":"2026-02-24T16:12:03+00:00","og_image":[{"width":1280,"height":1280,"url":"https:\/\/ink-tech.com\/wp-content\/uploads\/2021\/07\/Emulsion-Chroma-Blue.png","type":"image\/png"}],"twitter_card":"summary_large_image","twitter_misc":{"Estimation du temps de lecture":"2 minutes"},"schema":{"@context":"https:\/\/schema.org","@graph":[{"@type":"WebPage","@id":"https:\/\/ink-tech.com\/product\/chroma-blue-emulsion\/","url":"https:\/\/ink-tech.com\/product\/chroma-blue-emulsion\/","name":"Chromaline Chroma Blue Emulsion High-Quality Formulation","isPartOf":{"@id":"https:\/\/ink-tech.com\/#website"},"primaryImageOfPage":{"@id":"https:\/\/ink-tech.com\/product\/chroma-blue-emulsion\/#primaryimage"},"image":{"@id":"https:\/\/ink-tech.com\/product\/chroma-blue-emulsion\/#primaryimage"},"thumbnailUrl":"https:\/\/ink-tech.com\/wp-content\/uploads\/2021\/07\/Emulsion-Chroma-Blue.png","datePublished":"2023-12-19T04:51:56+00:00","dateModified":"2026-02-24T16:12:03+00:00","description":"Chroma blue emulsion is fast drying and long lasting, it's perfect for bars and restaurants that need to make sure their floors stay clean and shiny.","breadcrumb":{"@id":"https:\/\/ink-tech.com\/product\/chroma-blue-emulsion\/#breadcrumb"},"inLanguage":"fr-CA","potentialAction":[{"@type":"ReadAction","target":["https:\/\/ink-tech.com\/product\/chroma-blue-emulsion\/"]}]},{"@type":"ImageObject","inLanguage":"fr-CA","@id":"https:\/\/ink-tech.com\/product\/chroma-blue-emulsion\/#primaryimage","url":"https:\/\/ink-tech.com\/wp-content\/uploads\/2021\/07\/Emulsion-Chroma-Blue.png","contentUrl":"https:\/\/ink-tech.com\/wp-content\/uploads\/2021\/07\/Emulsion-Chroma-Blue.png","width":1280,"height":1280,"caption":"Emulsion Chroma Blue"},{"@type":"BreadcrumbList","@id":"https:\/\/ink-tech.com\/product\/chroma-blue-emulsion\/#breadcrumb","itemListElement":[{"@type":"ListItem","position":1,"name":"Home","item":"https:\/\/ink-tech.com\/"},{"@type":"ListItem","position":2,"name":"Shop","item":"https:\/\/ink-tech.com\/shop\/"},{"@type":"ListItem","position":3,"name":"Chromaline Chroma Blue Emulsion High-Quality Formulation"}]},{"@type":"WebSite","@id":"https:\/\/ink-tech.com\/#website","url":"https:\/\/ink-tech.com\/","name":"Digi Ink Technology Montreal I Digi Ink Screen Printing Inks & Supplies","description":"Premium Quality Inks at Prices You\u2019ll Love!","publisher":{"@id":"https:\/\/ink-tech.com\/#organization"},"potentialAction":[{"@type":"SearchAction","target":{"@type":"EntryPoint","urlTemplate":"https:\/\/ink-tech.com\/?s={search_term_string}"},"query-input":{"@type":"PropertyValueSpecification","valueRequired":true,"valueName":"search_term_string"}}],"inLanguage":"fr-CA"},{"@type":"Organization","@id":"https:\/\/ink-tech.com\/#organization","name":"Digi Ink Technology For Screen Printing Inks & Supplies","alternateName":"Digi Ink Technology For Screen Printing Inks & Supplies","url":"https:\/\/ink-tech.com\/","logo":{"@type":"ImageObject","inLanguage":"fr-CA","@id":"https:\/\/ink-tech.com\/#\/schema\/logo\/image\/","url":"https:\/\/ink-tech.com\/wp-content\/uploads\/2024\/11\/Digi-Ink-Logo.png","contentUrl":"https:\/\/ink-tech.com\/wp-content\/uploads\/2024\/11\/Digi-Ink-Logo.png","width":169,"height":74,"caption":"Digi Ink Technology For Screen Printing Inks & Supplies"},"image":{"@id":"https:\/\/ink-tech.com\/#\/schema\/logo\/image\/"},"sameAs":["https:\/\/www.pinterest.ca\/inktechmontreal"]}]}},"_links":{"self":[{"href":"https:\/\/ink-tech.com\/fr\/wp-json\/wp\/v2\/product\/2013","targetHints":{"allow":["GET"]}}],"collection":[{"href":"https:\/\/ink-tech.com\/fr\/wp-json\/wp\/v2\/product"}],"about":[{"href":"https:\/\/ink-tech.com\/fr\/wp-json\/wp\/v2\/types\/product"}],"replies":[{"embeddable":true,"href":"https:\/\/ink-tech.com\/fr\/wp-json\/wp\/v2\/comments?post=2013"}],"wp:featuredmedia":[{"embeddable":true,"href":"https:\/\/ink-tech.com\/fr\/wp-json\/wp\/v2\/media\/2014"}],"wp:attachment":[{"href":"https:\/\/ink-tech.com\/fr\/wp-json\/wp\/v2\/media?parent=2013"}],"wp:term":[{"taxonomy":"store","embeddable":true,"href":"https:\/\/ink-tech.com\/fr\/wp-json\/wp\/v2\/store?post=2013"},{"taxonomy":"product_brand","embeddable":true,"href":"https:\/\/ink-tech.com\/fr\/wp-json\/wp\/v2\/product_brand?post=2013"},{"taxonomy":"product_cat","embeddable":true,"href":"https:\/\/ink-tech.com\/fr\/wp-json\/wp\/v2\/product_cat?post=2013"},{"taxonomy":"product_tag","embeddable":true,"href":"https:\/\/ink-tech.com\/fr\/wp-json\/wp\/v2\/product_tag?post=2013"}],"curies":[{"name":"wp","href":"https:\/\/api.w.org\/{rel}","templated":true}]}}