{"id":1751,"date":"2021-03-15T15:01:40","date_gmt":"2021-03-15T20:01:40","guid":{"rendered":"https:\/\/ink-tech.com\/?post_type=product&#038;p=1751"},"modified":"2025-11-12T15:03:15","modified_gmt":"2025-11-12T20:03:15","slug":"mutoh-compatible-inks-440-ml","status":"publish","type":"product","link":"https:\/\/ink-tech.com\/fr\/produit\/mutoh-compatible-inks-440-ml\/","title":{"rendered":"Compatible Cartridge For Mutoh Printers 440ml"},"content":{"rendered":"<p>Nos encres num\u00e9riques compatibles sont sp\u00e9cialement con\u00e7ues pour \u00eatre utilis\u00e9s dans les imprimantes Roland Mimaki et Mutoh. Emball\u00e9s dans des cartouches de 440 ml qui offrent une valeur ajout\u00e9e et l\u2019alternative la plus performante au jeu d\u2019encres OEM.<\/p>\n<ul>\n<li>R\u00e9sistance sup\u00e9rieure aux rayures pour une plus longue durabilit\u00e9 ext\u00e9rieure et pas besoin de plastifier les impressions.<\/li>\n<li>Compatibilit\u00e9 a 100% avec les composants d\u2019origine de l\u2019imprimante.<\/li>\n<li>Durabilit\u00e9 ext\u00e9rieure et r\u00e9sistance aux rayures sans laminage.<\/li>\n<li>Qualit\u00e9 et performance OEM.<\/li>\n<li>Disponible dans les 6 couleurs compatibles aux imprimantes Roland, Mimaki et Mutoh.<\/li>\n<\/ul>","protected":false},"excerpt":{"rendered":"<ul class=\"article-blurb article-blurb-features\">\n<li>Compatibilit\u00e9 a 100% avec les composants d\u2019origine de l\u2019imprimante.<\/li>\n<li>Durabilit\u00e9 ext\u00e9rieure et r\u00e9sistance aux rayures sans laminage.<\/li>\n<li>Qualit\u00e9 et performance OEM.<\/li>\n<\/ul>","protected":false},"featured_media":2114,"comment_status":"open","ping_status":"closed","template":"","meta":[],"store":[172],"product_brand":[281],"product_cat":[154],"product_tag":[345],"class_list":{"0":"post-1751","1":"product","2":"type-product","3":"status-publish","4":"has-post-thumbnail","6":"store-digi-ink","7":"product_brand-digi-ink","8":"product_cat-compatible-inks-440-ml","9":"product_tag-mutoh-cartridge","10":"pa_brand-digi-ink","11":"pa_printers-brand-mutoh","13":"first","14":"instock","15":"taxable","16":"shipping-taxable","17":"purchasable","18":"product-type-variable"},"yoast_head":"<!-- This site is optimized with the Yoast SEO Premium plugin v23.4 (Yoast SEO v27.4) - https:\/\/yoast.com\/product\/yoast-seo-premium-wordpress\/ -->\n<title>Compatible Cartridge For Mutoh Printers 440ml<\/title>\n<meta name=\"description\" content=\"Mutoh compatible Eco solvent Series Digital Inks are designed specifically for use in eco-solvent printers. Conveniently packaged in 440ml fully compatible\" \/>\n<meta name=\"robots\" content=\"index, follow, max-snippet:-1, max-image-preview:large, max-video-preview:-1\" \/>\n<link rel=\"canonical\" href=\"https:\/\/ink-tech.com\/fr\/produit\/mutoh-compatible-inks-440-ml\/\" \/>\n<meta property=\"og:locale\" content=\"fr_CA\" \/>\n<meta property=\"og:type\" content=\"article\" \/>\n<meta property=\"og:title\" content=\"Compatible Cartridge For Mutoh Printers 440ml\" \/>\n<meta property=\"og:description\" content=\"Mutoh compatible Eco solvent Series Digital Inks are designed specifically for use in eco-solvent printers. Conveniently packaged in 440ml fully compatible\" \/>\n<meta property=\"og:url\" content=\"https:\/\/ink-tech.com\/fr\/produit\/mutoh-compatible-inks-440-ml\/\" \/>\n<meta property=\"og:site_name\" content=\"Digi Ink Montreal I Screen Printing Inks &amp; Supplies\" \/>\n<meta property=\"article:modified_time\" content=\"2025-11-12T20:03:15+00:00\" \/>\n<meta property=\"og:image\" content=\"https:\/\/ink-tech.com\/wp-content\/uploads\/2021\/03\/Eco-Sol-Max-all-colors.jpeg\" \/>\n\t<meta property=\"og:image:width\" content=\"600\" \/>\n\t<meta property=\"og:image:height\" content=\"600\" \/>\n\t<meta property=\"og:image:type\" content=\"image\/jpeg\" \/>\n<meta name=\"twitter:card\" content=\"summary_large_image\" \/>\n<meta name=\"twitter:label1\" content=\"Estimation du temps de lecture\" \/>\n\t<meta name=\"twitter:data1\" content=\"1 minute\" \/>\n<script type=\"application\/ld+json\" class=\"yoast-schema-graph\">{\"@context\":\"https:\\\/\\\/schema.org\",\"@graph\":[{\"@type\":\"WebPage\",\"@id\":\"https:\\\/\\\/ink-tech.com\\\/product\\\/mutoh-compatible-inks-440-ml\\\/\",\"url\":\"https:\\\/\\\/ink-tech.com\\\/product\\\/mutoh-compatible-inks-440-ml\\\/\",\"name\":\"Compatible Cartridge For Mutoh Printers 440ml\",\"isPartOf\":{\"@id\":\"https:\\\/\\\/ink-tech.com\\\/#website\"},\"primaryImageOfPage\":{\"@id\":\"https:\\\/\\\/ink-tech.com\\\/product\\\/mutoh-compatible-inks-440-ml\\\/#primaryimage\"},\"image\":{\"@id\":\"https:\\\/\\\/ink-tech.com\\\/product\\\/mutoh-compatible-inks-440-ml\\\/#primaryimage\"},\"thumbnailUrl\":\"https:\\\/\\\/ink-tech.com\\\/wp-content\\\/uploads\\\/2021\\\/03\\\/Eco-Sol-Max-all-colors.jpeg\",\"datePublished\":\"2021-03-15T20:01:40+00:00\",\"dateModified\":\"2025-11-12T20:03:15+00:00\",\"description\":\"Mutoh compatible Eco solvent Series Digital Inks are designed specifically for use in eco-solvent printers. Conveniently packaged in 440ml fully compatible\",\"breadcrumb\":{\"@id\":\"https:\\\/\\\/ink-tech.com\\\/product\\\/mutoh-compatible-inks-440-ml\\\/#breadcrumb\"},\"inLanguage\":\"fr-CA\",\"potentialAction\":[{\"@type\":\"ReadAction\",\"target\":[\"https:\\\/\\\/ink-tech.com\\\/product\\\/mutoh-compatible-inks-440-ml\\\/\"]}]},{\"@type\":\"ImageObject\",\"inLanguage\":\"fr-CA\",\"@id\":\"https:\\\/\\\/ink-tech.com\\\/product\\\/mutoh-compatible-inks-440-ml\\\/#primaryimage\",\"url\":\"https:\\\/\\\/ink-tech.com\\\/wp-content\\\/uploads\\\/2021\\\/03\\\/Eco-Sol-Max-all-colors.jpeg\",\"contentUrl\":\"https:\\\/\\\/ink-tech.com\\\/wp-content\\\/uploads\\\/2021\\\/03\\\/Eco-Sol-Max-all-colors.jpeg\",\"width\":600,\"height\":600,\"caption\":\"Eco Sol Max all colors\"},{\"@type\":\"BreadcrumbList\",\"@id\":\"https:\\\/\\\/ink-tech.com\\\/product\\\/mutoh-compatible-inks-440-ml\\\/#breadcrumb\",\"itemListElement\":[{\"@type\":\"ListItem\",\"position\":1,\"name\":\"Home\",\"item\":\"https:\\\/\\\/ink-tech.com\\\/\"},{\"@type\":\"ListItem\",\"position\":2,\"name\":\"Shop\",\"item\":\"https:\\\/\\\/ink-tech.com\\\/shop\\\/\"},{\"@type\":\"ListItem\",\"position\":3,\"name\":\"Compatible Cartridge For Mutoh Printers 440ml\"}]},{\"@type\":\"WebSite\",\"@id\":\"https:\\\/\\\/ink-tech.com\\\/#website\",\"url\":\"https:\\\/\\\/ink-tech.com\\\/\",\"name\":\"Digi Ink Technology Montreal I Digi Ink Screen Printing Inks & Supplies\",\"description\":\"Premium Quality Inks at Prices You\u2019ll Love!\",\"publisher\":{\"@id\":\"https:\\\/\\\/ink-tech.com\\\/#organization\"},\"potentialAction\":[{\"@type\":\"SearchAction\",\"target\":{\"@type\":\"EntryPoint\",\"urlTemplate\":\"https:\\\/\\\/ink-tech.com\\\/?s={search_term_string}\"},\"query-input\":{\"@type\":\"PropertyValueSpecification\",\"valueRequired\":true,\"valueName\":\"search_term_string\"}}],\"inLanguage\":\"fr-CA\"},{\"@type\":\"Organization\",\"@id\":\"https:\\\/\\\/ink-tech.com\\\/#organization\",\"name\":\"Digi Ink Technology For Screen Printing Inks & Supplies\",\"alternateName\":\"Digi Ink Technology For Screen Printing Inks & Supplies\",\"url\":\"https:\\\/\\\/ink-tech.com\\\/\",\"logo\":{\"@type\":\"ImageObject\",\"inLanguage\":\"fr-CA\",\"@id\":\"https:\\\/\\\/ink-tech.com\\\/#\\\/schema\\\/logo\\\/image\\\/\",\"url\":\"https:\\\/\\\/ink-tech.com\\\/wp-content\\\/uploads\\\/2024\\\/11\\\/Digi-Ink-Logo.png\",\"contentUrl\":\"https:\\\/\\\/ink-tech.com\\\/wp-content\\\/uploads\\\/2024\\\/11\\\/Digi-Ink-Logo.png\",\"width\":169,\"height\":74,\"caption\":\"Digi Ink Technology For Screen Printing Inks & Supplies\"},\"image\":{\"@id\":\"https:\\\/\\\/ink-tech.com\\\/#\\\/schema\\\/logo\\\/image\\\/\"},\"sameAs\":[\"https:\\\/\\\/www.pinterest.ca\\\/inktechmontreal\"]}]}<\/script>\n<!-- \/ Yoast SEO Premium plugin. -->","yoast_head_json":{"title":"Compatible Cartridge For Mutoh Printers 440ml","description":"Mutoh compatible Eco solvent Series Digital Inks are designed specifically for use in eco-solvent printers. Conveniently packaged in 440ml fully compatible","robots":{"index":"index","follow":"follow","max-snippet":"max-snippet:-1","max-image-preview":"max-image-preview:large","max-video-preview":"max-video-preview:-1"},"canonical":"https:\/\/ink-tech.com\/fr\/produit\/mutoh-compatible-inks-440-ml\/","og_locale":"fr_CA","og_type":"article","og_title":"Compatible Cartridge For Mutoh Printers 440ml","og_description":"Mutoh compatible Eco solvent Series Digital Inks are designed specifically for use in eco-solvent printers. Conveniently packaged in 440ml fully compatible","og_url":"https:\/\/ink-tech.com\/fr\/produit\/mutoh-compatible-inks-440-ml\/","og_site_name":"Digi Ink Montreal I Screen Printing Inks &amp; Supplies","article_modified_time":"2025-11-12T20:03:15+00:00","og_image":[{"width":600,"height":600,"url":"https:\/\/ink-tech.com\/wp-content\/uploads\/2021\/03\/Eco-Sol-Max-all-colors.jpeg","type":"image\/jpeg"}],"twitter_card":"summary_large_image","twitter_misc":{"Estimation du temps de lecture":"1 minute"},"schema":{"@context":"https:\/\/schema.org","@graph":[{"@type":"WebPage","@id":"https:\/\/ink-tech.com\/product\/mutoh-compatible-inks-440-ml\/","url":"https:\/\/ink-tech.com\/product\/mutoh-compatible-inks-440-ml\/","name":"Compatible Cartridge For Mutoh Printers 440ml","isPartOf":{"@id":"https:\/\/ink-tech.com\/#website"},"primaryImageOfPage":{"@id":"https:\/\/ink-tech.com\/product\/mutoh-compatible-inks-440-ml\/#primaryimage"},"image":{"@id":"https:\/\/ink-tech.com\/product\/mutoh-compatible-inks-440-ml\/#primaryimage"},"thumbnailUrl":"https:\/\/ink-tech.com\/wp-content\/uploads\/2021\/03\/Eco-Sol-Max-all-colors.jpeg","datePublished":"2021-03-15T20:01:40+00:00","dateModified":"2025-11-12T20:03:15+00:00","description":"Mutoh compatible Eco solvent Series Digital Inks are designed specifically for use in eco-solvent printers. Conveniently packaged in 440ml fully compatible","breadcrumb":{"@id":"https:\/\/ink-tech.com\/product\/mutoh-compatible-inks-440-ml\/#breadcrumb"},"inLanguage":"fr-CA","potentialAction":[{"@type":"ReadAction","target":["https:\/\/ink-tech.com\/product\/mutoh-compatible-inks-440-ml\/"]}]},{"@type":"ImageObject","inLanguage":"fr-CA","@id":"https:\/\/ink-tech.com\/product\/mutoh-compatible-inks-440-ml\/#primaryimage","url":"https:\/\/ink-tech.com\/wp-content\/uploads\/2021\/03\/Eco-Sol-Max-all-colors.jpeg","contentUrl":"https:\/\/ink-tech.com\/wp-content\/uploads\/2021\/03\/Eco-Sol-Max-all-colors.jpeg","width":600,"height":600,"caption":"Eco Sol Max all colors"},{"@type":"BreadcrumbList","@id":"https:\/\/ink-tech.com\/product\/mutoh-compatible-inks-440-ml\/#breadcrumb","itemListElement":[{"@type":"ListItem","position":1,"name":"Home","item":"https:\/\/ink-tech.com\/"},{"@type":"ListItem","position":2,"name":"Shop","item":"https:\/\/ink-tech.com\/shop\/"},{"@type":"ListItem","position":3,"name":"Compatible Cartridge For Mutoh Printers 440ml"}]},{"@type":"WebSite","@id":"https:\/\/ink-tech.com\/#website","url":"https:\/\/ink-tech.com\/","name":"Digi Ink Technology Montreal I Digi Ink Screen Printing Inks & Supplies","description":"Premium Quality Inks at Prices You\u2019ll Love!","publisher":{"@id":"https:\/\/ink-tech.com\/#organization"},"potentialAction":[{"@type":"SearchAction","target":{"@type":"EntryPoint","urlTemplate":"https:\/\/ink-tech.com\/?s={search_term_string}"},"query-input":{"@type":"PropertyValueSpecification","valueRequired":true,"valueName":"search_term_string"}}],"inLanguage":"fr-CA"},{"@type":"Organization","@id":"https:\/\/ink-tech.com\/#organization","name":"Digi Ink Technology For Screen Printing Inks & Supplies","alternateName":"Digi Ink Technology For Screen Printing Inks & Supplies","url":"https:\/\/ink-tech.com\/","logo":{"@type":"ImageObject","inLanguage":"fr-CA","@id":"https:\/\/ink-tech.com\/#\/schema\/logo\/image\/","url":"https:\/\/ink-tech.com\/wp-content\/uploads\/2024\/11\/Digi-Ink-Logo.png","contentUrl":"https:\/\/ink-tech.com\/wp-content\/uploads\/2024\/11\/Digi-Ink-Logo.png","width":169,"height":74,"caption":"Digi Ink Technology For Screen Printing Inks & Supplies"},"image":{"@id":"https:\/\/ink-tech.com\/#\/schema\/logo\/image\/"},"sameAs":["https:\/\/www.pinterest.ca\/inktechmontreal"]}]}},"_links":{"self":[{"href":"https:\/\/ink-tech.com\/fr\/wp-json\/wp\/v2\/product\/1751","targetHints":{"allow":["GET"]}}],"collection":[{"href":"https:\/\/ink-tech.com\/fr\/wp-json\/wp\/v2\/product"}],"about":[{"href":"https:\/\/ink-tech.com\/fr\/wp-json\/wp\/v2\/types\/product"}],"replies":[{"embeddable":true,"href":"https:\/\/ink-tech.com\/fr\/wp-json\/wp\/v2\/comments?post=1751"}],"wp:featuredmedia":[{"embeddable":true,"href":"https:\/\/ink-tech.com\/fr\/wp-json\/wp\/v2\/media\/2114"}],"wp:attachment":[{"href":"https:\/\/ink-tech.com\/fr\/wp-json\/wp\/v2\/media?parent=1751"}],"wp:term":[{"taxonomy":"store","embeddable":true,"href":"https:\/\/ink-tech.com\/fr\/wp-json\/wp\/v2\/store?post=1751"},{"taxonomy":"product_brand","embeddable":true,"href":"https:\/\/ink-tech.com\/fr\/wp-json\/wp\/v2\/product_brand?post=1751"},{"taxonomy":"product_cat","embeddable":true,"href":"https:\/\/ink-tech.com\/fr\/wp-json\/wp\/v2\/product_cat?post=1751"},{"taxonomy":"product_tag","embeddable":true,"href":"https:\/\/ink-tech.com\/fr\/wp-json\/wp\/v2\/product_tag?post=1751"}],"curies":[{"name":"wp","href":"https:\/\/api.w.org\/{rel}","templated":true}]}}