{"id":1716,"date":"2021-03-15T14:47:24","date_gmt":"2021-03-15T19:47:24","guid":{"rendered":"https:\/\/ink-tech.com\/?post_type=product&#038;p=1716"},"modified":"2025-11-12T15:05:24","modified_gmt":"2025-11-12T20:05:24","slug":"eco-sol-max2-440ml","status":"publish","type":"product","link":"https:\/\/ink-tech.com\/fr\/produit\/eco-sol-max2-440ml\/","title":{"rendered":"Eco Solvent Max2- 440ML Compatible Cartridge"},"content":{"rendered":"<p><strong>Obtenez une meilleure qualit\u00e9  d'impressions avec l\u2019encre \u00e9co-solvant MAX2!<\/strong><\/p>\n<p>Pr\u00e9sentation de l\u2019encre Eco-solvant MAX2! Notre nouvelle encre am\u00e9lior\u00e9 offre des performances sup\u00e9rieures, une imagerie de haute qualit\u00e9, un s\u00e9chage rapide et une r\u00e9sistance aux rayures et \u00e9galement \u00e9cologique.\nAvec ses nombreux avantages, l\u2019encre Eco-solvant MAX2 est parfait pour toute application d\u2019impression! Il s\u00e8che rapidement et r\u00e9siste aux rayures, ce qui le rend id\u00e9al pour une imagerie de haute qualit\u00e9. Donc, que vous soyez propri\u00e9taire d\u2019entreprise ou artiste, l\u2019encre Eco-solvant MAX2 (Eco-sol-Max2) est le choix parfait pour vous.<\/p>\n<p><strong>Key Highlights<\/strong><br \/>\nR\u00e9sistance sup\u00e9rieure aux rayures pour une plus longue durabilit\u00e9 ext\u00e9rieure et pas besoin de plastifier les impressions.<\/p>\n<ul>\n<li>Compatibilit\u00e9 a 100% avec les composants d\u2019origine de l\u2019imprimante.<\/li>\n<li>Durabilit\u00e9 ext\u00e9rieure et r\u00e9sistance aux rayures sans laminage.<\/li>\n<li>Qualit\u00e9 et performance OEM.<\/li>\n<li>Disponible dans les 6 couleurs compatibles aux imprimantes Roland.<\/li>\n<\/ul>\n<p><strong>Principaux avantages<\/strong><\/p>\n<ul>\n<li>R\u00e9sistance \u00e0 l\u2019humidit\u00e9, aux rayures et aux UV pour une durabilit\u00e9 supr\u00eame, sans finition.<\/li>\n<li>Pratiquement sans odeur, sans COV nocifs et ne n\u00e9cessite aucune ventilation sp\u00e9cialis\u00e9e ou \u00e9quipement ou machinerie environnementale.<\/li>\n<li>Le temps de s\u00e9chage acc\u00e9l\u00e9r\u00e9 maximise la production tout en r\u00e9duisant les co\u00fbts d\u2019exploitation avec un co\u00fbt d\u2019encre standard de seulement cents par pied carr\u00e9.<\/li>\n<li>Tr\u00e8s bonne Qualit\u00e9 d\u2019impression, permettant une excellente opacit\u00e9 et densit\u00e9 avec un lustre et une brillance \u00e9lev\u00e9s.<\/li>\n<\/ul>","protected":false},"excerpt":{"rendered":"<ul class=\"article-blurb article-blurb-features\">\n<li>Qualit\u00e9 et performance OEM<\/li>\n<li>100% de compatibilit\u00e9 avec les composants d\u2019origine de l\u2019imprimante.<\/li>\n<li>Durabilit\u00e9 ext\u00e9rieure et r\u00e9sistance aux rayures sans laminage.<\/li>\n<\/ul>","protected":false},"featured_media":2094,"comment_status":"open","ping_status":"closed","template":"","meta":[],"store":[172],"product_brand":[281],"product_cat":[148],"product_tag":[349],"class_list":{"0":"post-1716","1":"product","2":"type-product","3":"status-publish","4":"has-post-thumbnail","6":"store-digi-ink","7":"product_brand-digi-ink","8":"product_cat-eco-sol-max2-440ml","9":"product_tag-eco-solvent-ink-for-roland","10":"pa_brand-digi-ink","11":"pa_printers-brand-roland","13":"first","14":"instock","15":"taxable","16":"shipping-taxable","17":"purchasable","18":"product-type-variable"},"yoast_head":"<!-- This site is optimized with the Yoast SEO Premium plugin v23.4 (Yoast SEO v27.4) - https:\/\/yoast.com\/product\/yoast-seo-premium-wordpress\/ -->\n<title>Eco Solvent Max2- 440ML Compatible Cartridge &#8211; For Roland<\/title>\n<meta name=\"description\" content=\"Eco solvent MAX2 inks are designed for use in Roland eco solvent printers for smooth installation. They are packaged in 440 ml Cartridge and 1 liter.\" \/>\n<meta name=\"robots\" content=\"index, follow, max-snippet:-1, max-image-preview:large, max-video-preview:-1\" \/>\n<link rel=\"canonical\" href=\"https:\/\/ink-tech.com\/fr\/produit\/eco-sol-max2-440ml\/\" \/>\n<meta property=\"og:locale\" content=\"fr_CA\" \/>\n<meta property=\"og:type\" content=\"article\" \/>\n<meta property=\"og:title\" content=\"Eco Solvent Max2- 440ML Compatible Cartridge\" \/>\n<meta property=\"og:description\" content=\"Eco solvent MAX2 inks are designed for use in Roland eco solvent printers for smooth installation. They are packaged in 440 ml Cartridge and 1 liter.\" \/>\n<meta property=\"og:url\" content=\"https:\/\/ink-tech.com\/fr\/produit\/eco-sol-max2-440ml\/\" \/>\n<meta property=\"og:site_name\" content=\"Digi Ink Montreal I Screen Printing Inks &amp; Supplies\" \/>\n<meta property=\"article:modified_time\" content=\"2025-11-12T20:05:24+00:00\" \/>\n<meta property=\"og:image\" content=\"https:\/\/ink-tech.com\/wp-content\/uploads\/2021\/03\/Eco-Sol-Max-2-All-colors.jpeg\" \/>\n\t<meta property=\"og:image:width\" content=\"600\" \/>\n\t<meta property=\"og:image:height\" content=\"600\" \/>\n\t<meta property=\"og:image:type\" content=\"image\/jpeg\" \/>\n<meta name=\"twitter:card\" content=\"summary_large_image\" \/>\n<meta name=\"twitter:label1\" content=\"Estimation du temps de lecture\" \/>\n\t<meta name=\"twitter:data1\" content=\"1 minute\" \/>\n<script type=\"application\/ld+json\" class=\"yoast-schema-graph\">{\"@context\":\"https:\\\/\\\/schema.org\",\"@graph\":[{\"@type\":\"WebPage\",\"@id\":\"https:\\\/\\\/ink-tech.com\\\/product\\\/eco-sol-max2-440ml\\\/\",\"url\":\"https:\\\/\\\/ink-tech.com\\\/product\\\/eco-sol-max2-440ml\\\/\",\"name\":\"Eco Solvent Max2- 440ML Compatible Cartridge &#8211; For Roland\",\"isPartOf\":{\"@id\":\"https:\\\/\\\/ink-tech.com\\\/#website\"},\"primaryImageOfPage\":{\"@id\":\"https:\\\/\\\/ink-tech.com\\\/product\\\/eco-sol-max2-440ml\\\/#primaryimage\"},\"image\":{\"@id\":\"https:\\\/\\\/ink-tech.com\\\/product\\\/eco-sol-max2-440ml\\\/#primaryimage\"},\"thumbnailUrl\":\"https:\\\/\\\/ink-tech.com\\\/wp-content\\\/uploads\\\/2021\\\/03\\\/Eco-Sol-Max-2-All-colors.jpeg\",\"datePublished\":\"2021-03-15T19:47:24+00:00\",\"dateModified\":\"2025-11-12T20:05:24+00:00\",\"description\":\"Eco solvent MAX2 inks are designed for use in Roland eco solvent printers for smooth installation. They are packaged in 440 ml Cartridge and 1 liter.\",\"breadcrumb\":{\"@id\":\"https:\\\/\\\/ink-tech.com\\\/product\\\/eco-sol-max2-440ml\\\/#breadcrumb\"},\"inLanguage\":\"fr-CA\",\"potentialAction\":[{\"@type\":\"ReadAction\",\"target\":[\"https:\\\/\\\/ink-tech.com\\\/product\\\/eco-sol-max2-440ml\\\/\"]}]},{\"@type\":\"ImageObject\",\"inLanguage\":\"fr-CA\",\"@id\":\"https:\\\/\\\/ink-tech.com\\\/product\\\/eco-sol-max2-440ml\\\/#primaryimage\",\"url\":\"https:\\\/\\\/ink-tech.com\\\/wp-content\\\/uploads\\\/2021\\\/03\\\/Eco-Sol-Max-2-All-colors.jpeg\",\"contentUrl\":\"https:\\\/\\\/ink-tech.com\\\/wp-content\\\/uploads\\\/2021\\\/03\\\/Eco-Sol-Max-2-All-colors.jpeg\",\"width\":600,\"height\":600,\"caption\":\"Eco Sol Max 2 All colors\"},{\"@type\":\"BreadcrumbList\",\"@id\":\"https:\\\/\\\/ink-tech.com\\\/product\\\/eco-sol-max2-440ml\\\/#breadcrumb\",\"itemListElement\":[{\"@type\":\"ListItem\",\"position\":1,\"name\":\"Home\",\"item\":\"https:\\\/\\\/ink-tech.com\\\/\"},{\"@type\":\"ListItem\",\"position\":2,\"name\":\"Shop\",\"item\":\"https:\\\/\\\/ink-tech.com\\\/shop\\\/\"},{\"@type\":\"ListItem\",\"position\":3,\"name\":\"Eco Solvent Max2- 440ML Compatible Cartridge\"}]},{\"@type\":\"WebSite\",\"@id\":\"https:\\\/\\\/ink-tech.com\\\/#website\",\"url\":\"https:\\\/\\\/ink-tech.com\\\/\",\"name\":\"Digi Ink Technology Montreal I Digi Ink Screen Printing Inks & Supplies\",\"description\":\"Premium Quality Inks at Prices You\u2019ll Love!\",\"publisher\":{\"@id\":\"https:\\\/\\\/ink-tech.com\\\/#organization\"},\"potentialAction\":[{\"@type\":\"SearchAction\",\"target\":{\"@type\":\"EntryPoint\",\"urlTemplate\":\"https:\\\/\\\/ink-tech.com\\\/?s={search_term_string}\"},\"query-input\":{\"@type\":\"PropertyValueSpecification\",\"valueRequired\":true,\"valueName\":\"search_term_string\"}}],\"inLanguage\":\"fr-CA\"},{\"@type\":\"Organization\",\"@id\":\"https:\\\/\\\/ink-tech.com\\\/#organization\",\"name\":\"Digi Ink Technology For Screen Printing Inks & Supplies\",\"alternateName\":\"Digi Ink Technology For Screen Printing Inks & Supplies\",\"url\":\"https:\\\/\\\/ink-tech.com\\\/\",\"logo\":{\"@type\":\"ImageObject\",\"inLanguage\":\"fr-CA\",\"@id\":\"https:\\\/\\\/ink-tech.com\\\/#\\\/schema\\\/logo\\\/image\\\/\",\"url\":\"https:\\\/\\\/ink-tech.com\\\/wp-content\\\/uploads\\\/2024\\\/11\\\/Digi-Ink-Logo.png\",\"contentUrl\":\"https:\\\/\\\/ink-tech.com\\\/wp-content\\\/uploads\\\/2024\\\/11\\\/Digi-Ink-Logo.png\",\"width\":169,\"height\":74,\"caption\":\"Digi Ink Technology For Screen Printing Inks & Supplies\"},\"image\":{\"@id\":\"https:\\\/\\\/ink-tech.com\\\/#\\\/schema\\\/logo\\\/image\\\/\"},\"sameAs\":[\"https:\\\/\\\/www.pinterest.ca\\\/inktechmontreal\"]}]}<\/script>\n<!-- \/ Yoast SEO Premium plugin. -->","yoast_head_json":{"title":"Eco Solvent Max2- 440ML Compatible Cartridge &#8211; For Roland","description":"Eco solvent MAX2 inks are designed for use in Roland eco solvent printers for smooth installation. They are packaged in 440 ml Cartridge and 1 liter.","robots":{"index":"index","follow":"follow","max-snippet":"max-snippet:-1","max-image-preview":"max-image-preview:large","max-video-preview":"max-video-preview:-1"},"canonical":"https:\/\/ink-tech.com\/fr\/produit\/eco-sol-max2-440ml\/","og_locale":"fr_CA","og_type":"article","og_title":"Eco Solvent Max2- 440ML Compatible Cartridge","og_description":"Eco solvent MAX2 inks are designed for use in Roland eco solvent printers for smooth installation. They are packaged in 440 ml Cartridge and 1 liter.","og_url":"https:\/\/ink-tech.com\/fr\/produit\/eco-sol-max2-440ml\/","og_site_name":"Digi Ink Montreal I Screen Printing Inks &amp; Supplies","article_modified_time":"2025-11-12T20:05:24+00:00","og_image":[{"width":600,"height":600,"url":"https:\/\/ink-tech.com\/wp-content\/uploads\/2021\/03\/Eco-Sol-Max-2-All-colors.jpeg","type":"image\/jpeg"}],"twitter_card":"summary_large_image","twitter_misc":{"Estimation du temps de lecture":"1 minute"},"schema":{"@context":"https:\/\/schema.org","@graph":[{"@type":"WebPage","@id":"https:\/\/ink-tech.com\/product\/eco-sol-max2-440ml\/","url":"https:\/\/ink-tech.com\/product\/eco-sol-max2-440ml\/","name":"Eco Solvent Max2- 440ML Compatible Cartridge &#8211; For Roland","isPartOf":{"@id":"https:\/\/ink-tech.com\/#website"},"primaryImageOfPage":{"@id":"https:\/\/ink-tech.com\/product\/eco-sol-max2-440ml\/#primaryimage"},"image":{"@id":"https:\/\/ink-tech.com\/product\/eco-sol-max2-440ml\/#primaryimage"},"thumbnailUrl":"https:\/\/ink-tech.com\/wp-content\/uploads\/2021\/03\/Eco-Sol-Max-2-All-colors.jpeg","datePublished":"2021-03-15T19:47:24+00:00","dateModified":"2025-11-12T20:05:24+00:00","description":"Eco solvent MAX2 inks are designed for use in Roland eco solvent printers for smooth installation. They are packaged in 440 ml Cartridge and 1 liter.","breadcrumb":{"@id":"https:\/\/ink-tech.com\/product\/eco-sol-max2-440ml\/#breadcrumb"},"inLanguage":"fr-CA","potentialAction":[{"@type":"ReadAction","target":["https:\/\/ink-tech.com\/product\/eco-sol-max2-440ml\/"]}]},{"@type":"ImageObject","inLanguage":"fr-CA","@id":"https:\/\/ink-tech.com\/product\/eco-sol-max2-440ml\/#primaryimage","url":"https:\/\/ink-tech.com\/wp-content\/uploads\/2021\/03\/Eco-Sol-Max-2-All-colors.jpeg","contentUrl":"https:\/\/ink-tech.com\/wp-content\/uploads\/2021\/03\/Eco-Sol-Max-2-All-colors.jpeg","width":600,"height":600,"caption":"Eco Sol Max 2 All colors"},{"@type":"BreadcrumbList","@id":"https:\/\/ink-tech.com\/product\/eco-sol-max2-440ml\/#breadcrumb","itemListElement":[{"@type":"ListItem","position":1,"name":"Home","item":"https:\/\/ink-tech.com\/"},{"@type":"ListItem","position":2,"name":"Shop","item":"https:\/\/ink-tech.com\/shop\/"},{"@type":"ListItem","position":3,"name":"Eco Solvent Max2- 440ML Compatible Cartridge"}]},{"@type":"WebSite","@id":"https:\/\/ink-tech.com\/#website","url":"https:\/\/ink-tech.com\/","name":"Digi Ink Technology Montreal I Digi Ink Screen Printing Inks & Supplies","description":"Premium Quality Inks at Prices You\u2019ll Love!","publisher":{"@id":"https:\/\/ink-tech.com\/#organization"},"potentialAction":[{"@type":"SearchAction","target":{"@type":"EntryPoint","urlTemplate":"https:\/\/ink-tech.com\/?s={search_term_string}"},"query-input":{"@type":"PropertyValueSpecification","valueRequired":true,"valueName":"search_term_string"}}],"inLanguage":"fr-CA"},{"@type":"Organization","@id":"https:\/\/ink-tech.com\/#organization","name":"Digi Ink Technology For Screen Printing Inks & Supplies","alternateName":"Digi Ink Technology For Screen Printing Inks & Supplies","url":"https:\/\/ink-tech.com\/","logo":{"@type":"ImageObject","inLanguage":"fr-CA","@id":"https:\/\/ink-tech.com\/#\/schema\/logo\/image\/","url":"https:\/\/ink-tech.com\/wp-content\/uploads\/2024\/11\/Digi-Ink-Logo.png","contentUrl":"https:\/\/ink-tech.com\/wp-content\/uploads\/2024\/11\/Digi-Ink-Logo.png","width":169,"height":74,"caption":"Digi Ink Technology For Screen Printing Inks & Supplies"},"image":{"@id":"https:\/\/ink-tech.com\/#\/schema\/logo\/image\/"},"sameAs":["https:\/\/www.pinterest.ca\/inktechmontreal"]}]}},"_links":{"self":[{"href":"https:\/\/ink-tech.com\/fr\/wp-json\/wp\/v2\/product\/1716","targetHints":{"allow":["GET"]}}],"collection":[{"href":"https:\/\/ink-tech.com\/fr\/wp-json\/wp\/v2\/product"}],"about":[{"href":"https:\/\/ink-tech.com\/fr\/wp-json\/wp\/v2\/types\/product"}],"replies":[{"embeddable":true,"href":"https:\/\/ink-tech.com\/fr\/wp-json\/wp\/v2\/comments?post=1716"}],"wp:featuredmedia":[{"embeddable":true,"href":"https:\/\/ink-tech.com\/fr\/wp-json\/wp\/v2\/media\/2094"}],"wp:attachment":[{"href":"https:\/\/ink-tech.com\/fr\/wp-json\/wp\/v2\/media?parent=1716"}],"wp:term":[{"taxonomy":"store","embeddable":true,"href":"https:\/\/ink-tech.com\/fr\/wp-json\/wp\/v2\/store?post=1716"},{"taxonomy":"product_brand","embeddable":true,"href":"https:\/\/ink-tech.com\/fr\/wp-json\/wp\/v2\/product_brand?post=1716"},{"taxonomy":"product_cat","embeddable":true,"href":"https:\/\/ink-tech.com\/fr\/wp-json\/wp\/v2\/product_cat?post=1716"},{"taxonomy":"product_tag","embeddable":true,"href":"https:\/\/ink-tech.com\/fr\/wp-json\/wp\/v2\/product_tag?post=1716"}],"curies":[{"name":"wp","href":"https:\/\/api.w.org\/{rel}","templated":true}]}}