{"id":1709,"date":"2021-03-15T14:45:35","date_gmt":"2021-03-15T19:45:35","guid":{"rendered":"https:\/\/ink-tech.com\/?post_type=product&#038;p=1709"},"modified":"2026-02-26T10:29:53","modified_gmt":"2026-02-26T15:29:53","slug":"mild-solvent-ss21-1000ml","status":"publish","type":"product","link":"https:\/\/ink-tech.com\/fr\/produit\/mild-solvent-ss21-1000ml\/","title":{"rendered":"Mild Solvant SS21-1000ML"},"content":{"rendered":"<p>Ils sont nettement \u00e9cologiques et conviviales par rapport aux encres solvants \u00e0 haute teneur. Le solvant utilis\u00e9 dans ses encres donne un r\u00e9sultat beaucoup plus durable que les types d\u2019encres fabriqu\u00e9s sans solvant. Ils sont id\u00e9als, en particulier pour les imprimeurs qui ne veulent pas manipuler des encres dangereux \u00e0 forte teneur en solvant.<\/p>\n<p>Nos encres compatibles SS21 -1000 ml sont des encres solvants doux de haute qualit\u00e9, id\u00e9als pour les applications de fabrication rapides.<\/p>","protected":false},"excerpt":{"rendered":"<ul class=\"article-blurb article-blurb-features\">\n<li>Ses encres sont \u00e9cologiques<\/li>\n<li>Performance ext\u00e9rieure \u00e0 long terme<\/li>\n<li>Haute densit\u00e9<\/li>\n<\/ul>","protected":false},"featured_media":2011,"comment_status":"open","ping_status":"closed","template":"","meta":[],"store":[172],"product_brand":[281],"product_cat":[182],"product_tag":[348],"class_list":{"0":"post-1709","1":"product","2":"type-product","3":"status-publish","4":"has-post-thumbnail","6":"store-digi-ink","7":"product_brand-digi-ink","8":"product_cat-mild-solvent-ss21-1000ml","9":"product_tag-mimaki-ss21-compatible-ink","10":"pa_brand-digi-ink","11":"pa_printers-brand-mimaki","13":"first","14":"instock","15":"taxable","16":"shipping-taxable","17":"purchasable","18":"product-type-variable"},"yoast_head":"<!-- This site is optimized with the Yoast SEO Premium plugin v23.4 (Yoast SEO v27.4) - https:\/\/yoast.com\/product\/yoast-seo-premium-wordpress\/ -->\n<title>Mild Solvent SS21-1000ML For Mimaki<\/title>\n<meta name=\"description\" content=\"The solvent used in these Mild Solvent inks gives a much more durable result than the types of inks made without solvent. They are significantly Eco-Friendly and user-friendly compared to high-content solvent inks.\" \/>\n<meta name=\"robots\" content=\"index, follow, max-snippet:-1, max-image-preview:large, max-video-preview:-1\" \/>\n<link rel=\"canonical\" href=\"https:\/\/ink-tech.com\/fr\/produit\/mild-solvent-ss21-1000ml\/\" \/>\n<meta property=\"og:locale\" content=\"fr_CA\" \/>\n<meta property=\"og:type\" content=\"article\" \/>\n<meta property=\"og:title\" content=\"Mild Solvent SS21-1000ML\" \/>\n<meta property=\"og:description\" content=\"The solvent used in these Mild Solvent inks gives a much more durable result than the types of inks made without solvent. They are significantly Eco-Friendly and user-friendly compared to high-content solvent inks.\" \/>\n<meta property=\"og:url\" content=\"https:\/\/ink-tech.com\/fr\/produit\/mild-solvent-ss21-1000ml\/\" \/>\n<meta property=\"og:site_name\" content=\"Digi Ink Montreal I Screen Printing Inks &amp; Supplies\" \/>\n<meta property=\"article:modified_time\" content=\"2026-02-26T15:29:53+00:00\" \/>\n<meta property=\"og:image\" content=\"https:\/\/ink-tech.com\/wp-content\/uploads\/2021\/03\/SS21-Bulk-Inks.jpeg\" \/>\n\t<meta property=\"og:image:width\" content=\"1280\" \/>\n\t<meta property=\"og:image:height\" content=\"853\" \/>\n\t<meta property=\"og:image:type\" content=\"image\/jpeg\" \/>\n<meta name=\"twitter:card\" content=\"summary_large_image\" \/>\n<meta name=\"twitter:label1\" content=\"Estimation du temps de lecture\" \/>\n\t<meta name=\"twitter:data1\" content=\"1 minute\" \/>\n<script type=\"application\/ld+json\" class=\"yoast-schema-graph\">{\"@context\":\"https:\\\/\\\/schema.org\",\"@graph\":[{\"@type\":\"WebPage\",\"@id\":\"https:\\\/\\\/ink-tech.com\\\/product\\\/mild-solvent-ss21-1000ml\\\/\",\"url\":\"https:\\\/\\\/ink-tech.com\\\/product\\\/mild-solvent-ss21-1000ml\\\/\",\"name\":\"Mild Solvent SS21-1000ML For Mimaki\",\"isPartOf\":{\"@id\":\"https:\\\/\\\/ink-tech.com\\\/#website\"},\"primaryImageOfPage\":{\"@id\":\"https:\\\/\\\/ink-tech.com\\\/product\\\/mild-solvent-ss21-1000ml\\\/#primaryimage\"},\"image\":{\"@id\":\"https:\\\/\\\/ink-tech.com\\\/product\\\/mild-solvent-ss21-1000ml\\\/#primaryimage\"},\"thumbnailUrl\":\"https:\\\/\\\/ink-tech.com\\\/wp-content\\\/uploads\\\/2021\\\/03\\\/SS21-Bulk-Inks.jpeg\",\"datePublished\":\"2021-03-15T19:45:35+00:00\",\"dateModified\":\"2026-02-26T15:29:53+00:00\",\"description\":\"The solvent used in these Mild Solvent inks gives a much more durable result than the types of inks made without solvent. They are significantly Eco-Friendly and user-friendly compared to high-content solvent inks.\",\"breadcrumb\":{\"@id\":\"https:\\\/\\\/ink-tech.com\\\/product\\\/mild-solvent-ss21-1000ml\\\/#breadcrumb\"},\"inLanguage\":\"fr-CA\",\"potentialAction\":[{\"@type\":\"ReadAction\",\"target\":[\"https:\\\/\\\/ink-tech.com\\\/product\\\/mild-solvent-ss21-1000ml\\\/\"]}]},{\"@type\":\"ImageObject\",\"inLanguage\":\"fr-CA\",\"@id\":\"https:\\\/\\\/ink-tech.com\\\/product\\\/mild-solvent-ss21-1000ml\\\/#primaryimage\",\"url\":\"https:\\\/\\\/ink-tech.com\\\/wp-content\\\/uploads\\\/2021\\\/03\\\/SS21-Bulk-Inks.jpeg\",\"contentUrl\":\"https:\\\/\\\/ink-tech.com\\\/wp-content\\\/uploads\\\/2021\\\/03\\\/SS21-Bulk-Inks.jpeg\",\"width\":1280,\"height\":853,\"caption\":\"SS21 Bulk Inks\"},{\"@type\":\"BreadcrumbList\",\"@id\":\"https:\\\/\\\/ink-tech.com\\\/product\\\/mild-solvent-ss21-1000ml\\\/#breadcrumb\",\"itemListElement\":[{\"@type\":\"ListItem\",\"position\":1,\"name\":\"Home\",\"item\":\"https:\\\/\\\/ink-tech.com\\\/\"},{\"@type\":\"ListItem\",\"position\":2,\"name\":\"Shop\",\"item\":\"https:\\\/\\\/ink-tech.com\\\/shop\\\/\"},{\"@type\":\"ListItem\",\"position\":3,\"name\":\"Mild Solvent SS21-1000ML\"}]},{\"@type\":\"WebSite\",\"@id\":\"https:\\\/\\\/ink-tech.com\\\/#website\",\"url\":\"https:\\\/\\\/ink-tech.com\\\/\",\"name\":\"Digi Ink Technology Montreal I Digi Ink Screen Printing Inks & Supplies\",\"description\":\"Premium Quality Inks at Prices You\u2019ll Love!\",\"publisher\":{\"@id\":\"https:\\\/\\\/ink-tech.com\\\/#organization\"},\"potentialAction\":[{\"@type\":\"SearchAction\",\"target\":{\"@type\":\"EntryPoint\",\"urlTemplate\":\"https:\\\/\\\/ink-tech.com\\\/?s={search_term_string}\"},\"query-input\":{\"@type\":\"PropertyValueSpecification\",\"valueRequired\":true,\"valueName\":\"search_term_string\"}}],\"inLanguage\":\"fr-CA\"},{\"@type\":\"Organization\",\"@id\":\"https:\\\/\\\/ink-tech.com\\\/#organization\",\"name\":\"Digi Ink Technology For Screen Printing Inks & Supplies\",\"alternateName\":\"Digi Ink Technology For Screen Printing Inks & Supplies\",\"url\":\"https:\\\/\\\/ink-tech.com\\\/\",\"logo\":{\"@type\":\"ImageObject\",\"inLanguage\":\"fr-CA\",\"@id\":\"https:\\\/\\\/ink-tech.com\\\/#\\\/schema\\\/logo\\\/image\\\/\",\"url\":\"https:\\\/\\\/ink-tech.com\\\/wp-content\\\/uploads\\\/2024\\\/11\\\/Digi-Ink-Logo.png\",\"contentUrl\":\"https:\\\/\\\/ink-tech.com\\\/wp-content\\\/uploads\\\/2024\\\/11\\\/Digi-Ink-Logo.png\",\"width\":169,\"height\":74,\"caption\":\"Digi Ink Technology For Screen Printing Inks & Supplies\"},\"image\":{\"@id\":\"https:\\\/\\\/ink-tech.com\\\/#\\\/schema\\\/logo\\\/image\\\/\"},\"sameAs\":[\"https:\\\/\\\/www.pinterest.ca\\\/inktechmontreal\"]}]}<\/script>\n<!-- \/ Yoast SEO Premium plugin. -->","yoast_head_json":{"title":"Mild Solvent SS21-1000ML For Mimaki","description":"The solvent used in these Mild Solvent inks gives a much more durable result than the types of inks made without solvent. They are significantly Eco-Friendly and user-friendly compared to high-content solvent inks.","robots":{"index":"index","follow":"follow","max-snippet":"max-snippet:-1","max-image-preview":"max-image-preview:large","max-video-preview":"max-video-preview:-1"},"canonical":"https:\/\/ink-tech.com\/fr\/produit\/mild-solvent-ss21-1000ml\/","og_locale":"fr_CA","og_type":"article","og_title":"Mild Solvent SS21-1000ML","og_description":"The solvent used in these Mild Solvent inks gives a much more durable result than the types of inks made without solvent. They are significantly Eco-Friendly and user-friendly compared to high-content solvent inks.","og_url":"https:\/\/ink-tech.com\/fr\/produit\/mild-solvent-ss21-1000ml\/","og_site_name":"Digi Ink Montreal I Screen Printing Inks &amp; Supplies","article_modified_time":"2026-02-26T15:29:53+00:00","og_image":[{"width":1280,"height":853,"url":"https:\/\/ink-tech.com\/wp-content\/uploads\/2021\/03\/SS21-Bulk-Inks.jpeg","type":"image\/jpeg"}],"twitter_card":"summary_large_image","twitter_misc":{"Estimation du temps de lecture":"1 minute"},"schema":{"@context":"https:\/\/schema.org","@graph":[{"@type":"WebPage","@id":"https:\/\/ink-tech.com\/product\/mild-solvent-ss21-1000ml\/","url":"https:\/\/ink-tech.com\/product\/mild-solvent-ss21-1000ml\/","name":"Mild Solvent SS21-1000ML For Mimaki","isPartOf":{"@id":"https:\/\/ink-tech.com\/#website"},"primaryImageOfPage":{"@id":"https:\/\/ink-tech.com\/product\/mild-solvent-ss21-1000ml\/#primaryimage"},"image":{"@id":"https:\/\/ink-tech.com\/product\/mild-solvent-ss21-1000ml\/#primaryimage"},"thumbnailUrl":"https:\/\/ink-tech.com\/wp-content\/uploads\/2021\/03\/SS21-Bulk-Inks.jpeg","datePublished":"2021-03-15T19:45:35+00:00","dateModified":"2026-02-26T15:29:53+00:00","description":"The solvent used in these Mild Solvent inks gives a much more durable result than the types of inks made without solvent. They are significantly Eco-Friendly and user-friendly compared to high-content solvent inks.","breadcrumb":{"@id":"https:\/\/ink-tech.com\/product\/mild-solvent-ss21-1000ml\/#breadcrumb"},"inLanguage":"fr-CA","potentialAction":[{"@type":"ReadAction","target":["https:\/\/ink-tech.com\/product\/mild-solvent-ss21-1000ml\/"]}]},{"@type":"ImageObject","inLanguage":"fr-CA","@id":"https:\/\/ink-tech.com\/product\/mild-solvent-ss21-1000ml\/#primaryimage","url":"https:\/\/ink-tech.com\/wp-content\/uploads\/2021\/03\/SS21-Bulk-Inks.jpeg","contentUrl":"https:\/\/ink-tech.com\/wp-content\/uploads\/2021\/03\/SS21-Bulk-Inks.jpeg","width":1280,"height":853,"caption":"SS21 Bulk Inks"},{"@type":"BreadcrumbList","@id":"https:\/\/ink-tech.com\/product\/mild-solvent-ss21-1000ml\/#breadcrumb","itemListElement":[{"@type":"ListItem","position":1,"name":"Home","item":"https:\/\/ink-tech.com\/"},{"@type":"ListItem","position":2,"name":"Shop","item":"https:\/\/ink-tech.com\/shop\/"},{"@type":"ListItem","position":3,"name":"Mild Solvent SS21-1000ML"}]},{"@type":"WebSite","@id":"https:\/\/ink-tech.com\/#website","url":"https:\/\/ink-tech.com\/","name":"Digi Ink Technology Montreal I Digi Ink Screen Printing Inks & Supplies","description":"Premium Quality Inks at Prices You\u2019ll Love!","publisher":{"@id":"https:\/\/ink-tech.com\/#organization"},"potentialAction":[{"@type":"SearchAction","target":{"@type":"EntryPoint","urlTemplate":"https:\/\/ink-tech.com\/?s={search_term_string}"},"query-input":{"@type":"PropertyValueSpecification","valueRequired":true,"valueName":"search_term_string"}}],"inLanguage":"fr-CA"},{"@type":"Organization","@id":"https:\/\/ink-tech.com\/#organization","name":"Digi Ink Technology For Screen Printing Inks & Supplies","alternateName":"Digi Ink Technology For Screen Printing Inks & Supplies","url":"https:\/\/ink-tech.com\/","logo":{"@type":"ImageObject","inLanguage":"fr-CA","@id":"https:\/\/ink-tech.com\/#\/schema\/logo\/image\/","url":"https:\/\/ink-tech.com\/wp-content\/uploads\/2024\/11\/Digi-Ink-Logo.png","contentUrl":"https:\/\/ink-tech.com\/wp-content\/uploads\/2024\/11\/Digi-Ink-Logo.png","width":169,"height":74,"caption":"Digi Ink Technology For Screen Printing Inks & Supplies"},"image":{"@id":"https:\/\/ink-tech.com\/#\/schema\/logo\/image\/"},"sameAs":["https:\/\/www.pinterest.ca\/inktechmontreal"]}]}},"_links":{"self":[{"href":"https:\/\/ink-tech.com\/fr\/wp-json\/wp\/v2\/product\/1709","targetHints":{"allow":["GET"]}}],"collection":[{"href":"https:\/\/ink-tech.com\/fr\/wp-json\/wp\/v2\/product"}],"about":[{"href":"https:\/\/ink-tech.com\/fr\/wp-json\/wp\/v2\/types\/product"}],"replies":[{"embeddable":true,"href":"https:\/\/ink-tech.com\/fr\/wp-json\/wp\/v2\/comments?post=1709"}],"wp:featuredmedia":[{"embeddable":true,"href":"https:\/\/ink-tech.com\/fr\/wp-json\/wp\/v2\/media\/2011"}],"wp:attachment":[{"href":"https:\/\/ink-tech.com\/fr\/wp-json\/wp\/v2\/media?parent=1709"}],"wp:term":[{"taxonomy":"store","embeddable":true,"href":"https:\/\/ink-tech.com\/fr\/wp-json\/wp\/v2\/store?post=1709"},{"taxonomy":"product_brand","embeddable":true,"href":"https:\/\/ink-tech.com\/fr\/wp-json\/wp\/v2\/product_brand?post=1709"},{"taxonomy":"product_cat","embeddable":true,"href":"https:\/\/ink-tech.com\/fr\/wp-json\/wp\/v2\/product_cat?post=1709"},{"taxonomy":"product_tag","embeddable":true,"href":"https:\/\/ink-tech.com\/fr\/wp-json\/wp\/v2\/product_tag?post=1709"}],"curies":[{"name":"wp","href":"https:\/\/api.w.org\/{rel}","templated":true}]}}