{"id":1702,"date":"2021-03-15T14:08:38","date_gmt":"2021-03-15T19:08:38","guid":{"rendered":"https:\/\/ink-tech.com\/?post_type=product&#038;p=1702"},"modified":"2025-11-12T15:07:28","modified_gmt":"2025-11-12T20:07:28","slug":"ss2-cartridge-inks-440ml","status":"publish","type":"product","link":"https:\/\/ink-tech.com\/fr\/produit\/ss2-cartridge-inks-440ml\/","title":{"rendered":"Mimaki SS2 Compatible Cartridge 440ML"},"content":{"rendered":"<p>Ils sont nettement \u00e9cologiques et conviviales par rapport aux encres solvants \u00e0 haute teneur. Le solvant utilis\u00e9 dans ses encres donne un r\u00e9sultat beaucoup plus durable que les types d\u2019encres fabriqu\u00e9s sans solvant. Ils sont id\u00e9als, en particulier pour les imprimeurs qui ne veulent pas manipuler des encres dangereux \u00e0 forte teneur en solvant.<\/p>\n<p>Nos encres compatibles SS2 \u2013 440 ml sont des encres \u00e0 solvant doux de qualit\u00e9 sup\u00e9rieure, id\u00e9ales pour les applications de fabrication rapide.<\/p>","protected":false},"excerpt":{"rendered":"<ul>\n<li>Disponible dans les 6 couleurs compatibles aux imprimantes Mimaki.<\/li>\n<li>Pratiquement sans odeur, sans COV nocifs et ne n\u00e9cessite aucune ventilation sp\u00e9cialis\u00e9e ou \u00e9quipement ou machinerie environnementale.<\/li>\n<li>Performances de pulv\u00e9risation am\u00e9lior\u00e9es, haute fr\u00e9quence et impression rapide.<\/li>\n<\/ul>","protected":false},"featured_media":2102,"comment_status":"open","ping_status":"closed","template":"","meta":[],"store":[172],"product_brand":[281],"product_cat":[150],"product_tag":[350],"class_list":{"0":"post-1702","1":"product","2":"type-product","3":"status-publish","4":"has-post-thumbnail","6":"store-digi-ink","7":"product_brand-digi-ink","8":"product_cat-ss2-cartridge-inks-440ml","9":"product_tag-mimaki-ss2-compatible","10":"pa_brand-digi-ink","11":"pa_printers-brand-mimaki","13":"first","14":"instock","15":"taxable","16":"shipping-taxable","17":"purchasable","18":"product-type-variable"},"yoast_head":"<!-- This site is optimized with the Yoast SEO Premium plugin v23.4 (Yoast SEO v27.5) - https:\/\/yoast.com\/product\/yoast-seo-premium-wordpress\/ -->\n<title>Mild Solvent SS2-440ML compatible For Mimaki<\/title>\n<meta name=\"description\" content=\"Mild Solvent SS2 compatible inks are significantly Eco-Friendly and user-friendly compared to high-content solvent inks. The Mild solvent used in these inks gives\" \/>\n<meta name=\"robots\" content=\"index, follow, max-snippet:-1, max-image-preview:large, max-video-preview:-1\" \/>\n<link rel=\"canonical\" href=\"https:\/\/ink-tech.com\/fr\/produit\/ss2-cartridge-inks-440ml\/\" \/>\n<meta property=\"og:locale\" content=\"fr_CA\" \/>\n<meta property=\"og:type\" content=\"article\" \/>\n<meta property=\"og:title\" content=\"Mimaki SS2 Compatible Cartridge 440ML\" \/>\n<meta property=\"og:description\" content=\"Mild Solvent SS2 compatible inks are significantly Eco-Friendly and user-friendly compared to high-content solvent inks. The Mild solvent used in these inks gives\" \/>\n<meta property=\"og:url\" content=\"https:\/\/ink-tech.com\/fr\/produit\/ss2-cartridge-inks-440ml\/\" \/>\n<meta property=\"og:site_name\" content=\"Digi Ink Montreal I Screen Printing Inks &amp; Supplies\" \/>\n<meta property=\"article:modified_time\" content=\"2025-11-12T20:07:28+00:00\" \/>\n<meta property=\"og:image\" content=\"https:\/\/ink-tech.com\/wp-content\/uploads\/2021\/03\/SS2-Cover.jpeg\" \/>\n\t<meta property=\"og:image:width\" content=\"600\" \/>\n\t<meta property=\"og:image:height\" content=\"600\" \/>\n\t<meta property=\"og:image:type\" content=\"image\/jpeg\" \/>\n<meta name=\"twitter:card\" content=\"summary_large_image\" \/>\n<meta name=\"twitter:label1\" content=\"Estimation du temps de lecture\" \/>\n\t<meta name=\"twitter:data1\" content=\"1 minute\" \/>\n<script type=\"application\/ld+json\" class=\"yoast-schema-graph\">{\"@context\":\"https:\\\/\\\/schema.org\",\"@graph\":[{\"@type\":\"WebPage\",\"@id\":\"https:\\\/\\\/ink-tech.com\\\/product\\\/ss2-cartridge-inks-440ml\\\/\",\"url\":\"https:\\\/\\\/ink-tech.com\\\/product\\\/ss2-cartridge-inks-440ml\\\/\",\"name\":\"Mild Solvent SS2-440ML compatible For Mimaki\",\"isPartOf\":{\"@id\":\"https:\\\/\\\/ink-tech.com\\\/#website\"},\"primaryImageOfPage\":{\"@id\":\"https:\\\/\\\/ink-tech.com\\\/product\\\/ss2-cartridge-inks-440ml\\\/#primaryimage\"},\"image\":{\"@id\":\"https:\\\/\\\/ink-tech.com\\\/product\\\/ss2-cartridge-inks-440ml\\\/#primaryimage\"},\"thumbnailUrl\":\"https:\\\/\\\/ink-tech.com\\\/wp-content\\\/uploads\\\/2021\\\/03\\\/SS2-Cover.jpeg\",\"datePublished\":\"2021-03-15T19:08:38+00:00\",\"dateModified\":\"2025-11-12T20:07:28+00:00\",\"description\":\"Mild Solvent SS2 compatible inks are significantly Eco-Friendly and user-friendly compared to high-content solvent inks. The Mild solvent used in these inks gives\",\"breadcrumb\":{\"@id\":\"https:\\\/\\\/ink-tech.com\\\/product\\\/ss2-cartridge-inks-440ml\\\/#breadcrumb\"},\"inLanguage\":\"fr-CA\",\"potentialAction\":[{\"@type\":\"ReadAction\",\"target\":[\"https:\\\/\\\/ink-tech.com\\\/product\\\/ss2-cartridge-inks-440ml\\\/\"]}]},{\"@type\":\"ImageObject\",\"inLanguage\":\"fr-CA\",\"@id\":\"https:\\\/\\\/ink-tech.com\\\/product\\\/ss2-cartridge-inks-440ml\\\/#primaryimage\",\"url\":\"https:\\\/\\\/ink-tech.com\\\/wp-content\\\/uploads\\\/2021\\\/03\\\/SS2-Cover.jpeg\",\"contentUrl\":\"https:\\\/\\\/ink-tech.com\\\/wp-content\\\/uploads\\\/2021\\\/03\\\/SS2-Cover.jpeg\",\"width\":600,\"height\":600,\"caption\":\"Mild Solvent ES3 All colors\"},{\"@type\":\"BreadcrumbList\",\"@id\":\"https:\\\/\\\/ink-tech.com\\\/product\\\/ss2-cartridge-inks-440ml\\\/#breadcrumb\",\"itemListElement\":[{\"@type\":\"ListItem\",\"position\":1,\"name\":\"Home\",\"item\":\"https:\\\/\\\/ink-tech.com\\\/\"},{\"@type\":\"ListItem\",\"position\":2,\"name\":\"Shop\",\"item\":\"https:\\\/\\\/ink-tech.com\\\/shop\\\/\"},{\"@type\":\"ListItem\",\"position\":3,\"name\":\"Mimaki SS2 Compatible Cartridge 440ML\"}]},{\"@type\":\"WebSite\",\"@id\":\"https:\\\/\\\/ink-tech.com\\\/#website\",\"url\":\"https:\\\/\\\/ink-tech.com\\\/\",\"name\":\"Digi Ink Technology Montreal I Digi Ink Screen Printing Inks & Supplies\",\"description\":\"Premium Quality Inks at Prices You\u2019ll Love!\",\"publisher\":{\"@id\":\"https:\\\/\\\/ink-tech.com\\\/#organization\"},\"potentialAction\":[{\"@type\":\"SearchAction\",\"target\":{\"@type\":\"EntryPoint\",\"urlTemplate\":\"https:\\\/\\\/ink-tech.com\\\/?s={search_term_string}\"},\"query-input\":{\"@type\":\"PropertyValueSpecification\",\"valueRequired\":true,\"valueName\":\"search_term_string\"}}],\"inLanguage\":\"fr-CA\"},{\"@type\":\"Organization\",\"@id\":\"https:\\\/\\\/ink-tech.com\\\/#organization\",\"name\":\"Digi Ink Technology For Screen Printing Inks & Supplies\",\"alternateName\":\"Digi Ink Technology For Screen Printing Inks & Supplies\",\"url\":\"https:\\\/\\\/ink-tech.com\\\/\",\"logo\":{\"@type\":\"ImageObject\",\"inLanguage\":\"fr-CA\",\"@id\":\"https:\\\/\\\/ink-tech.com\\\/#\\\/schema\\\/logo\\\/image\\\/\",\"url\":\"https:\\\/\\\/ink-tech.com\\\/wp-content\\\/uploads\\\/2024\\\/11\\\/Digi-Ink-Logo.png\",\"contentUrl\":\"https:\\\/\\\/ink-tech.com\\\/wp-content\\\/uploads\\\/2024\\\/11\\\/Digi-Ink-Logo.png\",\"width\":169,\"height\":74,\"caption\":\"Digi Ink Technology For Screen Printing Inks & Supplies\"},\"image\":{\"@id\":\"https:\\\/\\\/ink-tech.com\\\/#\\\/schema\\\/logo\\\/image\\\/\"},\"sameAs\":[\"https:\\\/\\\/www.pinterest.ca\\\/inktechmontreal\"]}]}<\/script>\n<!-- \/ Yoast SEO Premium plugin. -->","yoast_head_json":{"title":"Mild Solvent SS2-440ML compatible For Mimaki","description":"Mild Solvent SS2 compatible inks are significantly Eco-Friendly and user-friendly compared to high-content solvent inks. The Mild solvent used in these inks gives","robots":{"index":"index","follow":"follow","max-snippet":"max-snippet:-1","max-image-preview":"max-image-preview:large","max-video-preview":"max-video-preview:-1"},"canonical":"https:\/\/ink-tech.com\/fr\/produit\/ss2-cartridge-inks-440ml\/","og_locale":"fr_CA","og_type":"article","og_title":"Mimaki SS2 Compatible Cartridge 440ML","og_description":"Mild Solvent SS2 compatible inks are significantly Eco-Friendly and user-friendly compared to high-content solvent inks. The Mild solvent used in these inks gives","og_url":"https:\/\/ink-tech.com\/fr\/produit\/ss2-cartridge-inks-440ml\/","og_site_name":"Digi Ink Montreal I Screen Printing Inks &amp; Supplies","article_modified_time":"2025-11-12T20:07:28+00:00","og_image":[{"width":600,"height":600,"url":"https:\/\/ink-tech.com\/wp-content\/uploads\/2021\/03\/SS2-Cover.jpeg","type":"image\/jpeg"}],"twitter_card":"summary_large_image","twitter_misc":{"Estimation du temps de lecture":"1 minute"},"schema":{"@context":"https:\/\/schema.org","@graph":[{"@type":"WebPage","@id":"https:\/\/ink-tech.com\/product\/ss2-cartridge-inks-440ml\/","url":"https:\/\/ink-tech.com\/product\/ss2-cartridge-inks-440ml\/","name":"Mild Solvent SS2-440ML compatible For Mimaki","isPartOf":{"@id":"https:\/\/ink-tech.com\/#website"},"primaryImageOfPage":{"@id":"https:\/\/ink-tech.com\/product\/ss2-cartridge-inks-440ml\/#primaryimage"},"image":{"@id":"https:\/\/ink-tech.com\/product\/ss2-cartridge-inks-440ml\/#primaryimage"},"thumbnailUrl":"https:\/\/ink-tech.com\/wp-content\/uploads\/2021\/03\/SS2-Cover.jpeg","datePublished":"2021-03-15T19:08:38+00:00","dateModified":"2025-11-12T20:07:28+00:00","description":"Mild Solvent SS2 compatible inks are significantly Eco-Friendly and user-friendly compared to high-content solvent inks. The Mild solvent used in these inks gives","breadcrumb":{"@id":"https:\/\/ink-tech.com\/product\/ss2-cartridge-inks-440ml\/#breadcrumb"},"inLanguage":"fr-CA","potentialAction":[{"@type":"ReadAction","target":["https:\/\/ink-tech.com\/product\/ss2-cartridge-inks-440ml\/"]}]},{"@type":"ImageObject","inLanguage":"fr-CA","@id":"https:\/\/ink-tech.com\/product\/ss2-cartridge-inks-440ml\/#primaryimage","url":"https:\/\/ink-tech.com\/wp-content\/uploads\/2021\/03\/SS2-Cover.jpeg","contentUrl":"https:\/\/ink-tech.com\/wp-content\/uploads\/2021\/03\/SS2-Cover.jpeg","width":600,"height":600,"caption":"Mild Solvent ES3 All colors"},{"@type":"BreadcrumbList","@id":"https:\/\/ink-tech.com\/product\/ss2-cartridge-inks-440ml\/#breadcrumb","itemListElement":[{"@type":"ListItem","position":1,"name":"Home","item":"https:\/\/ink-tech.com\/"},{"@type":"ListItem","position":2,"name":"Shop","item":"https:\/\/ink-tech.com\/shop\/"},{"@type":"ListItem","position":3,"name":"Mimaki SS2 Compatible Cartridge 440ML"}]},{"@type":"WebSite","@id":"https:\/\/ink-tech.com\/#website","url":"https:\/\/ink-tech.com\/","name":"Digi Ink Technology Montreal I Digi Ink Screen Printing Inks & Supplies","description":"Premium Quality Inks at Prices You\u2019ll Love!","publisher":{"@id":"https:\/\/ink-tech.com\/#organization"},"potentialAction":[{"@type":"SearchAction","target":{"@type":"EntryPoint","urlTemplate":"https:\/\/ink-tech.com\/?s={search_term_string}"},"query-input":{"@type":"PropertyValueSpecification","valueRequired":true,"valueName":"search_term_string"}}],"inLanguage":"fr-CA"},{"@type":"Organization","@id":"https:\/\/ink-tech.com\/#organization","name":"Digi Ink Technology For Screen Printing Inks & Supplies","alternateName":"Digi Ink Technology For Screen Printing Inks & Supplies","url":"https:\/\/ink-tech.com\/","logo":{"@type":"ImageObject","inLanguage":"fr-CA","@id":"https:\/\/ink-tech.com\/#\/schema\/logo\/image\/","url":"https:\/\/ink-tech.com\/wp-content\/uploads\/2024\/11\/Digi-Ink-Logo.png","contentUrl":"https:\/\/ink-tech.com\/wp-content\/uploads\/2024\/11\/Digi-Ink-Logo.png","width":169,"height":74,"caption":"Digi Ink Technology For Screen Printing Inks & Supplies"},"image":{"@id":"https:\/\/ink-tech.com\/#\/schema\/logo\/image\/"},"sameAs":["https:\/\/www.pinterest.ca\/inktechmontreal"]}]}},"_links":{"self":[{"href":"https:\/\/ink-tech.com\/fr\/wp-json\/wp\/v2\/product\/1702","targetHints":{"allow":["GET"]}}],"collection":[{"href":"https:\/\/ink-tech.com\/fr\/wp-json\/wp\/v2\/product"}],"about":[{"href":"https:\/\/ink-tech.com\/fr\/wp-json\/wp\/v2\/types\/product"}],"replies":[{"embeddable":true,"href":"https:\/\/ink-tech.com\/fr\/wp-json\/wp\/v2\/comments?post=1702"}],"wp:featuredmedia":[{"embeddable":true,"href":"https:\/\/ink-tech.com\/fr\/wp-json\/wp\/v2\/media\/2102"}],"wp:attachment":[{"href":"https:\/\/ink-tech.com\/fr\/wp-json\/wp\/v2\/media?parent=1702"}],"wp:term":[{"taxonomy":"store","embeddable":true,"href":"https:\/\/ink-tech.com\/fr\/wp-json\/wp\/v2\/store?post=1702"},{"taxonomy":"product_brand","embeddable":true,"href":"https:\/\/ink-tech.com\/fr\/wp-json\/wp\/v2\/product_brand?post=1702"},{"taxonomy":"product_cat","embeddable":true,"href":"https:\/\/ink-tech.com\/fr\/wp-json\/wp\/v2\/product_cat?post=1702"},{"taxonomy":"product_tag","embeddable":true,"href":"https:\/\/ink-tech.com\/fr\/wp-json\/wp\/v2\/product_tag?post=1702"}],"curies":[{"name":"wp","href":"https:\/\/api.w.org\/{rel}","templated":true}]}}