{"id":1695,"date":"2023-03-15T13:33:23","date_gmt":"2023-03-15T18:33:23","guid":{"rendered":"https:\/\/ink-tech.com\/?post_type=product&#038;p=1695"},"modified":"2026-02-27T12:06:17","modified_gmt":"2026-02-27T17:06:17","slug":"eco-sol-max2-1000ml","status":"publish","type":"product","link":"https:\/\/ink-tech.com\/fr\/produit\/eco-sol-max2-1000ml\/","title":{"rendered":"Eco Solvent Max2-1000ML"},"content":{"rendered":"<p><strong>Higher Quality, Faster Printing!<\/strong><\/p>\n<p>Cet \u00e9co-solvant MAX2\u00a0am\u00e9lior\u00e9 offrent une performance sup\u00e9rieure, une imagerie de haute qualit\u00e9, un s\u00e9chage rapide et une r\u00e9sistance aux rayures.<br \/>\nIls sont \u00e0 haute densit\u00e9 et comprennent un spectre de couleurs complet pour des couleurs extraordinaires offrant un impact maximal dans vos textiles, enseignes, banni\u00e8res et autres supports. Obtenir des r\u00e9sultats accrocheurs sur la plus large gamme de mat\u00e9riaux, y compris les supports finis et non finis. Elles donnent un s\u00e9chage rapide des graphiques qui adh\u00e8rent hardiment sur une vaste gamme de supports avec une durabilit\u00e9 allant jusqu\u2019\u00e0 trois ans \u00e0 l\u2019ext\u00e9rieur.<\/p>\n<p><strong>Principaux avantages<\/strong><\/p>\n<ul>\n<li>\u00c9cologique<\/li>\n<li>Performances sup\u00e9rieures avec haute qualit\u00e9<\/li>\n<li>Rentable et long dur\u00e9e de vie<\/li>\n<li>Facile \u00e0 utiliser et sans odeur<\/li>\n<li>Disponible ( 1000ML et 440ML )<\/li>\n<\/ul>\n<p>&nbsp;<\/p>","protected":false},"excerpt":{"rendered":"<p>Disponible dans les 6 couleurs compatibles aux imprimantes Roland.<br \/>\nR\u00e9sistance \u00e0 l\u2019humidit\u00e9, aux rayures et aux UV pour une durabilit\u00e9 supr\u00eame.<\/p>","protected":false},"featured_media":2060,"comment_status":"open","ping_status":"closed","template":"","meta":[],"store":[172],"product_brand":[281],"product_cat":[146],"product_tag":[257,267],"class_list":{"0":"post-1695","1":"product","2":"type-product","3":"status-publish","4":"has-post-thumbnail","6":"store-digi-ink","7":"product_brand-digi-ink","8":"product_cat-eco-sol-max2-1000-ml","9":"product_tag-eco-solvent","10":"product_tag-solvent-max2","11":"pa_brand-digi-ink","12":"pa_printers-brand-roland","14":"first","15":"instock","16":"taxable","17":"shipping-taxable","18":"purchasable","19":"product-type-variable"},"yoast_head":"<!-- This site is optimized with the Yoast SEO Premium plugin v23.4 (Yoast SEO v27.4) - https:\/\/yoast.com\/product\/yoast-seo-premium-wordpress\/ -->\n<title>Eco Solvent Max2-1000ML Compatible Ink For Roland Printers<\/title>\n<meta name=\"description\" content=\"Eco solvent MAX2 Inks! Our new and improved ink offers superior performance, high quality imaging, and is fast drying and scratch resistant.\" \/>\n<meta name=\"robots\" content=\"index, follow, max-snippet:-1, max-image-preview:large, max-video-preview:-1\" \/>\n<link rel=\"canonical\" href=\"https:\/\/ink-tech.com\/fr\/produit\/eco-sol-max2-1000ml\/\" \/>\n<meta property=\"og:locale\" content=\"fr_CA\" \/>\n<meta property=\"og:type\" content=\"article\" \/>\n<meta property=\"og:title\" content=\"Eco Solvent Max2-1000ML\" \/>\n<meta property=\"og:description\" content=\"Eco solvent MAX2 Inks! Our new and improved ink offers superior performance, high quality imaging, and is fast drying and scratch resistant.\" \/>\n<meta property=\"og:url\" content=\"https:\/\/ink-tech.com\/fr\/produit\/eco-sol-max2-1000ml\/\" \/>\n<meta property=\"og:site_name\" content=\"Digi Ink Montreal I Screen Printing Inks &amp; Supplies\" \/>\n<meta property=\"article:modified_time\" content=\"2026-02-27T17:06:17+00:00\" \/>\n<meta property=\"og:image\" content=\"https:\/\/ink-tech.com\/wp-content\/uploads\/2021\/03\/bluck-design.png\" \/>\n\t<meta property=\"og:image:width\" content=\"1500\" \/>\n\t<meta property=\"og:image:height\" content=\"1000\" \/>\n\t<meta property=\"og:image:type\" content=\"image\/png\" \/>\n<meta name=\"twitter:card\" content=\"summary_large_image\" \/>\n<meta name=\"twitter:label1\" content=\"Estimation du temps de lecture\" \/>\n\t<meta name=\"twitter:data1\" content=\"1 minute\" \/>\n<script type=\"application\/ld+json\" class=\"yoast-schema-graph\">{\"@context\":\"https:\\\/\\\/schema.org\",\"@graph\":[{\"@type\":\"WebPage\",\"@id\":\"https:\\\/\\\/ink-tech.com\\\/product\\\/eco-sol-max2-1000ml\\\/\",\"url\":\"https:\\\/\\\/ink-tech.com\\\/product\\\/eco-sol-max2-1000ml\\\/\",\"name\":\"Eco Solvent Max2-1000ML Compatible Ink For Roland Printers\",\"isPartOf\":{\"@id\":\"https:\\\/\\\/ink-tech.com\\\/#website\"},\"primaryImageOfPage\":{\"@id\":\"https:\\\/\\\/ink-tech.com\\\/product\\\/eco-sol-max2-1000ml\\\/#primaryimage\"},\"image\":{\"@id\":\"https:\\\/\\\/ink-tech.com\\\/product\\\/eco-sol-max2-1000ml\\\/#primaryimage\"},\"thumbnailUrl\":\"https:\\\/\\\/ink-tech.com\\\/wp-content\\\/uploads\\\/2021\\\/03\\\/bluck-design.png\",\"datePublished\":\"2023-03-15T18:33:23+00:00\",\"dateModified\":\"2026-02-27T17:06:17+00:00\",\"description\":\"Eco solvent MAX2 Inks! Our new and improved ink offers superior performance, high quality imaging, and is fast drying and scratch resistant.\",\"breadcrumb\":{\"@id\":\"https:\\\/\\\/ink-tech.com\\\/product\\\/eco-sol-max2-1000ml\\\/#breadcrumb\"},\"inLanguage\":\"fr-CA\",\"potentialAction\":[{\"@type\":\"ReadAction\",\"target\":[\"https:\\\/\\\/ink-tech.com\\\/product\\\/eco-sol-max2-1000ml\\\/\"]}]},{\"@type\":\"ImageObject\",\"inLanguage\":\"fr-CA\",\"@id\":\"https:\\\/\\\/ink-tech.com\\\/product\\\/eco-sol-max2-1000ml\\\/#primaryimage\",\"url\":\"https:\\\/\\\/ink-tech.com\\\/wp-content\\\/uploads\\\/2021\\\/03\\\/bluck-design.png\",\"contentUrl\":\"https:\\\/\\\/ink-tech.com\\\/wp-content\\\/uploads\\\/2021\\\/03\\\/bluck-design.png\",\"width\":1500,\"height\":1000,\"caption\":\"bulk Eco Max 2\"},{\"@type\":\"BreadcrumbList\",\"@id\":\"https:\\\/\\\/ink-tech.com\\\/product\\\/eco-sol-max2-1000ml\\\/#breadcrumb\",\"itemListElement\":[{\"@type\":\"ListItem\",\"position\":1,\"name\":\"Home\",\"item\":\"https:\\\/\\\/ink-tech.com\\\/\"},{\"@type\":\"ListItem\",\"position\":2,\"name\":\"Shop\",\"item\":\"https:\\\/\\\/ink-tech.com\\\/shop\\\/\"},{\"@type\":\"ListItem\",\"position\":3,\"name\":\"Eco Solvent Max2-1000ML\"}]},{\"@type\":\"WebSite\",\"@id\":\"https:\\\/\\\/ink-tech.com\\\/#website\",\"url\":\"https:\\\/\\\/ink-tech.com\\\/\",\"name\":\"Digi Ink Technology Montreal I Digi Ink Screen Printing Inks & Supplies\",\"description\":\"Premium Quality Inks at Prices You\u2019ll Love!\",\"publisher\":{\"@id\":\"https:\\\/\\\/ink-tech.com\\\/#organization\"},\"potentialAction\":[{\"@type\":\"SearchAction\",\"target\":{\"@type\":\"EntryPoint\",\"urlTemplate\":\"https:\\\/\\\/ink-tech.com\\\/?s={search_term_string}\"},\"query-input\":{\"@type\":\"PropertyValueSpecification\",\"valueRequired\":true,\"valueName\":\"search_term_string\"}}],\"inLanguage\":\"fr-CA\"},{\"@type\":\"Organization\",\"@id\":\"https:\\\/\\\/ink-tech.com\\\/#organization\",\"name\":\"Digi Ink Technology For Screen Printing Inks & Supplies\",\"alternateName\":\"Digi Ink Technology For Screen Printing Inks & Supplies\",\"url\":\"https:\\\/\\\/ink-tech.com\\\/\",\"logo\":{\"@type\":\"ImageObject\",\"inLanguage\":\"fr-CA\",\"@id\":\"https:\\\/\\\/ink-tech.com\\\/#\\\/schema\\\/logo\\\/image\\\/\",\"url\":\"https:\\\/\\\/ink-tech.com\\\/wp-content\\\/uploads\\\/2024\\\/11\\\/Digi-Ink-Logo.png\",\"contentUrl\":\"https:\\\/\\\/ink-tech.com\\\/wp-content\\\/uploads\\\/2024\\\/11\\\/Digi-Ink-Logo.png\",\"width\":169,\"height\":74,\"caption\":\"Digi Ink Technology For Screen Printing Inks & Supplies\"},\"image\":{\"@id\":\"https:\\\/\\\/ink-tech.com\\\/#\\\/schema\\\/logo\\\/image\\\/\"},\"sameAs\":[\"https:\\\/\\\/www.pinterest.ca\\\/inktechmontreal\"]}]}<\/script>\n<!-- \/ Yoast SEO Premium plugin. -->","yoast_head_json":{"title":"Eco Solvent Max2-1000ML Compatible Ink For Roland Printers","description":"Eco solvent MAX2 Inks! Our new and improved ink offers superior performance, high quality imaging, and is fast drying and scratch resistant.","robots":{"index":"index","follow":"follow","max-snippet":"max-snippet:-1","max-image-preview":"max-image-preview:large","max-video-preview":"max-video-preview:-1"},"canonical":"https:\/\/ink-tech.com\/fr\/produit\/eco-sol-max2-1000ml\/","og_locale":"fr_CA","og_type":"article","og_title":"Eco Solvent Max2-1000ML","og_description":"Eco solvent MAX2 Inks! Our new and improved ink offers superior performance, high quality imaging, and is fast drying and scratch resistant.","og_url":"https:\/\/ink-tech.com\/fr\/produit\/eco-sol-max2-1000ml\/","og_site_name":"Digi Ink Montreal I Screen Printing Inks &amp; Supplies","article_modified_time":"2026-02-27T17:06:17+00:00","og_image":[{"width":1500,"height":1000,"url":"https:\/\/ink-tech.com\/wp-content\/uploads\/2021\/03\/bluck-design.png","type":"image\/png"}],"twitter_card":"summary_large_image","twitter_misc":{"Estimation du temps de lecture":"1 minute"},"schema":{"@context":"https:\/\/schema.org","@graph":[{"@type":"WebPage","@id":"https:\/\/ink-tech.com\/product\/eco-sol-max2-1000ml\/","url":"https:\/\/ink-tech.com\/product\/eco-sol-max2-1000ml\/","name":"Eco Solvent Max2-1000ML Compatible Ink For Roland Printers","isPartOf":{"@id":"https:\/\/ink-tech.com\/#website"},"primaryImageOfPage":{"@id":"https:\/\/ink-tech.com\/product\/eco-sol-max2-1000ml\/#primaryimage"},"image":{"@id":"https:\/\/ink-tech.com\/product\/eco-sol-max2-1000ml\/#primaryimage"},"thumbnailUrl":"https:\/\/ink-tech.com\/wp-content\/uploads\/2021\/03\/bluck-design.png","datePublished":"2023-03-15T18:33:23+00:00","dateModified":"2026-02-27T17:06:17+00:00","description":"Eco solvent MAX2 Inks! Our new and improved ink offers superior performance, high quality imaging, and is fast drying and scratch resistant.","breadcrumb":{"@id":"https:\/\/ink-tech.com\/product\/eco-sol-max2-1000ml\/#breadcrumb"},"inLanguage":"fr-CA","potentialAction":[{"@type":"ReadAction","target":["https:\/\/ink-tech.com\/product\/eco-sol-max2-1000ml\/"]}]},{"@type":"ImageObject","inLanguage":"fr-CA","@id":"https:\/\/ink-tech.com\/product\/eco-sol-max2-1000ml\/#primaryimage","url":"https:\/\/ink-tech.com\/wp-content\/uploads\/2021\/03\/bluck-design.png","contentUrl":"https:\/\/ink-tech.com\/wp-content\/uploads\/2021\/03\/bluck-design.png","width":1500,"height":1000,"caption":"bulk Eco Max 2"},{"@type":"BreadcrumbList","@id":"https:\/\/ink-tech.com\/product\/eco-sol-max2-1000ml\/#breadcrumb","itemListElement":[{"@type":"ListItem","position":1,"name":"Home","item":"https:\/\/ink-tech.com\/"},{"@type":"ListItem","position":2,"name":"Shop","item":"https:\/\/ink-tech.com\/shop\/"},{"@type":"ListItem","position":3,"name":"Eco Solvent Max2-1000ML"}]},{"@type":"WebSite","@id":"https:\/\/ink-tech.com\/#website","url":"https:\/\/ink-tech.com\/","name":"Digi Ink Technology Montreal I Digi Ink Screen Printing Inks & Supplies","description":"Premium Quality Inks at Prices You\u2019ll Love!","publisher":{"@id":"https:\/\/ink-tech.com\/#organization"},"potentialAction":[{"@type":"SearchAction","target":{"@type":"EntryPoint","urlTemplate":"https:\/\/ink-tech.com\/?s={search_term_string}"},"query-input":{"@type":"PropertyValueSpecification","valueRequired":true,"valueName":"search_term_string"}}],"inLanguage":"fr-CA"},{"@type":"Organization","@id":"https:\/\/ink-tech.com\/#organization","name":"Digi Ink Technology For Screen Printing Inks & Supplies","alternateName":"Digi Ink Technology For Screen Printing Inks & Supplies","url":"https:\/\/ink-tech.com\/","logo":{"@type":"ImageObject","inLanguage":"fr-CA","@id":"https:\/\/ink-tech.com\/#\/schema\/logo\/image\/","url":"https:\/\/ink-tech.com\/wp-content\/uploads\/2024\/11\/Digi-Ink-Logo.png","contentUrl":"https:\/\/ink-tech.com\/wp-content\/uploads\/2024\/11\/Digi-Ink-Logo.png","width":169,"height":74,"caption":"Digi Ink Technology For Screen Printing Inks & Supplies"},"image":{"@id":"https:\/\/ink-tech.com\/#\/schema\/logo\/image\/"},"sameAs":["https:\/\/www.pinterest.ca\/inktechmontreal"]}]}},"_links":{"self":[{"href":"https:\/\/ink-tech.com\/fr\/wp-json\/wp\/v2\/product\/1695","targetHints":{"allow":["GET"]}}],"collection":[{"href":"https:\/\/ink-tech.com\/fr\/wp-json\/wp\/v2\/product"}],"about":[{"href":"https:\/\/ink-tech.com\/fr\/wp-json\/wp\/v2\/types\/product"}],"replies":[{"embeddable":true,"href":"https:\/\/ink-tech.com\/fr\/wp-json\/wp\/v2\/comments?post=1695"}],"wp:featuredmedia":[{"embeddable":true,"href":"https:\/\/ink-tech.com\/fr\/wp-json\/wp\/v2\/media\/2060"}],"wp:attachment":[{"href":"https:\/\/ink-tech.com\/fr\/wp-json\/wp\/v2\/media?parent=1695"}],"wp:term":[{"taxonomy":"store","embeddable":true,"href":"https:\/\/ink-tech.com\/fr\/wp-json\/wp\/v2\/store?post=1695"},{"taxonomy":"product_brand","embeddable":true,"href":"https:\/\/ink-tech.com\/fr\/wp-json\/wp\/v2\/product_brand?post=1695"},{"taxonomy":"product_cat","embeddable":true,"href":"https:\/\/ink-tech.com\/fr\/wp-json\/wp\/v2\/product_cat?post=1695"},{"taxonomy":"product_tag","embeddable":true,"href":"https:\/\/ink-tech.com\/fr\/wp-json\/wp\/v2\/product_tag?post=1695"}],"curies":[{"name":"wp","href":"https:\/\/api.w.org\/{rel}","templated":true}]}}