{"id":1688,"date":"2021-03-15T13:22:09","date_gmt":"2021-03-15T18:22:09","guid":{"rendered":"https:\/\/ink-tech.com\/?post_type=product&#038;p=1688"},"modified":"2026-02-26T10:31:33","modified_gmt":"2026-02-26T15:31:33","slug":"eco-sol-max-1000ml","status":"publish","type":"product","link":"https:\/\/ink-tech.com\/fr\/produit\/eco-sol-max-1000ml\/","title":{"rendered":"Eco Solvent Max 1000ML"},"content":{"rendered":"<p>Les encres Eco-Sol MAX sont con\u00e7ues pour \u00eatre utilis\u00e9es dans les imprimantes Roland, Mutoh et Mimaki. Ils sont emball\u00e9s dans votre choix de 440 ml et 1 litre, des cartouches enti\u00e8rement compatibles offrant une valeur r\u00e9elle pour une fraction du co\u00fbt.\u00a0L'encre eco-solvant MAX offre des r\u00e9sultats sup\u00e9rieurs, avec une excellente adh\u00e9rence sur une grande vari\u00e9t\u00e9 de substrats. De plus, il est s\u00fbr et facile \u00e0 utiliser!<\/p>\n<ul>\n<li>Disponible dans les 6 couleurs compatibles aux imprimantes Roland, Mimaki et Mutoh.<\/li>\n<li>R\u00e9sistance \u00e0 l\u2019humidit\u00e9, aux rayures et aux UV pour une durabilit\u00e9 supr\u00eame, sans finition.<\/li>\n<li>Tr\u00e8s bonne Qualit\u00e9 d\u2019impression, permettant une excellente opacit\u00e9 et densit\u00e9 avec un lustre et une brillance \u00e9lev\u00e9s.<\/li>\n<\/ul>\n<p>&nbsp;<\/p>\n<p>&nbsp;<\/p>\n<p>&nbsp;<\/p>","protected":false},"excerpt":{"rendered":"<ul class=\"article-blurb article-blurb-features\">\n<li>Disponible dans les 6 couleurs compatibles aux imprimantes Roland, Mimaki et Mutoh.<\/li>\n<li>R\u00e9sistance \u00e0 l\u2019humidit\u00e9, aux rayures et aux UV pour une durabilit\u00e9 supr\u00eame, sans finition.<\/li>\n<li>Tr\u00e8s bonne Qualit\u00e9 d\u2019impression, permettant une excellente opacit\u00e9 et densit\u00e9 avec un lustre et une brillance \u00e9lev\u00e9s.<\/li>\n<\/ul>","protected":false},"featured_media":2041,"comment_status":"open","ping_status":"closed","template":"","meta":[],"store":[172],"product_brand":[281],"product_cat":[145],"product_tag":[349],"class_list":{"0":"post-1688","1":"product","2":"type-product","3":"status-publish","4":"has-post-thumbnail","6":"store-digi-ink","7":"product_brand-digi-ink","8":"product_cat-eco-sol-max-1000-ml","9":"product_tag-eco-solvent-ink-for-roland","10":"pa_brand-digi-ink","11":"pa_printers-brand-roland","13":"first","14":"instock","15":"taxable","16":"shipping-taxable","17":"purchasable","18":"product-type-variable"},"yoast_head":"<!-- This site is optimized with the Yoast SEO Premium plugin v23.4 (Yoast SEO v27.4) - https:\/\/yoast.com\/product\/yoast-seo-premium-wordpress\/ -->\n<title>Eco Solvent Max 1000ML &#8211; Compatible With Roland, Mimaki and Mutoh<\/title>\n<meta name=\"description\" content=\"Eco-Sol MAX inks are designed for use in Roland eco-solvent printers for smooth installation. They are packaged in your choice of 220 ml, 440 ml and 1 liter\" \/>\n<meta name=\"robots\" content=\"index, follow, max-snippet:-1, max-image-preview:large, max-video-preview:-1\" \/>\n<link rel=\"canonical\" href=\"https:\/\/ink-tech.com\/fr\/produit\/eco-sol-max-1000ml\/\" \/>\n<meta property=\"og:locale\" content=\"fr_CA\" \/>\n<meta property=\"og:type\" content=\"article\" \/>\n<meta property=\"og:title\" content=\"Eco Solvent Max 1000ML\" \/>\n<meta property=\"og:description\" content=\"Eco-Sol MAX inks are designed for use in Roland eco-solvent printers for smooth installation. They are packaged in your choice of 220 ml, 440 ml and 1 liter\" \/>\n<meta property=\"og:url\" content=\"https:\/\/ink-tech.com\/fr\/produit\/eco-sol-max-1000ml\/\" \/>\n<meta property=\"og:site_name\" content=\"Digi Ink Montreal I Screen Printing Inks &amp; Supplies\" \/>\n<meta property=\"article:modified_time\" content=\"2026-02-26T15:31:33+00:00\" \/>\n<meta property=\"og:image\" content=\"https:\/\/ink-tech.com\/wp-content\/uploads\/2021\/03\/WhatsApp-Image-2021-07-26-at-13.59.59.jpeg\" \/>\n\t<meta property=\"og:image:width\" content=\"1280\" \/>\n\t<meta property=\"og:image:height\" content=\"853\" \/>\n\t<meta property=\"og:image:type\" content=\"image\/jpeg\" \/>\n<meta name=\"twitter:card\" content=\"summary_large_image\" \/>\n<meta name=\"twitter:label1\" content=\"Estimation du temps de lecture\" \/>\n\t<meta name=\"twitter:data1\" content=\"1 minute\" \/>\n<script type=\"application\/ld+json\" class=\"yoast-schema-graph\">{\"@context\":\"https:\\\/\\\/schema.org\",\"@graph\":[{\"@type\":\"WebPage\",\"@id\":\"https:\\\/\\\/ink-tech.com\\\/product\\\/eco-sol-max-1000ml\\\/\",\"url\":\"https:\\\/\\\/ink-tech.com\\\/product\\\/eco-sol-max-1000ml\\\/\",\"name\":\"Eco Solvent Max 1000ML &#8211; Compatible With Roland, Mimaki and Mutoh\",\"isPartOf\":{\"@id\":\"https:\\\/\\\/ink-tech.com\\\/#website\"},\"primaryImageOfPage\":{\"@id\":\"https:\\\/\\\/ink-tech.com\\\/product\\\/eco-sol-max-1000ml\\\/#primaryimage\"},\"image\":{\"@id\":\"https:\\\/\\\/ink-tech.com\\\/product\\\/eco-sol-max-1000ml\\\/#primaryimage\"},\"thumbnailUrl\":\"https:\\\/\\\/ink-tech.com\\\/wp-content\\\/uploads\\\/2021\\\/03\\\/WhatsApp-Image-2021-07-26-at-13.59.59.jpeg\",\"datePublished\":\"2021-03-15T18:22:09+00:00\",\"dateModified\":\"2026-02-26T15:31:33+00:00\",\"description\":\"Eco-Sol MAX inks are designed for use in Roland eco-solvent printers for smooth installation. They are packaged in your choice of 220 ml, 440 ml and 1 liter\",\"breadcrumb\":{\"@id\":\"https:\\\/\\\/ink-tech.com\\\/product\\\/eco-sol-max-1000ml\\\/#breadcrumb\"},\"inLanguage\":\"fr-CA\",\"potentialAction\":[{\"@type\":\"ReadAction\",\"target\":[\"https:\\\/\\\/ink-tech.com\\\/product\\\/eco-sol-max-1000ml\\\/\"]}]},{\"@type\":\"ImageObject\",\"inLanguage\":\"fr-CA\",\"@id\":\"https:\\\/\\\/ink-tech.com\\\/product\\\/eco-sol-max-1000ml\\\/#primaryimage\",\"url\":\"https:\\\/\\\/ink-tech.com\\\/wp-content\\\/uploads\\\/2021\\\/03\\\/WhatsApp-Image-2021-07-26-at-13.59.59.jpeg\",\"contentUrl\":\"https:\\\/\\\/ink-tech.com\\\/wp-content\\\/uploads\\\/2021\\\/03\\\/WhatsApp-Image-2021-07-26-at-13.59.59.jpeg\",\"width\":1280,\"height\":853,\"caption\":\"Bulk Eco Sol Max\"},{\"@type\":\"BreadcrumbList\",\"@id\":\"https:\\\/\\\/ink-tech.com\\\/product\\\/eco-sol-max-1000ml\\\/#breadcrumb\",\"itemListElement\":[{\"@type\":\"ListItem\",\"position\":1,\"name\":\"Home\",\"item\":\"https:\\\/\\\/ink-tech.com\\\/\"},{\"@type\":\"ListItem\",\"position\":2,\"name\":\"Shop\",\"item\":\"https:\\\/\\\/ink-tech.com\\\/shop\\\/\"},{\"@type\":\"ListItem\",\"position\":3,\"name\":\"Eco Solvent Max 1000ML\"}]},{\"@type\":\"WebSite\",\"@id\":\"https:\\\/\\\/ink-tech.com\\\/#website\",\"url\":\"https:\\\/\\\/ink-tech.com\\\/\",\"name\":\"Digi Ink Technology Montreal I Digi Ink Screen Printing Inks & Supplies\",\"description\":\"Premium Quality Inks at Prices You\u2019ll Love!\",\"publisher\":{\"@id\":\"https:\\\/\\\/ink-tech.com\\\/#organization\"},\"potentialAction\":[{\"@type\":\"SearchAction\",\"target\":{\"@type\":\"EntryPoint\",\"urlTemplate\":\"https:\\\/\\\/ink-tech.com\\\/?s={search_term_string}\"},\"query-input\":{\"@type\":\"PropertyValueSpecification\",\"valueRequired\":true,\"valueName\":\"search_term_string\"}}],\"inLanguage\":\"fr-CA\"},{\"@type\":\"Organization\",\"@id\":\"https:\\\/\\\/ink-tech.com\\\/#organization\",\"name\":\"Digi Ink Technology For Screen Printing Inks & Supplies\",\"alternateName\":\"Digi Ink Technology For Screen Printing Inks & Supplies\",\"url\":\"https:\\\/\\\/ink-tech.com\\\/\",\"logo\":{\"@type\":\"ImageObject\",\"inLanguage\":\"fr-CA\",\"@id\":\"https:\\\/\\\/ink-tech.com\\\/#\\\/schema\\\/logo\\\/image\\\/\",\"url\":\"https:\\\/\\\/ink-tech.com\\\/wp-content\\\/uploads\\\/2024\\\/11\\\/Digi-Ink-Logo.png\",\"contentUrl\":\"https:\\\/\\\/ink-tech.com\\\/wp-content\\\/uploads\\\/2024\\\/11\\\/Digi-Ink-Logo.png\",\"width\":169,\"height\":74,\"caption\":\"Digi Ink Technology For Screen Printing Inks & Supplies\"},\"image\":{\"@id\":\"https:\\\/\\\/ink-tech.com\\\/#\\\/schema\\\/logo\\\/image\\\/\"},\"sameAs\":[\"https:\\\/\\\/www.pinterest.ca\\\/inktechmontreal\"]}]}<\/script>\n<!-- \/ Yoast SEO Premium plugin. -->","yoast_head_json":{"title":"Eco Solvent Max 1000ML &#8211; Compatible With Roland, Mimaki and Mutoh","description":"Eco-Sol MAX inks are designed for use in Roland eco-solvent printers for smooth installation. They are packaged in your choice of 220 ml, 440 ml and 1 liter","robots":{"index":"index","follow":"follow","max-snippet":"max-snippet:-1","max-image-preview":"max-image-preview:large","max-video-preview":"max-video-preview:-1"},"canonical":"https:\/\/ink-tech.com\/fr\/produit\/eco-sol-max-1000ml\/","og_locale":"fr_CA","og_type":"article","og_title":"Eco Solvent Max 1000ML","og_description":"Eco-Sol MAX inks are designed for use in Roland eco-solvent printers for smooth installation. They are packaged in your choice of 220 ml, 440 ml and 1 liter","og_url":"https:\/\/ink-tech.com\/fr\/produit\/eco-sol-max-1000ml\/","og_site_name":"Digi Ink Montreal I Screen Printing Inks &amp; Supplies","article_modified_time":"2026-02-26T15:31:33+00:00","og_image":[{"width":1280,"height":853,"url":"https:\/\/ink-tech.com\/wp-content\/uploads\/2021\/03\/WhatsApp-Image-2021-07-26-at-13.59.59.jpeg","type":"image\/jpeg"}],"twitter_card":"summary_large_image","twitter_misc":{"Estimation du temps de lecture":"1 minute"},"schema":{"@context":"https:\/\/schema.org","@graph":[{"@type":"WebPage","@id":"https:\/\/ink-tech.com\/product\/eco-sol-max-1000ml\/","url":"https:\/\/ink-tech.com\/product\/eco-sol-max-1000ml\/","name":"Eco Solvent Max 1000ML &#8211; Compatible With Roland, Mimaki and Mutoh","isPartOf":{"@id":"https:\/\/ink-tech.com\/#website"},"primaryImageOfPage":{"@id":"https:\/\/ink-tech.com\/product\/eco-sol-max-1000ml\/#primaryimage"},"image":{"@id":"https:\/\/ink-tech.com\/product\/eco-sol-max-1000ml\/#primaryimage"},"thumbnailUrl":"https:\/\/ink-tech.com\/wp-content\/uploads\/2021\/03\/WhatsApp-Image-2021-07-26-at-13.59.59.jpeg","datePublished":"2021-03-15T18:22:09+00:00","dateModified":"2026-02-26T15:31:33+00:00","description":"Eco-Sol MAX inks are designed for use in Roland eco-solvent printers for smooth installation. They are packaged in your choice of 220 ml, 440 ml and 1 liter","breadcrumb":{"@id":"https:\/\/ink-tech.com\/product\/eco-sol-max-1000ml\/#breadcrumb"},"inLanguage":"fr-CA","potentialAction":[{"@type":"ReadAction","target":["https:\/\/ink-tech.com\/product\/eco-sol-max-1000ml\/"]}]},{"@type":"ImageObject","inLanguage":"fr-CA","@id":"https:\/\/ink-tech.com\/product\/eco-sol-max-1000ml\/#primaryimage","url":"https:\/\/ink-tech.com\/wp-content\/uploads\/2021\/03\/WhatsApp-Image-2021-07-26-at-13.59.59.jpeg","contentUrl":"https:\/\/ink-tech.com\/wp-content\/uploads\/2021\/03\/WhatsApp-Image-2021-07-26-at-13.59.59.jpeg","width":1280,"height":853,"caption":"Bulk Eco Sol Max"},{"@type":"BreadcrumbList","@id":"https:\/\/ink-tech.com\/product\/eco-sol-max-1000ml\/#breadcrumb","itemListElement":[{"@type":"ListItem","position":1,"name":"Home","item":"https:\/\/ink-tech.com\/"},{"@type":"ListItem","position":2,"name":"Shop","item":"https:\/\/ink-tech.com\/shop\/"},{"@type":"ListItem","position":3,"name":"Eco Solvent Max 1000ML"}]},{"@type":"WebSite","@id":"https:\/\/ink-tech.com\/#website","url":"https:\/\/ink-tech.com\/","name":"Digi Ink Technology Montreal I Digi Ink Screen Printing Inks & Supplies","description":"Premium Quality Inks at Prices You\u2019ll Love!","publisher":{"@id":"https:\/\/ink-tech.com\/#organization"},"potentialAction":[{"@type":"SearchAction","target":{"@type":"EntryPoint","urlTemplate":"https:\/\/ink-tech.com\/?s={search_term_string}"},"query-input":{"@type":"PropertyValueSpecification","valueRequired":true,"valueName":"search_term_string"}}],"inLanguage":"fr-CA"},{"@type":"Organization","@id":"https:\/\/ink-tech.com\/#organization","name":"Digi Ink Technology For Screen Printing Inks & Supplies","alternateName":"Digi Ink Technology For Screen Printing Inks & Supplies","url":"https:\/\/ink-tech.com\/","logo":{"@type":"ImageObject","inLanguage":"fr-CA","@id":"https:\/\/ink-tech.com\/#\/schema\/logo\/image\/","url":"https:\/\/ink-tech.com\/wp-content\/uploads\/2024\/11\/Digi-Ink-Logo.png","contentUrl":"https:\/\/ink-tech.com\/wp-content\/uploads\/2024\/11\/Digi-Ink-Logo.png","width":169,"height":74,"caption":"Digi Ink Technology For Screen Printing Inks & Supplies"},"image":{"@id":"https:\/\/ink-tech.com\/#\/schema\/logo\/image\/"},"sameAs":["https:\/\/www.pinterest.ca\/inktechmontreal"]}]}},"_links":{"self":[{"href":"https:\/\/ink-tech.com\/fr\/wp-json\/wp\/v2\/product\/1688","targetHints":{"allow":["GET"]}}],"collection":[{"href":"https:\/\/ink-tech.com\/fr\/wp-json\/wp\/v2\/product"}],"about":[{"href":"https:\/\/ink-tech.com\/fr\/wp-json\/wp\/v2\/types\/product"}],"replies":[{"embeddable":true,"href":"https:\/\/ink-tech.com\/fr\/wp-json\/wp\/v2\/comments?post=1688"}],"wp:featuredmedia":[{"embeddable":true,"href":"https:\/\/ink-tech.com\/fr\/wp-json\/wp\/v2\/media\/2041"}],"wp:attachment":[{"href":"https:\/\/ink-tech.com\/fr\/wp-json\/wp\/v2\/media?parent=1688"}],"wp:term":[{"taxonomy":"store","embeddable":true,"href":"https:\/\/ink-tech.com\/fr\/wp-json\/wp\/v2\/store?post=1688"},{"taxonomy":"product_brand","embeddable":true,"href":"https:\/\/ink-tech.com\/fr\/wp-json\/wp\/v2\/product_brand?post=1688"},{"taxonomy":"product_cat","embeddable":true,"href":"https:\/\/ink-tech.com\/fr\/wp-json\/wp\/v2\/product_cat?post=1688"},{"taxonomy":"product_tag","embeddable":true,"href":"https:\/\/ink-tech.com\/fr\/wp-json\/wp\/v2\/product_tag?post=1688"}],"curies":[{"name":"wp","href":"https:\/\/api.w.org\/{rel}","templated":true}]}}