{"id":113,"date":"2023-03-20T16:07:32","date_gmt":"2023-03-20T21:07:32","guid":{"rendered":"http:\/\/wclovers.bizdirect.pw\/?post_type=product&#038;p=113"},"modified":"2025-11-12T15:09:00","modified_gmt":"2025-11-12T20:09:00","slug":"eco-sol-max-440ml","status":"publish","type":"product","link":"https:\/\/ink-tech.com\/fr\/produit\/eco-sol-max-440ml\/","title":{"rendered":"Eco Solvent Max-440ML Compatible Cartridge"},"content":{"rendered":"<p>Les encres num\u00e9riques de la s\u00e9rie Eco solvent sont sp\u00e9cialement con\u00e7ues pour \u00eatre utilis\u00e9es dans les imprimantes Roland. Emball\u00e9s dans des cartouches enti\u00e8rement compatibles de 440 ml, ils offrent une valeur ajout\u00e9e et l\u2019alternative la plus performante au jeu d\u2019encres OEM.<\/p>\n<ul>\n<li>R\u00e9sistance sup\u00e9rieure aux rayures pour une plus longue durabilit\u00e9 ext\u00e9rieure et pas besoin de plastifier les impressions.<\/li>\n<li>Compatibilit\u00e9 a 100% avec les composants d\u2019origine de l\u2019imprimante.<\/li>\n<li>Durabilit\u00e9 ext\u00e9rieure et r\u00e9sistance aux rayures sans laminage.<\/li>\n<li>Qualit\u00e9 et performance OEM.<\/li>\n<li>Disponible dans les 6 couleurs compatibles aux imprimantes Roland, Mimaki et Mutoh.<\/li>\n<\/ul>\n<p>Les cartouches peuvent \u00eatre remplac\u00e9es individuellement lorsque les encres sont \u00e9puis\u00e9es, plut\u00f4t que toutes les couleurs \u00e0 la fois, \u00e9vitant ainsi le gaspillage d\u2019encres inutilis\u00e9es, ce qui permet d\u2019\u00e9conomiser du temps.<\/p>\n<p>Elles sont <strong>100% plug and print et ne n\u00e9cessitent aucun rin\u00e7age ou profil de couleur suppl\u00e9mentaire.<\/strong><strong>.<\/strong><\/p>\n<p>Ils sont \u00e0 haute densit\u00e9 et comprennent un spectre de couleurs complet pour des couleurs extraordinaires offrant un impact maximal dans vos textiles, enseignes, banni\u00e8res et autres supports. Obtenir des r\u00e9sultats accrocheurs sur la plus large gamme de mat\u00e9riaux, y compris les supports finis et non finis. Elles donnent un s\u00e9chage rapide des graphiques qui adh\u00e8rent hardiment sur une vaste gamme de supports avec une durabilit\u00e9 allant jusqu\u2019\u00e0 trois ans \u00e0 l\u2019ext\u00e9rieur.<\/p>","protected":false},"excerpt":{"rendered":"<ul class=\"article-blurb article-blurb-features\">\n<li>Compatibilit\u00e9 a 100% avec les composants d\u2019origine de l\u2019imprimante.<\/li>\n<li>Durabilit\u00e9 ext\u00e9rieure et r\u00e9sistance aux rayures sans laminage.<\/li>\n<li>Qualit\u00e9 et performance OEM.<\/li>\n<\/ul>","protected":false},"featured_media":2086,"comment_status":"open","ping_status":"closed","template":"","meta":[],"store":[172],"product_brand":[281],"product_cat":[147],"product_tag":[258,257],"class_list":{"0":"post-113","1":"product","2":"type-product","3":"status-publish","4":"has-post-thumbnail","6":"store-digi-ink","7":"product_brand-digi-ink","8":"product_cat-max1-cartridge-inks-440ml","9":"product_tag-compatible-ink","10":"product_tag-eco-solvent","11":"pa_brand-digi-ink","12":"pa_printers-brand-roland","14":"first","15":"instock","16":"featured","17":"taxable","18":"shipping-taxable","19":"purchasable","20":"product-type-variable"},"yoast_head":"<!-- This site is optimized with the Yoast SEO Premium plugin v23.4 (Yoast SEO v27.4) - https:\/\/yoast.com\/product\/yoast-seo-premium-wordpress\/ -->\n<title>Eco Solvent Max-440ML Compatible Cartridge &#8211; For Roland Printers<\/title>\n<meta name=\"description\" content=\"Eco solvent Digital Inks are designed specifically for use in Roland eco-solvent printers. Conveniently packaged in 440ml fully compatible cartridges.\" \/>\n<meta name=\"robots\" content=\"index, follow, max-snippet:-1, max-image-preview:large, max-video-preview:-1\" \/>\n<link rel=\"canonical\" href=\"https:\/\/ink-tech.com\/fr\/produit\/eco-sol-max-440ml\/\" \/>\n<meta property=\"og:locale\" content=\"fr_CA\" \/>\n<meta property=\"og:type\" content=\"article\" \/>\n<meta property=\"og:title\" content=\"Eco Solvent Max-440ML Compatible Cartridge\" \/>\n<meta property=\"og:description\" content=\"Eco solvent Digital Inks are designed specifically for use in Roland eco-solvent printers. Conveniently packaged in 440ml fully compatible cartridges.\" \/>\n<meta property=\"og:url\" content=\"https:\/\/ink-tech.com\/fr\/produit\/eco-sol-max-440ml\/\" \/>\n<meta property=\"og:site_name\" content=\"Digi Ink Montreal I Screen Printing Inks &amp; Supplies\" \/>\n<meta property=\"article:modified_time\" content=\"2025-11-12T20:09:00+00:00\" \/>\n<meta property=\"og:image\" content=\"https:\/\/ink-tech.com\/wp-content\/uploads\/2021\/03\/WhatsApp-Image-2021-07-29-at-12.47.43.jpeg\" \/>\n\t<meta property=\"og:image:width\" content=\"600\" \/>\n\t<meta property=\"og:image:height\" content=\"600\" \/>\n\t<meta property=\"og:image:type\" content=\"image\/jpeg\" \/>\n<meta name=\"twitter:card\" content=\"summary_large_image\" \/>\n<meta name=\"twitter:label1\" content=\"Estimation du temps de lecture\" \/>\n\t<meta name=\"twitter:data1\" content=\"3 minutes\" \/>\n<script type=\"application\/ld+json\" class=\"yoast-schema-graph\">{\"@context\":\"https:\\\/\\\/schema.org\",\"@graph\":[{\"@type\":\"WebPage\",\"@id\":\"https:\\\/\\\/ink-tech.com\\\/product\\\/eco-sol-max-440ml\\\/\",\"url\":\"https:\\\/\\\/ink-tech.com\\\/product\\\/eco-sol-max-440ml\\\/\",\"name\":\"Eco Solvent Max-440ML Compatible Cartridge &#8211; For Roland Printers\",\"isPartOf\":{\"@id\":\"https:\\\/\\\/ink-tech.com\\\/#website\"},\"primaryImageOfPage\":{\"@id\":\"https:\\\/\\\/ink-tech.com\\\/product\\\/eco-sol-max-440ml\\\/#primaryimage\"},\"image\":{\"@id\":\"https:\\\/\\\/ink-tech.com\\\/product\\\/eco-sol-max-440ml\\\/#primaryimage\"},\"thumbnailUrl\":\"https:\\\/\\\/ink-tech.com\\\/wp-content\\\/uploads\\\/2021\\\/03\\\/WhatsApp-Image-2021-07-29-at-12.47.43.jpeg\",\"datePublished\":\"2023-03-20T21:07:32+00:00\",\"dateModified\":\"2025-11-12T20:09:00+00:00\",\"description\":\"Eco solvent Digital Inks are designed specifically for use in Roland eco-solvent printers. Conveniently packaged in 440ml fully compatible cartridges.\",\"breadcrumb\":{\"@id\":\"https:\\\/\\\/ink-tech.com\\\/product\\\/eco-sol-max-440ml\\\/#breadcrumb\"},\"inLanguage\":\"fr-CA\",\"potentialAction\":[{\"@type\":\"ReadAction\",\"target\":[\"https:\\\/\\\/ink-tech.com\\\/product\\\/eco-sol-max-440ml\\\/\"]}]},{\"@type\":\"ImageObject\",\"inLanguage\":\"fr-CA\",\"@id\":\"https:\\\/\\\/ink-tech.com\\\/product\\\/eco-sol-max-440ml\\\/#primaryimage\",\"url\":\"https:\\\/\\\/ink-tech.com\\\/wp-content\\\/uploads\\\/2021\\\/03\\\/WhatsApp-Image-2021-07-29-at-12.47.43.jpeg\",\"contentUrl\":\"https:\\\/\\\/ink-tech.com\\\/wp-content\\\/uploads\\\/2021\\\/03\\\/WhatsApp-Image-2021-07-29-at-12.47.43.jpeg\",\"width\":600,\"height\":600,\"caption\":\"Eco Sol Max All Colors\"},{\"@type\":\"BreadcrumbList\",\"@id\":\"https:\\\/\\\/ink-tech.com\\\/product\\\/eco-sol-max-440ml\\\/#breadcrumb\",\"itemListElement\":[{\"@type\":\"ListItem\",\"position\":1,\"name\":\"Home\",\"item\":\"https:\\\/\\\/ink-tech.com\\\/\"},{\"@type\":\"ListItem\",\"position\":2,\"name\":\"Shop\",\"item\":\"https:\\\/\\\/ink-tech.com\\\/shop\\\/\"},{\"@type\":\"ListItem\",\"position\":3,\"name\":\"Eco Solvent Max-440ML Compatible Cartridge\"}]},{\"@type\":\"WebSite\",\"@id\":\"https:\\\/\\\/ink-tech.com\\\/#website\",\"url\":\"https:\\\/\\\/ink-tech.com\\\/\",\"name\":\"Digi Ink Technology Montreal I Digi Ink Screen Printing Inks & Supplies\",\"description\":\"Premium Quality Inks at Prices You\u2019ll Love!\",\"publisher\":{\"@id\":\"https:\\\/\\\/ink-tech.com\\\/#organization\"},\"potentialAction\":[{\"@type\":\"SearchAction\",\"target\":{\"@type\":\"EntryPoint\",\"urlTemplate\":\"https:\\\/\\\/ink-tech.com\\\/?s={search_term_string}\"},\"query-input\":{\"@type\":\"PropertyValueSpecification\",\"valueRequired\":true,\"valueName\":\"search_term_string\"}}],\"inLanguage\":\"fr-CA\"},{\"@type\":\"Organization\",\"@id\":\"https:\\\/\\\/ink-tech.com\\\/#organization\",\"name\":\"Digi Ink Technology For Screen Printing Inks & Supplies\",\"alternateName\":\"Digi Ink Technology For Screen Printing Inks & Supplies\",\"url\":\"https:\\\/\\\/ink-tech.com\\\/\",\"logo\":{\"@type\":\"ImageObject\",\"inLanguage\":\"fr-CA\",\"@id\":\"https:\\\/\\\/ink-tech.com\\\/#\\\/schema\\\/logo\\\/image\\\/\",\"url\":\"https:\\\/\\\/ink-tech.com\\\/wp-content\\\/uploads\\\/2024\\\/11\\\/Digi-Ink-Logo.png\",\"contentUrl\":\"https:\\\/\\\/ink-tech.com\\\/wp-content\\\/uploads\\\/2024\\\/11\\\/Digi-Ink-Logo.png\",\"width\":169,\"height\":74,\"caption\":\"Digi Ink Technology For Screen Printing Inks & Supplies\"},\"image\":{\"@id\":\"https:\\\/\\\/ink-tech.com\\\/#\\\/schema\\\/logo\\\/image\\\/\"},\"sameAs\":[\"https:\\\/\\\/www.pinterest.ca\\\/inktechmontreal\"]}]}<\/script>\n<!-- \/ Yoast SEO Premium plugin. -->","yoast_head_json":{"title":"Eco Solvent Max-440ML Compatible Cartridge &#8211; For Roland Printers","description":"Eco solvent Digital Inks are designed specifically for use in Roland eco-solvent printers. Conveniently packaged in 440ml fully compatible cartridges.","robots":{"index":"index","follow":"follow","max-snippet":"max-snippet:-1","max-image-preview":"max-image-preview:large","max-video-preview":"max-video-preview:-1"},"canonical":"https:\/\/ink-tech.com\/fr\/produit\/eco-sol-max-440ml\/","og_locale":"fr_CA","og_type":"article","og_title":"Eco Solvent Max-440ML Compatible Cartridge","og_description":"Eco solvent Digital Inks are designed specifically for use in Roland eco-solvent printers. Conveniently packaged in 440ml fully compatible cartridges.","og_url":"https:\/\/ink-tech.com\/fr\/produit\/eco-sol-max-440ml\/","og_site_name":"Digi Ink Montreal I Screen Printing Inks &amp; Supplies","article_modified_time":"2025-11-12T20:09:00+00:00","og_image":[{"width":600,"height":600,"url":"https:\/\/ink-tech.com\/wp-content\/uploads\/2021\/03\/WhatsApp-Image-2021-07-29-at-12.47.43.jpeg","type":"image\/jpeg"}],"twitter_card":"summary_large_image","twitter_misc":{"Estimation du temps de lecture":"3 minutes"},"schema":{"@context":"https:\/\/schema.org","@graph":[{"@type":"WebPage","@id":"https:\/\/ink-tech.com\/product\/eco-sol-max-440ml\/","url":"https:\/\/ink-tech.com\/product\/eco-sol-max-440ml\/","name":"Eco Solvent Max-440ML Compatible Cartridge &#8211; For Roland Printers","isPartOf":{"@id":"https:\/\/ink-tech.com\/#website"},"primaryImageOfPage":{"@id":"https:\/\/ink-tech.com\/product\/eco-sol-max-440ml\/#primaryimage"},"image":{"@id":"https:\/\/ink-tech.com\/product\/eco-sol-max-440ml\/#primaryimage"},"thumbnailUrl":"https:\/\/ink-tech.com\/wp-content\/uploads\/2021\/03\/WhatsApp-Image-2021-07-29-at-12.47.43.jpeg","datePublished":"2023-03-20T21:07:32+00:00","dateModified":"2025-11-12T20:09:00+00:00","description":"Eco solvent Digital Inks are designed specifically for use in Roland eco-solvent printers. Conveniently packaged in 440ml fully compatible cartridges.","breadcrumb":{"@id":"https:\/\/ink-tech.com\/product\/eco-sol-max-440ml\/#breadcrumb"},"inLanguage":"fr-CA","potentialAction":[{"@type":"ReadAction","target":["https:\/\/ink-tech.com\/product\/eco-sol-max-440ml\/"]}]},{"@type":"ImageObject","inLanguage":"fr-CA","@id":"https:\/\/ink-tech.com\/product\/eco-sol-max-440ml\/#primaryimage","url":"https:\/\/ink-tech.com\/wp-content\/uploads\/2021\/03\/WhatsApp-Image-2021-07-29-at-12.47.43.jpeg","contentUrl":"https:\/\/ink-tech.com\/wp-content\/uploads\/2021\/03\/WhatsApp-Image-2021-07-29-at-12.47.43.jpeg","width":600,"height":600,"caption":"Eco Sol Max All Colors"},{"@type":"BreadcrumbList","@id":"https:\/\/ink-tech.com\/product\/eco-sol-max-440ml\/#breadcrumb","itemListElement":[{"@type":"ListItem","position":1,"name":"Home","item":"https:\/\/ink-tech.com\/"},{"@type":"ListItem","position":2,"name":"Shop","item":"https:\/\/ink-tech.com\/shop\/"},{"@type":"ListItem","position":3,"name":"Eco Solvent Max-440ML Compatible Cartridge"}]},{"@type":"WebSite","@id":"https:\/\/ink-tech.com\/#website","url":"https:\/\/ink-tech.com\/","name":"Digi Ink Technology Montreal I Digi Ink Screen Printing Inks & Supplies","description":"Premium Quality Inks at Prices You\u2019ll Love!","publisher":{"@id":"https:\/\/ink-tech.com\/#organization"},"potentialAction":[{"@type":"SearchAction","target":{"@type":"EntryPoint","urlTemplate":"https:\/\/ink-tech.com\/?s={search_term_string}"},"query-input":{"@type":"PropertyValueSpecification","valueRequired":true,"valueName":"search_term_string"}}],"inLanguage":"fr-CA"},{"@type":"Organization","@id":"https:\/\/ink-tech.com\/#organization","name":"Digi Ink Technology For Screen Printing Inks & Supplies","alternateName":"Digi Ink Technology For Screen Printing Inks & Supplies","url":"https:\/\/ink-tech.com\/","logo":{"@type":"ImageObject","inLanguage":"fr-CA","@id":"https:\/\/ink-tech.com\/#\/schema\/logo\/image\/","url":"https:\/\/ink-tech.com\/wp-content\/uploads\/2024\/11\/Digi-Ink-Logo.png","contentUrl":"https:\/\/ink-tech.com\/wp-content\/uploads\/2024\/11\/Digi-Ink-Logo.png","width":169,"height":74,"caption":"Digi Ink Technology For Screen Printing Inks & Supplies"},"image":{"@id":"https:\/\/ink-tech.com\/#\/schema\/logo\/image\/"},"sameAs":["https:\/\/www.pinterest.ca\/inktechmontreal"]}]}},"_links":{"self":[{"href":"https:\/\/ink-tech.com\/fr\/wp-json\/wp\/v2\/product\/113","targetHints":{"allow":["GET"]}}],"collection":[{"href":"https:\/\/ink-tech.com\/fr\/wp-json\/wp\/v2\/product"}],"about":[{"href":"https:\/\/ink-tech.com\/fr\/wp-json\/wp\/v2\/types\/product"}],"replies":[{"embeddable":true,"href":"https:\/\/ink-tech.com\/fr\/wp-json\/wp\/v2\/comments?post=113"}],"wp:featuredmedia":[{"embeddable":true,"href":"https:\/\/ink-tech.com\/fr\/wp-json\/wp\/v2\/media\/2086"}],"wp:attachment":[{"href":"https:\/\/ink-tech.com\/fr\/wp-json\/wp\/v2\/media?parent=113"}],"wp:term":[{"taxonomy":"store","embeddable":true,"href":"https:\/\/ink-tech.com\/fr\/wp-json\/wp\/v2\/store?post=113"},{"taxonomy":"product_brand","embeddable":true,"href":"https:\/\/ink-tech.com\/fr\/wp-json\/wp\/v2\/product_brand?post=113"},{"taxonomy":"product_cat","embeddable":true,"href":"https:\/\/ink-tech.com\/fr\/wp-json\/wp\/v2\/product_cat?post=113"},{"taxonomy":"product_tag","embeddable":true,"href":"https:\/\/ink-tech.com\/fr\/wp-json\/wp\/v2\/product_tag?post=113"}],"curies":[{"name":"wp","href":"https:\/\/api.w.org\/{rel}","templated":true}]}}