{"id":1368,"date":"2019-07-19T13:26:04","date_gmt":"2019-07-19T13:26:04","guid":{"rendered":"http:\/\/recart.wpsoul.com\/?page_id=1368"},"modified":"2019-07-19T13:26:04","modified_gmt":"2019-07-19T13:26:04","slug":"colored-blog-card-grid","status":"publish","type":"page","link":"https:\/\/ink-tech.com\/en\/colored-blog-card-grid\/","title":{"rendered":"Colored Blog Card grid"},"content":{"rendered":"\t\t<div data-elementor-type=\"wp-post\" data-elementor-id=\"1368\" class=\"elementor elementor-1368\" data-elementor-post-type=\"page\">\n\t\t\t\t\t\t<section class=\"elementor-section elementor-top-section elementor-element elementor-element-3896e62 elementor-section-boxed elementor-section-height-default elementor-section-height-default\" data-id=\"3896e62\" data-element_type=\"section\" data-e-type=\"section\">\n\t\t\t\t\t\t<div class=\"elementor-container elementor-column-gap-default\">\n\t\t\t\t\t<div class=\"elementor-column elementor-col-100 elementor-top-column elementor-element elementor-element-d3ccd72\" data-id=\"d3ccd72\" data-element_type=\"column\" data-e-type=\"column\">\n\t\t\t<div class=\"elementor-widget-wrap elementor-element-populated\">\n\t\t\t\t\t\t<div class=\"elementor-element elementor-element-3216bfb elementor-widget elementor-widget-colored_grid_loop\" data-id=\"3216bfb\" data-element_type=\"widget\" data-e-type=\"widget\" data-widget_type=\"colored_grid_loop.default\">\n\t\t\t\t<div class=\"elementor-widget-container\">\n\t\t\t\t\t\t\r\n\t   \r\n\t\t<div class=\"coloredgrid pt5 rh-flex-eq-height  col_wrap_three\" data-filterargs='{\"post_type\":\"post\",\"posts_per_page\":6,\"order\":\"\",\"no_found_rows\":1,\"ignore_sticky_posts\":1}' data-template=\"color_grid\" id=\"rh_colorgrid_1676495839\" data-innerargs='{\"columns\":\"3_col\",\"enableimage\":\"\"}'>                    \r\n\t\t\r\n\t\t\t\t\t  \r\n<div class=\"flowhidden col_item rh-shadow3 rehub-sec-smooth rh-hover-up whitebg rh-main-bg-hover csstransall position-relative rh-hovered-wrap\">\r\n<a class=\"abdfullwidth zind2\" href=\"https:\/\/ink-tech.com\/en\/screen-printing\/the-essential-role-of-automation-in-screen-printing-todays-industry\/\" title=\"The Essential Role of Automation in Screen Printing Todays Industry\"><\/a>\r\n<div class=\"rh-borderinside rh-hovered-scale pointernone\"><\/div>\r\n<div class=\"padd20 position-relative zind1\">\r\n    <div class=\"pt10 pr20 pl20 pb10\">\r\n        <div class=\"mt0 mb10 font70 colorgridtext upper-text-trans rehub-main-color whitehovered catforcgrid\">Screen Printing<\/div>\r\n        <h3 class=\"mb30 mt0 font120 lineheight20 colorgridtitle whitehovered\">The Essential Role of Automation in Screen Printing Todays Industry<\/h3>\r\n        <div class=\"mb15 font90 colorgridtext greycolor whitehovered  excerptforcgrid\">                                 \r\n            Explore how automation is revolutionizing screen printing by boosting efficiency, ...                       \r\n        <\/div>\r\n        <i class=\"rhicon rhi-arrow-right rehub-main-color whitehovered font130 csstranstrans rh-hovered-rotate position-relative\"><\/i>\r\n    <\/div>                                     \r\n<\/div>\r\n<\/div>\t\t\t\t\t  \r\n<div class=\"flowhidden col_item rh-shadow3 rehub-sec-smooth rh-hover-up whitebg rh-main-bg-hover csstransall position-relative rh-hovered-wrap\">\r\n<a class=\"abdfullwidth zind2\" href=\"https:\/\/ink-tech.com\/en\/screen-printing\/lencre-numerique-revolutionner-limpression-avec-innovation-et-durabilite\/\" title=\"L&#8217;encre num\u00e9rique : R\u00e9volutionner l&#8217;impression avec innovation et durabilit\u00e9\"><\/a>\r\n<div class=\"rh-borderinside rh-hovered-scale pointernone\"><\/div>\r\n<div class=\"padd20 position-relative zind1\">\r\n    <div class=\"pt10 pr20 pl20 pb10\">\r\n        <div class=\"mt0 mb10 font70 colorgridtext upper-text-trans rehub-main-color whitehovered catforcgrid\">Screen Printing<\/div>\r\n        <h3 class=\"mb30 mt0 font120 lineheight20 colorgridtitle whitehovered\">L&#8217;encre num\u00e9rique : R\u00e9volutionner l&#8217;impression avec innovation et durabilit\u00e9<\/h3>\r\n        <div class=\"mb15 font90 colorgridtext greycolor whitehovered  excerptforcgrid\">                                 \r\n            D\u00e9couvrez comment l'encre num\u00e9rique r\u00e9volutionne l'impression avec des solutions ...                       \r\n        <\/div>\r\n        <i class=\"rhicon rhi-arrow-right rehub-main-color whitehovered font130 csstranstrans rh-hovered-rotate position-relative\"><\/i>\r\n    <\/div>                                     \r\n<\/div>\r\n<\/div>\t\t\t\t\t  \r\n<div class=\"flowhidden col_item rh-shadow3 rehub-sec-smooth rh-hover-up whitebg rh-main-bg-hover csstransall position-relative rh-hovered-wrap\">\r\n<a class=\"abdfullwidth zind2\" href=\"https:\/\/ink-tech.com\/en\/screen-printing\/identifying-common-ink-defects-and-their-solutions\/\" title=\"Identifying Common Ink Defects and Their Solutions\"><\/a>\r\n<div class=\"rh-borderinside rh-hovered-scale pointernone\"><\/div>\r\n<div class=\"padd20 position-relative zind1\">\r\n    <div class=\"pt10 pr20 pl20 pb10\">\r\n        <div class=\"mt0 mb10 font70 colorgridtext upper-text-trans rehub-main-color whitehovered catforcgrid\">Screen Printing<\/div>\r\n        <h3 class=\"mb30 mt0 font120 lineheight20 colorgridtitle whitehovered\">Identifying Common Ink Defects and Their Solutions<\/h3>\r\n        <div class=\"mb15 font90 colorgridtext greycolor whitehovered  excerptforcgrid\">                                 \r\n            Discover the common screen printing ink defects, their causes, and effective solutions to ...                       \r\n        <\/div>\r\n        <i class=\"rhicon rhi-arrow-right rehub-main-color whitehovered font130 csstranstrans rh-hovered-rotate position-relative\"><\/i>\r\n    <\/div>                                     \r\n<\/div>\r\n<\/div>\t\t\t\t\t  \r\n<div class=\"flowhidden col_item rh-shadow3 rehub-sec-smooth rh-hover-up whitebg rh-main-bg-hover csstransall position-relative rh-hovered-wrap\">\r\n<a class=\"abdfullwidth zind2\" href=\"https:\/\/ink-tech.com\/en\/screen-printing\/choosing-the-right-t-shirt-printing-machine-for-your-small-business\/\" title=\"Choosing the Right T-Shirt Printing Machine for Your Small Business\"><\/a>\r\n<div class=\"rh-borderinside rh-hovered-scale pointernone\"><\/div>\r\n<div class=\"padd20 position-relative zind1\">\r\n    <div class=\"pt10 pr20 pl20 pb10\">\r\n        <div class=\"mt0 mb10 font70 colorgridtext upper-text-trans rehub-main-color whitehovered catforcgrid\">Screen Printing<\/div>\r\n        <h3 class=\"mb30 mt0 font120 lineheight20 colorgridtitle whitehovered\">Choosing the Right T-Shirt Printing Machine for Your Small Business<\/h3>\r\n        <div class=\"mb15 font90 colorgridtext greycolor whitehovered  excerptforcgrid\">                                 \r\n            Discover essential insights on choosing the right t-shirt printing machine to boost your ...                       \r\n        <\/div>\r\n        <i class=\"rhicon rhi-arrow-right rehub-main-color whitehovered font130 csstranstrans rh-hovered-rotate position-relative\"><\/i>\r\n    <\/div>                                     \r\n<\/div>\r\n<\/div>\t\t\t\t\t  \r\n<div class=\"flowhidden col_item rh-shadow3 rehub-sec-smooth rh-hover-up whitebg rh-main-bg-hover csstransall position-relative rh-hovered-wrap\">\r\n<a class=\"abdfullwidth zind2\" href=\"https:\/\/ink-tech.com\/en\/screen-printing\/what-is-the-cheapest-method-of-t-shirt-printing\/\" title=\"What is the cheapest method of t-shirt printing?\"><\/a>\r\n<div class=\"rh-borderinside rh-hovered-scale pointernone\"><\/div>\r\n<div class=\"padd20 position-relative zind1\">\r\n    <div class=\"pt10 pr20 pl20 pb10\">\r\n        <div class=\"mt0 mb10 font70 colorgridtext upper-text-trans rehub-main-color whitehovered catforcgrid\">Screen Printing<\/div>\r\n        <h3 class=\"mb30 mt0 font120 lineheight20 colorgridtitle whitehovered\">What is the cheapest method of t-shirt printing?<\/h3>\r\n        <div class=\"mb15 font90 colorgridtext greycolor whitehovered  excerptforcgrid\">                                 \r\n            Finding a way to make\u00a0custom t-shirts\u00a0without spending too much is key. With more people ...                       \r\n        <\/div>\r\n        <i class=\"rhicon rhi-arrow-right rehub-main-color whitehovered font130 csstranstrans rh-hovered-rotate position-relative\"><\/i>\r\n    <\/div>                                     \r\n<\/div>\r\n<\/div>\t\t\t\t\t  \r\n<div class=\"flowhidden col_item rh-shadow3 rehub-sec-smooth rh-hover-up whitebg rh-main-bg-hover csstransall position-relative rh-hovered-wrap\">\r\n<a class=\"abdfullwidth zind2\" href=\"https:\/\/ink-tech.com\/en\/screen-printing\/mixing-made-easy-with-screen-printing-ink-systems\/\" title=\"Mixing MADE EASY with Screen Printing Ink Systems!\"><\/a>\r\n<div class=\"rh-borderinside rh-hovered-scale pointernone\"><\/div>\r\n<div class=\"padd20 position-relative zind1\">\r\n    <div class=\"pt10 pr20 pl20 pb10\">\r\n        <div class=\"mt0 mb10 font70 colorgridtext upper-text-trans rehub-main-color whitehovered catforcgrid\">Screen Printing<\/div>\r\n        <h3 class=\"mb30 mt0 font120 lineheight20 colorgridtitle whitehovered\">Mixing MADE EASY with Screen Printing Ink Systems!<\/h3>\r\n        <div class=\"mb15 font90 colorgridtext greycolor whitehovered  excerptforcgrid\">                                 \r\n            In the world of screen printing, achieving the perfect print depends on a variety of ...                       \r\n        <\/div>\r\n        <i class=\"rhicon rhi-arrow-right rehub-main-color whitehovered font130 csstranstrans rh-hovered-rotate position-relative\"><\/i>\r\n    <\/div>                                     \r\n<\/div>\r\n<\/div>\t\t\r\n\t\t\r\n\t<\/div>\r\n\t<div class=\"clearfix\"><\/div>\r\n\t\r\n\t\t\t\t<\/div>\n\t\t\t\t<\/div>\n\t\t\t\t\t<\/div>\n\t\t<\/div>\n\t\t\t\t\t<\/div>\n\t\t<\/section>\n\t\t\t\t<\/div>\n\t\t","protected":false},"excerpt":{"rendered":"<p>Coupons and deals Coupon for LG phones give 10% Every hour, one lucky customer will get 100% cashback on Delhi metro card &#8230; Reviews Sticky AutoContents Panel This is &#8220;Offer and Review Score&#8221; Post Layout. You can also add sticky contents panel &#8230; Reviews Scorebox in sidebar This is example of scorebox shortcode in widget. [&hellip;]<\/p>\n","protected":false},"author":1,"featured_media":0,"parent":0,"menu_order":0,"comment_status":"closed","ping_status":"closed","template":"","meta":{"footnotes":""},"class_list":["post-1368","page","type-page","status-publish","hentry"],"yoast_head":"<!-- This site is optimized with the Yoast SEO Premium plugin v23.4 (Yoast SEO v27.5) - https:\/\/yoast.com\/product\/yoast-seo-premium-wordpress\/ -->\n<title>Colored Blog Card grid<\/title>\n<meta name=\"robots\" content=\"index, follow, max-snippet:-1, max-image-preview:large, max-video-preview:-1\" \/>\n<link rel=\"canonical\" href=\"https:\/\/ink-tech.com\/en\/colored-blog-card-grid\/\" \/>\n<meta property=\"og:locale\" content=\"en_US\" \/>\n<meta property=\"og:type\" content=\"article\" \/>\n<meta property=\"og:title\" content=\"Colored Blog Card grid\" \/>\n<meta property=\"og:description\" content=\"Coupons and deals Coupon for LG phones give 10% Every hour, one lucky customer will get 100% cashback on Delhi metro card &#8230; Reviews Sticky AutoContents Panel This is &#8220;Offer and Review Score&#8221; Post Layout. You can also add sticky contents panel &#8230; Reviews Scorebox in sidebar This is example of scorebox shortcode in widget. [&hellip;]\" \/>\n<meta property=\"og:url\" content=\"https:\/\/ink-tech.com\/en\/colored-blog-card-grid\/\" \/>\n<meta property=\"og:site_name\" content=\"Digi Ink Montreal I Screen Printing Inks &amp; Supplies\" \/>\n<meta name=\"twitter:card\" content=\"summary_large_image\" \/>\n<meta name=\"twitter:label1\" content=\"Est. reading time\" \/>\n\t<meta name=\"twitter:data1\" content=\"1 minute\" \/>\n<script type=\"application\/ld+json\" class=\"yoast-schema-graph\">{\"@context\":\"https:\\\/\\\/schema.org\",\"@graph\":[{\"@type\":\"WebPage\",\"@id\":\"https:\\\/\\\/ink-tech.com\\\/colored-blog-card-grid\\\/\",\"url\":\"https:\\\/\\\/ink-tech.com\\\/colored-blog-card-grid\\\/\",\"name\":\"Colored Blog Card grid\",\"isPartOf\":{\"@id\":\"https:\\\/\\\/ink-tech.com\\\/#website\"},\"datePublished\":\"2019-07-19T13:26:04+00:00\",\"breadcrumb\":{\"@id\":\"https:\\\/\\\/ink-tech.com\\\/colored-blog-card-grid\\\/#breadcrumb\"},\"inLanguage\":\"en-US\",\"potentialAction\":[{\"@type\":\"ReadAction\",\"target\":[\"https:\\\/\\\/ink-tech.com\\\/colored-blog-card-grid\\\/\"]}]},{\"@type\":\"BreadcrumbList\",\"@id\":\"https:\\\/\\\/ink-tech.com\\\/colored-blog-card-grid\\\/#breadcrumb\",\"itemListElement\":[{\"@type\":\"ListItem\",\"position\":1,\"name\":\"Home\",\"item\":\"https:\\\/\\\/ink-tech.com\\\/\"},{\"@type\":\"ListItem\",\"position\":2,\"name\":\"Colored Blog Card grid\"}]},{\"@type\":\"WebSite\",\"@id\":\"https:\\\/\\\/ink-tech.com\\\/#website\",\"url\":\"https:\\\/\\\/ink-tech.com\\\/\",\"name\":\"Digi Ink Technology Montreal I Digi Ink Screen Printing Inks & Supplies\",\"description\":\"Premium Quality Inks at Prices You\u2019ll Love!\",\"publisher\":{\"@id\":\"https:\\\/\\\/ink-tech.com\\\/#organization\"},\"potentialAction\":[{\"@type\":\"SearchAction\",\"target\":{\"@type\":\"EntryPoint\",\"urlTemplate\":\"https:\\\/\\\/ink-tech.com\\\/?s={search_term_string}\"},\"query-input\":{\"@type\":\"PropertyValueSpecification\",\"valueRequired\":true,\"valueName\":\"search_term_string\"}}],\"inLanguage\":\"en-US\"},{\"@type\":\"Organization\",\"@id\":\"https:\\\/\\\/ink-tech.com\\\/#organization\",\"name\":\"Digi Ink Technology For Screen Printing Inks & Supplies\",\"alternateName\":\"Digi Ink Technology For Screen Printing Inks & Supplies\",\"url\":\"https:\\\/\\\/ink-tech.com\\\/\",\"logo\":{\"@type\":\"ImageObject\",\"inLanguage\":\"en-US\",\"@id\":\"https:\\\/\\\/ink-tech.com\\\/#\\\/schema\\\/logo\\\/image\\\/\",\"url\":\"https:\\\/\\\/ink-tech.com\\\/wp-content\\\/uploads\\\/2024\\\/11\\\/Digi-Ink-Logo.png\",\"contentUrl\":\"https:\\\/\\\/ink-tech.com\\\/wp-content\\\/uploads\\\/2024\\\/11\\\/Digi-Ink-Logo.png\",\"width\":169,\"height\":74,\"caption\":\"Digi Ink Technology For Screen Printing Inks & Supplies\"},\"image\":{\"@id\":\"https:\\\/\\\/ink-tech.com\\\/#\\\/schema\\\/logo\\\/image\\\/\"},\"sameAs\":[\"https:\\\/\\\/www.pinterest.ca\\\/inktechmontreal\"]}]}<\/script>\n<!-- \/ Yoast SEO Premium plugin. -->","yoast_head_json":{"title":"Colored Blog Card grid","robots":{"index":"index","follow":"follow","max-snippet":"max-snippet:-1","max-image-preview":"max-image-preview:large","max-video-preview":"max-video-preview:-1"},"canonical":"https:\/\/ink-tech.com\/en\/colored-blog-card-grid\/","og_locale":"en_US","og_type":"article","og_title":"Colored Blog Card grid","og_description":"Coupons and deals Coupon for LG phones give 10% Every hour, one lucky customer will get 100% cashback on Delhi metro card &#8230; Reviews Sticky AutoContents Panel This is &#8220;Offer and Review Score&#8221; Post Layout. You can also add sticky contents panel &#8230; Reviews Scorebox in sidebar This is example of scorebox shortcode in widget. [&hellip;]","og_url":"https:\/\/ink-tech.com\/en\/colored-blog-card-grid\/","og_site_name":"Digi Ink Montreal I Screen Printing Inks &amp; Supplies","twitter_card":"summary_large_image","twitter_misc":{"Est. reading time":"1 minute"},"schema":{"@context":"https:\/\/schema.org","@graph":[{"@type":"WebPage","@id":"https:\/\/ink-tech.com\/colored-blog-card-grid\/","url":"https:\/\/ink-tech.com\/colored-blog-card-grid\/","name":"Colored Blog Card grid","isPartOf":{"@id":"https:\/\/ink-tech.com\/#website"},"datePublished":"2019-07-19T13:26:04+00:00","breadcrumb":{"@id":"https:\/\/ink-tech.com\/colored-blog-card-grid\/#breadcrumb"},"inLanguage":"en-US","potentialAction":[{"@type":"ReadAction","target":["https:\/\/ink-tech.com\/colored-blog-card-grid\/"]}]},{"@type":"BreadcrumbList","@id":"https:\/\/ink-tech.com\/colored-blog-card-grid\/#breadcrumb","itemListElement":[{"@type":"ListItem","position":1,"name":"Home","item":"https:\/\/ink-tech.com\/"},{"@type":"ListItem","position":2,"name":"Colored Blog Card grid"}]},{"@type":"WebSite","@id":"https:\/\/ink-tech.com\/#website","url":"https:\/\/ink-tech.com\/","name":"Digi Ink Technology Montreal I Digi Ink Screen Printing Inks & Supplies","description":"Premium Quality Inks at Prices You\u2019ll Love!","publisher":{"@id":"https:\/\/ink-tech.com\/#organization"},"potentialAction":[{"@type":"SearchAction","target":{"@type":"EntryPoint","urlTemplate":"https:\/\/ink-tech.com\/?s={search_term_string}"},"query-input":{"@type":"PropertyValueSpecification","valueRequired":true,"valueName":"search_term_string"}}],"inLanguage":"en-US"},{"@type":"Organization","@id":"https:\/\/ink-tech.com\/#organization","name":"Digi Ink Technology For Screen Printing Inks & Supplies","alternateName":"Digi Ink Technology For Screen Printing Inks & Supplies","url":"https:\/\/ink-tech.com\/","logo":{"@type":"ImageObject","inLanguage":"en-US","@id":"https:\/\/ink-tech.com\/#\/schema\/logo\/image\/","url":"https:\/\/ink-tech.com\/wp-content\/uploads\/2024\/11\/Digi-Ink-Logo.png","contentUrl":"https:\/\/ink-tech.com\/wp-content\/uploads\/2024\/11\/Digi-Ink-Logo.png","width":169,"height":74,"caption":"Digi Ink Technology For Screen Printing Inks & Supplies"},"image":{"@id":"https:\/\/ink-tech.com\/#\/schema\/logo\/image\/"},"sameAs":["https:\/\/www.pinterest.ca\/inktechmontreal"]}]}},"_links":{"self":[{"href":"https:\/\/ink-tech.com\/en\/wp-json\/wp\/v2\/pages\/1368","targetHints":{"allow":["GET"]}}],"collection":[{"href":"https:\/\/ink-tech.com\/en\/wp-json\/wp\/v2\/pages"}],"about":[{"href":"https:\/\/ink-tech.com\/en\/wp-json\/wp\/v2\/types\/page"}],"author":[{"embeddable":true,"href":"https:\/\/ink-tech.com\/en\/wp-json\/wp\/v2\/users\/1"}],"replies":[{"embeddable":true,"href":"https:\/\/ink-tech.com\/en\/wp-json\/wp\/v2\/comments?post=1368"}],"version-history":[{"count":0,"href":"https:\/\/ink-tech.com\/en\/wp-json\/wp\/v2\/pages\/1368\/revisions"}],"wp:attachment":[{"href":"https:\/\/ink-tech.com\/en\/wp-json\/wp\/v2\/media?parent=1368"}],"curies":[{"name":"wp","href":"https:\/\/api.w.org\/{rel}","templated":true}]}}